{"id":942,"date":"2023-05-05T08:56:01","date_gmt":"2023-05-05T08:56:01","guid":{"rendered":"http:\/\/palaciosalort.com\/interni\/"},"modified":"2023-06-12T08:58:29","modified_gmt":"2023-06-12T08:58:29","slug":"interni","status":"publish","type":"page","link":"https:\/\/palaciosalort.com\/it\/interni\/","title":{"rendered":"Interni"},"content":{"rendered":"\t\t<div data-elementor-type=\"wp-page\" data-elementor-id=\"942\" class=\"elementor elementor-942 elementor-243\" data-elementor-post-type=\"page\">\n\t\t\t\t<div class=\"elementor-element elementor-element-dcbc4c3 e-con-full e-flex e-con e-parent\" data-id=\"dcbc4c3\" data-element_type=\"container\" data-e-type=\"container\" data-settings=\"{&quot;background_background&quot;:&quot;classic&quot;}\">\n\t\t<div class=\"elementor-element elementor-element-59a3698 e-flex e-con-boxed e-con e-parent\" data-id=\"59a3698\" data-element_type=\"container\" data-e-type=\"container\">\n\t\t\t\t\t<div class=\"e-con-inner\">\n\t\t\t\t<div class=\"elementor-element elementor-element-4294b2f elementor-widget elementor-widget-heading\" data-id=\"4294b2f\" data-element_type=\"widget\" data-e-type=\"widget\" data-widget_type=\"heading.default\">\n\t\t\t\t<div class=\"elementor-widget-container\">\n\t\t\t\t\t<h2 class=\"elementor-heading-title elementor-size-default\">Interni<\/h2>\t\t\t\t<\/div>\n\t\t\t\t<\/div>\n\t\t\t\t\t<\/div>\n\t\t\t\t<\/div>\n\t\t\t\t<\/div>\n\t\t<div class=\"elementor-element elementor-element-4c1f9dd e-flex e-con-boxed e-con e-parent\" data-id=\"4c1f9dd\" data-element_type=\"container\" data-e-type=\"container\" data-settings=\"{&quot;background_background&quot;:&quot;classic&quot;}\">\n\t\t\t\t\t<div class=\"e-con-inner\">\n\t\t<div class=\"elementor-element elementor-element-0b04efe e-con-full e-flex e-con e-parent\" data-id=\"0b04efe\" data-element_type=\"container\" data-e-type=\"container\">\n\t\t<div class=\"elementor-element elementor-element-4d3b9d7 e-flex e-con-boxed e-con e-parent\" data-id=\"4d3b9d7\" data-element_type=\"container\" data-e-type=\"container\" data-settings=\"{&quot;background_background&quot;:&quot;classic&quot;}\">\n\t\t\t\t\t<div class=\"e-con-inner\">\n\t\t\t\t<div class=\"elementor-element elementor-element-55ef205 elementor-widget elementor-widget-text-editor\" data-id=\"55ef205\" data-element_type=\"widget\" data-e-type=\"widget\" data-widget_type=\"text-editor.default\">\n\t\t\t\t<div class=\"elementor-widget-container\">\n\t\t\t\t\t\t\t\t\t<p><iframe width=\"100%\" height=\"340\" frameborder=\"0\" allow=\"xr-spatial-tracking; gyroscope; accelerometer\" allowfullscreen=\"\" scrolling=\"no\" src=\"https:\/\/kuula.co\/share\/5LZjv?logo=1&amp;info=1&amp;fs=1&amp;vr=0&amp;zoom=1&amp;autorotate=0.14&amp;thumbs=1&amp;inst=es\"><\/iframe><\/p>\n\t\t\t\t\t\t\t\t<\/div>\n\t\t\t\t<\/div>\n\t\t\t\t\t<\/div>\n\t\t\t\t<\/div>\n\t\t\t\t<\/div>\n\t\t<div class=\"elementor-element elementor-element-8b80776 e-con-full e-flex elementor-invisible e-con e-parent\" data-id=\"8b80776\" data-element_type=\"container\" data-e-type=\"container\" data-settings=\"{&quot;animation&quot;:&quot;fadeInUp&quot;,&quot;animation_delay&quot;:200}\">\n\t\t\t\t<div class=\"elementor-element elementor-element-c1128e0 elementor-widget elementor-widget-text-editor\" data-id=\"c1128e0\" data-element_type=\"widget\" data-e-type=\"widget\" data-widget_type=\"text-editor.default\">\n\t\t\t\t<div class=\"elementor-widget-container\">\n\t\t\t\t\t\t\t\t\t<p>SPAZIOSO E LUMINOSO<\/p>\n\t\t\t\t\t\t\t\t<\/div>\n\t\t\t\t<\/div>\n\t\t\t\t<div class=\"elementor-element elementor-element-c3164aa elementor-widget elementor-widget-heading\" data-id=\"c3164aa\" data-element_type=\"widget\" data-e-type=\"widget\" data-widget_type=\"heading.default\">\n\t\t\t\t<div class=\"elementor-widget-container\">\n\t\t\t\t\t<h2 class=\"elementor-heading-title elementor-size-default\">Salone dei specchi<\/h2>\t\t\t\t<\/div>\n\t\t\t\t<\/div>\n\t\t\t\t<div class=\"elementor-element elementor-element-adfdfaa elementor-widget elementor-widget-text-editor\" data-id=\"adfdfaa\" data-element_type=\"widget\" data-e-type=\"widget\" data-widget_type=\"text-editor.default\">\n\t\t\t\t<div class=\"elementor-widget-container\">\n\t\t\t\t\t\t\t\t\t<div class=\"page\" title=\"Page 15\">\n<div class=\"layoutArea\">\n<div class=\"column\">\n<p>Questa sala che comunica con la galleria che da alla Piazza del Borne, ha questo nome per le dodici cornucopie Luigi XVI, osserviamo che ciascuna ha di fornte una coppia di candele, la cui funzione \u00e8 riflettere la sua luce, dando pi\u00f9 luminosit\u00e0 alla sala.<\/p>\n<p>Le console situate a ambi lati del Salone sono di stile Luigi XV e XVI; i grandi specchi che sono sopra le console sono di stile Luigi XVI. Tanto le selle per donne come i canap\u00e9 sono di stile Luigi XV, tutti dorate e tappezzati in tocca, oro e &#8220;rez&#8221;.<\/p>\n<\/div>\n<\/div>\n<\/div>\n\t\t\t\t\t\t\t\t<\/div>\n\t\t\t\t<\/div>\n\t\t\t\t<\/div>\n\t\t\t\t\t<\/div>\n\t\t\t\t<\/div>\n\t\t<div class=\"elementor-element elementor-element-587bb39 e-flex e-con-boxed e-con e-parent\" data-id=\"587bb39\" data-element_type=\"container\" data-e-type=\"container\" data-settings=\"{&quot;background_background&quot;:&quot;classic&quot;}\">\n\t\t\t\t\t<div class=\"e-con-inner\">\n\t\t<div class=\"elementor-element elementor-element-d8be2f5 e-con-full e-flex elementor-invisible e-con e-parent\" data-id=\"d8be2f5\" data-element_type=\"container\" data-e-type=\"container\" data-settings=\"{&quot;animation&quot;:&quot;fadeInUp&quot;,&quot;animation_delay&quot;:200}\">\n\t\t\t\t<div class=\"elementor-element elementor-element-464de78 elementor-widget elementor-widget-text-editor\" data-id=\"464de78\" data-element_type=\"widget\" data-e-type=\"widget\" data-widget_type=\"text-editor.default\">\n\t\t\t\t<div class=\"elementor-widget-container\">\n\t\t\t\t\t\t\t\t\t<p>GRANDE E COMODO<\/p>\n\t\t\t\t\t\t\t\t<\/div>\n\t\t\t\t<\/div>\n\t\t\t\t<div class=\"elementor-element elementor-element-0b60432 elementor-widget elementor-widget-heading\" data-id=\"0b60432\" data-element_type=\"widget\" data-e-type=\"widget\" data-widget_type=\"heading.default\">\n\t\t\t\t<div class=\"elementor-widget-container\">\n\t\t\t\t\t<h2 class=\"elementor-heading-title elementor-size-default\">Sala da prazno<\/h2>\t\t\t\t<\/div>\n\t\t\t\t<\/div>\n\t\t\t\t<div class=\"elementor-element elementor-element-e4ab395 elementor-widget elementor-widget-text-editor\" data-id=\"e4ab395\" data-element_type=\"widget\" data-e-type=\"widget\" data-widget_type=\"text-editor.default\">\n\t\t\t\t<div class=\"elementor-widget-container\">\n\t\t\t\t\t\t\t\t\t<div class=\"page\" title=\"Page 2\">\n<div class=\"layoutArea\">\n<div class=\"column\">\n<p>In questa sala troviamo una tavola in mogano di stile isabellino.<\/p>\n<p>Le pareti sono decorate per undici quadri d \u0301incisioni e alla finale della sala ha due sedie a dondolo in mogano e un apparato di radio di principio di secolo.<\/p>\n<\/div>\n<\/div>\n<\/div>\n\t\t\t\t\t\t\t\t<\/div>\n\t\t\t\t<\/div>\n\t\t\t\t<\/div>\n\t\t<div class=\"elementor-element elementor-element-c2cbbc5 e-con-full e-flex e-con e-parent\" data-id=\"c2cbbc5\" data-element_type=\"container\" data-e-type=\"container\">\n\t\t<div class=\"elementor-element elementor-element-9657a96 e-flex e-con-boxed e-con e-parent\" data-id=\"9657a96\" data-element_type=\"container\" data-e-type=\"container\">\n\t\t\t\t\t<div class=\"e-con-inner\">\n\t\t\t\t<div class=\"elementor-element elementor-element-78e0011 elementor-widget elementor-widget-text-editor\" data-id=\"78e0011\" data-element_type=\"widget\" data-e-type=\"widget\" data-widget_type=\"text-editor.default\">\n\t\t\t\t<div class=\"elementor-widget-container\">\n\t\t\t\t\t\t\t\t\t<p><iframe width=\"100%\" height=\"340\" frameborder=\"0\" allow=\"xr-spatial-tracking; gyroscope; accelerometer\" allowfullscreen=\"\" scrolling=\"no\" src=\"https:\/\/kuula.co\/share\/5LZxL?logo=1&amp;info=1&amp;fs=1&amp;vr=0&amp;zoom=1&amp;autorotate=0.14&amp;thumbs=1&amp;inst=es\"><\/iframe><\/p>\n\t\t\t\t\t\t\t\t<\/div>\n\t\t\t\t<\/div>\n\t\t\t\t\t<\/div>\n\t\t\t\t<\/div>\n\t\t\t\t<\/div>\n\t\t\t\t\t<\/div>\n\t\t\t\t<\/div>\n\t\t<div class=\"elementor-element elementor-element-4e05a73 e-flex e-con-boxed e-con e-parent\" data-id=\"4e05a73\" data-element_type=\"container\" data-e-type=\"container\" data-settings=\"{&quot;background_background&quot;:&quot;classic&quot;}\">\n\t\t\t\t\t<div class=\"e-con-inner\">\n\t\t\t\t<div class=\"elementor-element elementor-element-c7bf431 elementor-widget elementor-widget-image\" data-id=\"c7bf431\" data-element_type=\"widget\" data-e-type=\"widget\" data-widget_type=\"image.default\">\n\t\t\t\t<div class=\"elementor-widget-container\">\n\t\t\t\t\t\t\t\t\t\t\t\t\t\t\t<img decoding=\"async\" width=\"800\" height=\"20\" src=\"https:\/\/palaciosalort.com\/wp-content\/uploads\/2023\/05\/Diseno-sin-titulo-3-1024x26.png\" class=\"attachment-large size-large wp-image-858\" alt=\"\" srcset=\"https:\/\/palaciosalort.com\/wp-content\/uploads\/2023\/05\/Diseno-sin-titulo-3-1024x26.png 1024w, https:\/\/palaciosalort.com\/wp-content\/uploads\/2023\/05\/Diseno-sin-titulo-3-600x15.png 600w, https:\/\/palaciosalort.com\/wp-content\/uploads\/2023\/05\/Diseno-sin-titulo-3-300x8.png 300w, https:\/\/palaciosalort.com\/wp-content\/uploads\/2023\/05\/Diseno-sin-titulo-3-768x19.png 768w, https:\/\/palaciosalort.com\/wp-content\/uploads\/2023\/05\/Diseno-sin-titulo-3-1536x38.png 1536w, https:\/\/palaciosalort.com\/wp-content\/uploads\/2023\/05\/Diseno-sin-titulo-3.png 2000w\" sizes=\"(max-width: 800px) 100vw, 800px\" \/>\t\t\t\t\t\t\t\t\t\t\t\t\t\t\t<\/div>\n\t\t\t\t<\/div>\n\t\t\t\t\t<\/div>\n\t\t\t\t<\/div>\n\t\t<div class=\"elementor-element elementor-element-afc001a e-flex e-con-boxed e-con e-parent\" data-id=\"afc001a\" data-element_type=\"container\" data-e-type=\"container\" data-settings=\"{&quot;background_background&quot;:&quot;classic&quot;}\">\n\t\t\t\t\t<div class=\"e-con-inner\">\n\t\t<div class=\"elementor-element elementor-element-f1b91f5 e-con-full e-flex e-con e-parent\" data-id=\"f1b91f5\" data-element_type=\"container\" data-e-type=\"container\">\n\t\t\t\t<div class=\"elementor-element elementor-element-0f34a52 elementor-widget elementor-widget-text-editor\" data-id=\"0f34a52\" data-element_type=\"widget\" data-e-type=\"widget\" data-widget_type=\"text-editor.default\">\n\t\t\t\t<div class=\"elementor-widget-container\">\n\t\t\t\t\t\t\t\t\t<p><iframe width=\"100%\" height=\"340\" frameborder=\"0\" allow=\"xr-spatial-tracking; gyroscope; accelerometer\" allowfullscreen=\"\" scrolling=\"no\" src=\"https:\/\/kuula.co\/share\/5LZwB?logo=1&amp;info=1&amp;fs=1&amp;vr=0&amp;zoom=1&amp;autorotate=0.14&amp;thumbs=1&amp;inst=es\"><\/iframe><\/p>\n\t\t\t\t\t\t\t\t<\/div>\n\t\t\t\t<\/div>\n\t\t\t\t<\/div>\n\t\t<div class=\"elementor-element elementor-element-3407acc e-con-full e-flex elementor-invisible e-con e-parent\" data-id=\"3407acc\" data-element_type=\"container\" data-e-type=\"container\" data-settings=\"{&quot;animation&quot;:&quot;fadeInUp&quot;,&quot;animation_delay&quot;:200}\">\n\t\t\t\t<div class=\"elementor-element elementor-element-754f2ee elementor-widget elementor-widget-text-editor\" data-id=\"754f2ee\" data-element_type=\"widget\" data-e-type=\"widget\" data-widget_type=\"text-editor.default\">\n\t\t\t\t<div class=\"elementor-widget-container\">\n\t\t\t\t\t\t\t\t\t<p>ACCOGLIENTE E STORICO<\/p>\n\t\t\t\t\t\t\t\t<\/div>\n\t\t\t\t<\/div>\n\t\t\t\t<div class=\"elementor-element elementor-element-a3fc8cc elementor-widget elementor-widget-heading\" data-id=\"a3fc8cc\" data-element_type=\"widget\" data-e-type=\"widget\" data-widget_type=\"heading.default\">\n\t\t\t\t<div class=\"elementor-widget-container\">\n\t\t\t\t\t<h2 class=\"elementor-heading-title elementor-size-default\">Salone della ciminiera<\/h2>\t\t\t\t<\/div>\n\t\t\t\t<\/div>\n\t\t\t\t<div class=\"elementor-element elementor-element-b8c9a1f elementor-widget elementor-widget-text-editor\" data-id=\"b8c9a1f\" data-element_type=\"widget\" data-e-type=\"widget\" data-widget_type=\"text-editor.default\">\n\t\t\t\t<div class=\"elementor-widget-container\">\n\t\t\t\t\t\t\t\t\t<div class=\"page\" title=\"Page 11\">\n<div class=\"layoutArea\">\n<div class=\"column\">\n<p>Questo salone \u00e8 dedicato agli retrati, possiamo osservare dagli avi della attuale famiglia proprietaria del palazzo (tra li ha un retrato di Don Pedro Martorell y de Olives, il quali incaric\u00f2 la construzione del palazzo attuale) fino a un piccolo retrato del Ammiraglio Farragut, persona che era molto in relazione con la isola di Menorca. Fino al fondo alla diestra anche possiamo osservare una fotografia del \u0301attuale propietario del palazzo: Don Carlos de Salort y de Olives, abbigliato con il costume tipico di San Giovanni, festa molto radicata in Ciutadella.<\/p>\n<p>La scena del tetto rappresenta la Vittoria. Le sedie e il canap\u00e9 in legno di mogano sono di stile isabellino e tappezzate in damasco rosso.<\/p>\n<\/div>\n<\/div>\n<\/div>\n\t\t\t\t\t\t\t\t<\/div>\n\t\t\t\t<\/div>\n\t\t\t\t<\/div>\n\t\t\t\t\t<\/div>\n\t\t\t\t<\/div>\n\t\t<div class=\"elementor-element elementor-element-47f3b50 e-flex e-con-boxed e-con e-parent\" data-id=\"47f3b50\" data-element_type=\"container\" data-e-type=\"container\" data-settings=\"{&quot;background_background&quot;:&quot;classic&quot;}\">\n\t\t\t\t\t<div class=\"e-con-inner\">\n\t\t\t\t\t<\/div>\n\t\t\t\t<\/div>\n\t\t<div class=\"elementor-element elementor-element-4861623 e-flex e-con-boxed e-con e-parent\" data-id=\"4861623\" data-element_type=\"container\" data-e-type=\"container\" data-settings=\"{&quot;background_background&quot;:&quot;classic&quot;}\">\n\t\t\t\t\t<div class=\"e-con-inner\">\n\t\t<div class=\"elementor-element elementor-element-b9b939f e-flex e-con-boxed e-con e-parent\" data-id=\"b9b939f\" data-element_type=\"container\" data-e-type=\"container\">\n\t\t\t\t\t<div class=\"e-con-inner\">\n\t\t\t\t<div class=\"elementor-element elementor-element-e17e5e2 elementor-widget elementor-widget-heading\" data-id=\"e17e5e2\" data-element_type=\"widget\" data-e-type=\"widget\" data-widget_type=\"heading.default\">\n\t\t\t\t<div class=\"elementor-widget-container\">\n\t\t\t\t\t<h2 class=\"elementor-heading-title elementor-size-default\">Viaggio attraverso i diversi dettagli del XVII secolo<\/h2>\t\t\t\t<\/div>\n\t\t\t\t<\/div>\n\t\t\t\t\t<\/div>\n\t\t\t\t<\/div>\n\t\t\t\t\t<\/div>\n\t\t\t\t<\/div>\n\t\t\t\t<\/div>\n\t\t","protected":false},"excerpt":{"rendered":"<p>Interni SPAZIOSO E LUMINOSO Salone dei specchi Questa sala che comunica con la galleria che da alla Piazza del Borne, ha questo nome per le dodici cornucopie Luigi XVI, osserviamo che ciascuna ha di fornte una coppia di candele, la cui funzione \u00e8 riflettere la sua luce, dando pi\u00f9 luminosit\u00e0 alla sala. Le console situate [&hellip;]<\/p>\n","protected":false},"author":1,"featured_media":0,"parent":0,"menu_order":0,"comment_status":"closed","ping_status":"closed","template":"","meta":{"footnotes":""},"class_list":["post-942","page","type-page","status-publish","hentry"],"yoast_head":"<!-- This site is optimized with the Yoast SEO plugin v27.2 - https:\/\/yoast.com\/product\/yoast-seo-wordpress\/ -->\n<title>Interni - Palau Salort<\/title>\n<meta name=\"robots\" content=\"index, follow, max-snippet:-1, max-image-preview:large, max-video-preview:-1\" \/>\n<link rel=\"canonical\" href=\"https:\/\/palaciosalort.com\/interiores\/\" \/>\n<meta property=\"og:locale\" content=\"it_IT\" \/>\n<meta property=\"og:type\" content=\"article\" \/>\n<meta property=\"og:title\" content=\"Interni - Palau Salort\" \/>\n<meta property=\"og:description\" content=\"Interni SPAZIOSO E LUMINOSO Salone dei specchi Questa sala che comunica con la galleria che da alla Piazza del Borne, ha questo nome per le dodici cornucopie Luigi XVI, osserviamo che ciascuna ha di fornte una coppia di candele, la cui funzione \u00e8 riflettere la sua luce, dando pi\u00f9 luminosit\u00e0 alla sala. Le console situate [&hellip;]\" \/>\n<meta property=\"og:url\" content=\"https:\/\/palaciosalort.com\/interiores\/\" \/>\n<meta property=\"og:site_name\" content=\"Palau Salort\" \/>\n<meta property=\"article:modified_time\" content=\"2023-06-12T08:58:29+00:00\" \/>\n<meta property=\"og:image\" content=\"http:\/\/palaciosalort.com\/wp-content\/uploads\/2023\/05\/Diseno-sin-titulo-3-1024x26.png\" \/>\n<meta name=\"twitter:card\" content=\"summary_large_image\" \/>\n<meta name=\"twitter:label1\" content=\"Tempo di lettura stimato\" \/>\n\t<meta name=\"twitter:data1\" content=\"1 minuto\" \/>\n<script type=\"application\/ld+json\" class=\"yoast-schema-graph\">{\"@context\":\"https:\/\/schema.org\",\"@graph\":[{\"@type\":\"WebPage\",\"@id\":\"https:\/\/palaciosalort.com\/interiores\/\",\"url\":\"https:\/\/palaciosalort.com\/interiores\/\",\"name\":\"Interni - Palau Salort\",\"isPartOf\":{\"@id\":\"https:\/\/palaciosalort.com\/#website\"},\"primaryImageOfPage\":{\"@id\":\"https:\/\/palaciosalort.com\/interiores\/#primaryimage\"},\"image\":{\"@id\":\"https:\/\/palaciosalort.com\/interiores\/#primaryimage\"},\"thumbnailUrl\":\"http:\/\/palaciosalort.com\/wp-content\/uploads\/2023\/05\/Diseno-sin-titulo-3-1024x26.png\",\"datePublished\":\"2023-05-05T08:56:01+00:00\",\"dateModified\":\"2023-06-12T08:58:29+00:00\",\"breadcrumb\":{\"@id\":\"https:\/\/palaciosalort.com\/interiores\/#breadcrumb\"},\"inLanguage\":\"it-IT\",\"potentialAction\":[{\"@type\":\"ReadAction\",\"target\":[\"https:\/\/palaciosalort.com\/interiores\/\"]}]},{\"@type\":\"ImageObject\",\"inLanguage\":\"it-IT\",\"@id\":\"https:\/\/palaciosalort.com\/interiores\/#primaryimage\",\"url\":\"http:\/\/palaciosalort.com\/wp-content\/uploads\/2023\/05\/Diseno-sin-titulo-3-1024x26.png\",\"contentUrl\":\"http:\/\/palaciosalort.com\/wp-content\/uploads\/2023\/05\/Diseno-sin-titulo-3-1024x26.png\"},{\"@type\":\"BreadcrumbList\",\"@id\":\"https:\/\/palaciosalort.com\/interiores\/#breadcrumb\",\"itemListElement\":[{\"@type\":\"ListItem\",\"position\":1,\"name\":\"Portada\",\"item\":\"https:\/\/palaciosalort.com\/\"},{\"@type\":\"ListItem\",\"position\":2,\"name\":\"Interni\"}]},{\"@type\":\"WebSite\",\"@id\":\"https:\/\/palaciosalort.com\/#website\",\"url\":\"https:\/\/palaciosalort.com\/\",\"name\":\"Palacio Salort\",\"description\":\"Disfruta de una gran experi\u00e9ncia en el Palau Salort\",\"publisher\":{\"@id\":\"https:\/\/palaciosalort.com\/#organization\"},\"potentialAction\":[{\"@type\":\"SearchAction\",\"target\":{\"@type\":\"EntryPoint\",\"urlTemplate\":\"https:\/\/palaciosalort.com\/?s={search_term_string}\"},\"query-input\":{\"@type\":\"PropertyValueSpecification\",\"valueRequired\":true,\"valueName\":\"search_term_string\"}}],\"inLanguage\":\"it-IT\"},{\"@type\":\"Organization\",\"@id\":\"https:\/\/palaciosalort.com\/#organization\",\"name\":\"Palacio Salort\",\"url\":\"https:\/\/palaciosalort.com\/\",\"logo\":{\"@type\":\"ImageObject\",\"inLanguage\":\"it-IT\",\"@id\":\"https:\/\/palaciosalort.com\/#\/schema\/logo\/image\/\",\"url\":\"https:\/\/palaciosalort.com\/wp-content\/uploads\/2023\/05\/Diseno-sin-titulo-7.jpg\",\"contentUrl\":\"https:\/\/palaciosalort.com\/wp-content\/uploads\/2023\/05\/Diseno-sin-titulo-7.jpg\",\"width\":40,\"height\":40,\"caption\":\"Palacio Salort\"},\"image\":{\"@id\":\"https:\/\/palaciosalort.com\/#\/schema\/logo\/image\/\"}}]}<\/script>\n<!-- \/ Yoast SEO plugin. -->","yoast_head_json":{"title":"Interni - Palau Salort","robots":{"index":"index","follow":"follow","max-snippet":"max-snippet:-1","max-image-preview":"max-image-preview:large","max-video-preview":"max-video-preview:-1"},"canonical":"https:\/\/palaciosalort.com\/interiores\/","og_locale":"it_IT","og_type":"article","og_title":"Interni - Palau Salort","og_description":"Interni SPAZIOSO E LUMINOSO Salone dei specchi Questa sala che comunica con la galleria che da alla Piazza del Borne, ha questo nome per le dodici cornucopie Luigi XVI, osserviamo che ciascuna ha di fornte una coppia di candele, la cui funzione \u00e8 riflettere la sua luce, dando pi\u00f9 luminosit\u00e0 alla sala. Le console situate [&hellip;]","og_url":"https:\/\/palaciosalort.com\/interiores\/","og_site_name":"Palau Salort","article_modified_time":"2023-06-12T08:58:29+00:00","og_image":[{"url":"http:\/\/palaciosalort.com\/wp-content\/uploads\/2023\/05\/Diseno-sin-titulo-3-1024x26.png","type":"","width":"","height":""}],"twitter_card":"summary_large_image","twitter_misc":{"Tempo di lettura stimato":"1 minuto"},"schema":{"@context":"https:\/\/schema.org","@graph":[{"@type":"WebPage","@id":"https:\/\/palaciosalort.com\/interiores\/","url":"https:\/\/palaciosalort.com\/interiores\/","name":"Interni - Palau Salort","isPartOf":{"@id":"https:\/\/palaciosalort.com\/#website"},"primaryImageOfPage":{"@id":"https:\/\/palaciosalort.com\/interiores\/#primaryimage"},"image":{"@id":"https:\/\/palaciosalort.com\/interiores\/#primaryimage"},"thumbnailUrl":"http:\/\/palaciosalort.com\/wp-content\/uploads\/2023\/05\/Diseno-sin-titulo-3-1024x26.png","datePublished":"2023-05-05T08:56:01+00:00","dateModified":"2023-06-12T08:58:29+00:00","breadcrumb":{"@id":"https:\/\/palaciosalort.com\/interiores\/#breadcrumb"},"inLanguage":"it-IT","potentialAction":[{"@type":"ReadAction","target":["https:\/\/palaciosalort.com\/interiores\/"]}]},{"@type":"ImageObject","inLanguage":"it-IT","@id":"https:\/\/palaciosalort.com\/interiores\/#primaryimage","url":"http:\/\/palaciosalort.com\/wp-content\/uploads\/2023\/05\/Diseno-sin-titulo-3-1024x26.png","contentUrl":"http:\/\/palaciosalort.com\/wp-content\/uploads\/2023\/05\/Diseno-sin-titulo-3-1024x26.png"},{"@type":"BreadcrumbList","@id":"https:\/\/palaciosalort.com\/interiores\/#breadcrumb","itemListElement":[{"@type":"ListItem","position":1,"name":"Portada","item":"https:\/\/palaciosalort.com\/"},{"@type":"ListItem","position":2,"name":"Interni"}]},{"@type":"WebSite","@id":"https:\/\/palaciosalort.com\/#website","url":"https:\/\/palaciosalort.com\/","name":"Palacio Salort","description":"Disfruta de una gran experi\u00e9ncia en el Palau Salort","publisher":{"@id":"https:\/\/palaciosalort.com\/#organization"},"potentialAction":[{"@type":"SearchAction","target":{"@type":"EntryPoint","urlTemplate":"https:\/\/palaciosalort.com\/?s={search_term_string}"},"query-input":{"@type":"PropertyValueSpecification","valueRequired":true,"valueName":"search_term_string"}}],"inLanguage":"it-IT"},{"@type":"Organization","@id":"https:\/\/palaciosalort.com\/#organization","name":"Palacio Salort","url":"https:\/\/palaciosalort.com\/","logo":{"@type":"ImageObject","inLanguage":"it-IT","@id":"https:\/\/palaciosalort.com\/#\/schema\/logo\/image\/","url":"https:\/\/palaciosalort.com\/wp-content\/uploads\/2023\/05\/Diseno-sin-titulo-7.jpg","contentUrl":"https:\/\/palaciosalort.com\/wp-content\/uploads\/2023\/05\/Diseno-sin-titulo-7.jpg","width":40,"height":40,"caption":"Palacio Salort"},"image":{"@id":"https:\/\/palaciosalort.com\/#\/schema\/logo\/image\/"}}]}},"_links":{"self":[{"href":"https:\/\/palaciosalort.com\/it\/wp-json\/wp\/v2\/pages\/942","targetHints":{"allow":["GET"]}}],"collection":[{"href":"https:\/\/palaciosalort.com\/it\/wp-json\/wp\/v2\/pages"}],"about":[{"href":"https:\/\/palaciosalort.com\/it\/wp-json\/wp\/v2\/types\/page"}],"author":[{"embeddable":true,"href":"https:\/\/palaciosalort.com\/it\/wp-json\/wp\/v2\/users\/1"}],"replies":[{"embeddable":true,"href":"https:\/\/palaciosalort.com\/it\/wp-json\/wp\/v2\/comments?post=942"}],"version-history":[{"count":6,"href":"https:\/\/palaciosalort.com\/it\/wp-json\/wp\/v2\/pages\/942\/revisions"}],"predecessor-version":[{"id":1243,"href":"https:\/\/palaciosalort.com\/it\/wp-json\/wp\/v2\/pages\/942\/revisions\/1243"}],"wp:attachment":[{"href":"https:\/\/palaciosalort.com\/it\/wp-json\/wp\/v2\/media?parent=942"}],"curies":[{"name":"wp","href":"https:\/\/api.w.org\/{rel}","templated":true}]}}