{"id":2659,"date":"2025-06-11T06:57:34","date_gmt":"2025-06-11T06:57:34","guid":{"rendered":"https:\/\/palaciosalort.com\/video-tomas-j-de-salort\/"},"modified":"2026-03-25T16:26:56","modified_gmt":"2026-03-25T16:26:56","slug":"video-tomas-j-de-salort","status":"publish","type":"page","link":"https:\/\/palaciosalort.com\/it\/video-tomas-j-de-salort\/","title":{"rendered":"V\u00eddeo Tom\u00e1s J. de Salort"},"content":{"rendered":"\t\t<div data-elementor-type=\"wp-page\" data-elementor-id=\"2659\" class=\"elementor elementor-2659 elementor-1973\" data-elementor-post-type=\"page\">\n\t\t\t\t<div class=\"elementor-element elementor-element-3015e73 e-flex e-con-boxed e-con e-parent\" data-id=\"3015e73\" data-element_type=\"container\" data-e-type=\"container\">\n\t\t\t\t\t<div class=\"e-con-inner\">\n\t\t\t\t<div class=\"elementor-element elementor-element-eea020a elementor-widget elementor-widget-video\" data-id=\"eea020a\" data-element_type=\"widget\" data-e-type=\"widget\" data-settings=\"{&quot;youtube_url&quot;:&quot;https:\\\/\\\/youtube.com\\\/shorts\\\/_qKn3P1OQkY&quot;,&quot;autoplay&quot;:&quot;yes&quot;,&quot;video_type&quot;:&quot;youtube&quot;,&quot;controls&quot;:&quot;yes&quot;}\" data-widget_type=\"video.default\">\n\t\t\t\t<div class=\"elementor-widget-container\">\n\t\t\t\t\t\t\t<div class=\"elementor-wrapper elementor-open-inline\">\n\t\t\t<div class=\"elementor-video\"><\/div>\t\t<\/div>\n\t\t\t\t\t\t<\/div>\n\t\t\t\t<\/div>\n\t\t\t\t\t<\/div>\n\t\t\t\t<\/div>\n\t\t<div class=\"elementor-element elementor-element-f9db187 e-flex e-con-boxed e-con e-parent\" data-id=\"f9db187\" data-element_type=\"container\" data-e-type=\"container\">\n\t\t\t\t\t<div class=\"e-con-inner\">\n\t\t<div class=\"elementor-element elementor-element-525b490 e-con-full e-flex e-con e-child\" data-id=\"525b490\" data-element_type=\"container\" data-e-type=\"container\">\n\t\t\t\t<div class=\"elementor-element elementor-element-8ee7e80 elementor-align-left elementor-mobile-align-left elementor-widget elementor-widget-button\" data-id=\"8ee7e80\" data-element_type=\"widget\" data-e-type=\"widget\" data-widget_type=\"button.default\">\n\t\t\t\t<div class=\"elementor-widget-container\">\n\t\t\t\t\t\t\t\t\t<div class=\"elementor-button-wrapper\">\n\t\t\t\t\t<a class=\"elementor-button elementor-button-link elementor-size-md\" href=\"#titulo\">\n\t\t\t\t\t\t<span class=\"elementor-button-content-wrapper\">\n\t\t\t\t\t\t<span class=\"elementor-button-icon\">\n\t\t\t\t<svg aria-hidden=\"true\" class=\"e-font-icon-svg e-fas-info-circle\" viewBox=\"0 0 512 512\" xmlns=\"http:\/\/www.w3.org\/2000\/svg\"><path d=\"M256 8C119.043 8 8 119.083 8 256c0 136.997 111.043 248 248 248s248-111.003 248-248C504 119.083 392.957 8 256 8zm0 110c23.196 0 42 18.804 42 42s-18.804 42-42 42-42-18.804-42-42 18.804-42 42-42zm56 254c0 6.627-5.373 12-12 12h-88c-6.627 0-12-5.373-12-12v-24c0-6.627 5.373-12 12-12h12v-64h-12c-6.627 0-12-5.373-12-12v-24c0-6.627 5.373-12 12-12h64c6.627 0 12 5.373 12 12v100h12c6.627 0 12 5.373 12 12v24z\"><\/path><\/svg>\t\t\t<\/span>\n\t\t\t\t\t\t\t\t<\/span>\n\t\t\t\t\t<\/a>\n\t\t\t\t<\/div>\n\t\t\t\t\t\t\t\t<\/div>\n\t\t\t\t<\/div>\n\t\t\t\t<div class=\"elementor-element elementor-element-a82158e elementor-widget elementor-widget-wpml-language-switcher\" data-id=\"a82158e\" data-element_type=\"widget\" data-e-type=\"widget\" data-widget_type=\"wpml-language-switcher.default\">\n\t\t\t\t<div class=\"elementor-widget-container\">\n\t\t\t\t\t<div class=\"wpml-elementor-ls\">\n<div role=\"navigation\" aria-label=\"Selettore lingua\" class=\"wpml-ls-statics-shortcode_actions wpml-ls wpml-ls-legacy-list-horizontal\">\n\t<ul><li class=\"wpml-ls-slot-shortcode_actions wpml-ls-item wpml-ls-item-en wpml-ls-first-item wpml-ls-item-legacy-list-horizontal\">\n\t\t\t\t<a href=\"http:\/\/palaciosalort.com\/en\/\" hreflang=\"en\" lang=\"en\" class=\"wpml-ls-link\" aria-label=\"Passa a Inglese\" title=\"Passa a Inglese\">\n\t\t\t\t\t                                    <img decoding=\"async\"\n            class=\"wpml-ls-flag\"\n            src=\"https:\/\/palaciosalort.com\/wp-content\/plugins\/sitepress-multilingual-cms\/res\/flags\/en.svg\"\n            alt=\"Inglese\"\n            loading=\"lazy\"\n            width=18\n            height=12\n    \/><\/a>\n\t\t\t<\/li><li class=\"wpml-ls-slot-shortcode_actions wpml-ls-item wpml-ls-item-fr wpml-ls-item-legacy-list-horizontal\">\n\t\t\t\t<a href=\"http:\/\/palaciosalort.com\/fr\/\" hreflang=\"fr\" lang=\"fr\" class=\"wpml-ls-link\" aria-label=\"Passa a Francese\" title=\"Passa a Francese\">\n\t\t\t\t\t                                    <img decoding=\"async\"\n            class=\"wpml-ls-flag\"\n            src=\"https:\/\/palaciosalort.com\/wp-content\/plugins\/sitepress-multilingual-cms\/res\/flags\/fr.svg\"\n            alt=\"Francese\"\n            loading=\"lazy\"\n            width=18\n            height=12\n    \/><\/a>\n\t\t\t<\/li><li class=\"wpml-ls-slot-shortcode_actions wpml-ls-item wpml-ls-item-de wpml-ls-item-legacy-list-horizontal\">\n\t\t\t\t<a href=\"http:\/\/palaciosalort.com\/de\/\" hreflang=\"de\" lang=\"de\" class=\"wpml-ls-link\" aria-label=\"Passa a Tedesco\" title=\"Passa a Tedesco\">\n\t\t\t\t\t                                    <img decoding=\"async\"\n            class=\"wpml-ls-flag\"\n            src=\"https:\/\/palaciosalort.com\/wp-content\/plugins\/sitepress-multilingual-cms\/res\/flags\/de.svg\"\n            alt=\"Tedesco\"\n            loading=\"lazy\"\n            width=18\n            height=12\n    \/><\/a>\n\t\t\t<\/li><li class=\"wpml-ls-slot-shortcode_actions wpml-ls-item wpml-ls-item-it wpml-ls-current-language wpml-ls-item-legacy-list-horizontal\">\n\t\t\t\t<a href=\"http:\/\/palaciosalort.com\/it\/\" hreflang=\"it\" lang=\"it\" class=\"wpml-ls-link\" aria-current=\"page\" aria-label=\"Passa a Italiano\" title=\"Passa a Italiano\">\n\t\t\t\t\t                                    <img decoding=\"async\"\n            class=\"wpml-ls-flag\"\n            src=\"https:\/\/palaciosalort.com\/wp-content\/plugins\/sitepress-multilingual-cms\/res\/flags\/it.svg\"\n            alt=\"Italiano\"\n            loading=\"lazy\"\n            width=18\n            height=12\n    \/><\/a>\n\t\t\t<\/li><li class=\"wpml-ls-slot-shortcode_actions wpml-ls-item wpml-ls-item-es wpml-ls-item-legacy-list-horizontal\">\n\t\t\t\t<a href=\"http:\/\/palaciosalort.com\/\" hreflang=\"es\" lang=\"es\" class=\"wpml-ls-link\" aria-label=\"Passa a Spagnolo\" title=\"Passa a Spagnolo\">\n\t\t\t\t\t                                    <img decoding=\"async\"\n            class=\"wpml-ls-flag\"\n            src=\"https:\/\/palaciosalort.com\/wp-content\/plugins\/sitepress-multilingual-cms\/res\/flags\/es.svg\"\n            alt=\"Spagnolo\"\n            loading=\"lazy\"\n            width=18\n            height=12\n    \/><\/a>\n\t\t\t<\/li><li class=\"wpml-ls-slot-shortcode_actions wpml-ls-item wpml-ls-item-ca wpml-ls-last-item wpml-ls-item-legacy-list-horizontal\">\n\t\t\t\t<a href=\"http:\/\/palaciosalort.com\/ca\/\" hreflang=\"ca\" lang=\"ca\" class=\"wpml-ls-link\" aria-label=\"Passa a Catalano\" title=\"Passa a Catalano\">\n\t\t\t\t\t                                    <img decoding=\"async\"\n            class=\"wpml-ls-flag\"\n            src=\"https:\/\/palaciosalort.com\/wp-content\/plugins\/sitepress-multilingual-cms\/res\/flags\/ca.svg\"\n            alt=\"Catalano\"\n            loading=\"lazy\"\n            width=18\n            height=12\n    \/><\/a>\n\t\t\t<\/li><\/ul>\n<\/div>\n<\/div>\t\t\t\t<\/div>\n\t\t\t\t<\/div>\n\t\t\t\t<\/div>\n\t\t\t\t<div class=\"elementor-element elementor-element-f766b4a elementor-widget elementor-widget-html\" data-id=\"f766b4a\" data-element_type=\"widget\" data-e-type=\"widget\" data-widget_type=\"html.default\">\n\t\t\t\t<div class=\"elementor-widget-container\">\n\t\t\t\t\t<script>document.addEventListener(\"DOMContentLoaded\", function () {\n    \/\/ Detectar idioma actual\n    const idioma = document.documentElement.lang.split('-')[0]; \/\/ \"es\", \"en\", \"fr\"...\n\n    \/\/ Buscar el bot\u00f3n\/enlace\n    const boton = document.getElementById(\"botonEntrar\");\n\n    if (boton) {\n        \/\/ Obtener href actual\n        let url = boton.getAttribute(\"href\") || \"\";\n\n        \/\/ A\u00f1adir ?lang=idioma (o &lang si ya hay par\u00e1metros)\n        if (url.includes(\"?\")) {\n            url += `&lang=${idioma}`;\n        } else {\n            url += `?lang=${idioma}`;\n        }\n\n        \/\/ Asignar el nuevo enlace\n        boton.setAttribute(\"href\", url);\n    }\n});\n<\/script>\t\t\t\t<\/div>\n\t\t\t\t<\/div>\n\t\t\t\t\t<\/div>\n\t\t\t\t<\/div>\n\t\t<div class=\"elementor-element elementor-element-7ffaf10 e-flex e-con-boxed e-con e-parent\" data-id=\"7ffaf10\" data-element_type=\"container\" data-e-type=\"container\" id=\"titulo\">\n\t\t\t\t\t<div class=\"e-con-inner\">\n\t\t\t\t<div class=\"elementor-element elementor-element-d4c7b3f elementor-widget elementor-widget-heading\" data-id=\"d4c7b3f\" data-element_type=\"widget\" data-e-type=\"widget\" data-widget_type=\"heading.default\">\n\t\t\t\t<div class=\"elementor-widget-container\">\n\t\t\t\t\t<h2 class=\"elementor-heading-title elementor-size-default\">Tom\u00e1s J. de Salort y Salort \n<\/h2>\t\t\t\t<\/div>\n\t\t\t\t<\/div>\n\t\t\t\t<div class=\"elementor-element elementor-element-8208766 elementor-widget elementor-widget-text-editor\" data-id=\"8208766\" data-element_type=\"widget\" data-e-type=\"widget\" data-widget_type=\"text-editor.default\">\n\t\t\t\t<div class=\"elementor-widget-container\">\n\t\t\t\t\t\t\t\t\t<p><span style=\"font-weight: 400;\">Tom\u00e1s J. de Salort y Salort (Ciutadella, 1832 \u2013 Ciutadella, 1901) fu un nobile e politico minorchino che ricopr\u00ec la carica di sindaco di Ciutadella negli anni 1867 e 1868. Il 13 febbraio 1873 spos\u00f2 Ignacia Martorell Squella, appartenente a due delle famiglie pi\u00f9 distinte dell\u2019aristocrazia minorchina. <\/span><\/p><p><span style=\"font-weight: 400;\">La presenza dei Salort a Minorca risale alla conquista del 1287, promossa da Alfonso III il Liberale, che pose fine a quattro secoli di dominio musulmano sull\u2019isola e ne determin\u00f2 l\u2019incorporazione alla Corona d\u2019Aragona. Bernat Salort, di Monfort, vi partecip\u00f2 come capitano nella flotta che salp\u00f2 da Salou per compiere questa azione bellica.  <\/span><\/p><p><span style=\"font-weight: 400;\">Nel 1864, Isabella II eman\u00f2 una patente reale che conferm\u00f2 l\u2019antico titolo nobiliare della casa Salort di Minorca, concedendo il titolo di cavaliere a Diego de Salort y de Salort, del ramo di Alaior, e a Tom\u00e1s J. de Salort y de Salort, di Ciutadella, che diede inizio alla partecipazione della famiglia come caixers senyors alle feste di Sant Joan. <\/span><\/p><p><span style=\"font-weight: 400;\">Tom\u00e1s J. de Salort y de Salort presiedette la celebrazione di <\/span> <i><span style=\"font-weight: 400;\">Sant Joan.<\/span><\/i> <span style=\"font-weight: 400;\">durante il biennio 1866-1867, essendo il primo membro della famiglia Salort ad assumere questa responsabilit\u00e0. L\u2019ultimo \u00e8 stato, durante il biennio 2024-2025, Carlos de Salort Pons, figlio dell\u2019ottavo conte di Torre Saura, Carlos de Salort Sintes, che fu caixer senyor nel biennio 1980-1981. <\/span><\/p><p> <\/p><h4><b>Sindacatura di Ciutadella (1867\u20131868)<\/b><\/h4><p><span style=\"font-weight: 400;\">Durante il mandato di Tom\u00e1s J. de Salort alla guida del Comune di Ciutadella, che coincise con gli ultimi anni del regno isabellino, si verificarono a Ciutadella diversi avvenimenti di rilievo.<\/span><\/p><p><span style=\"font-weight: 400;\">Nel dicembre del 1867, sotto la presidenza del sindaco Salort, Ciutadella accolse David G. Farragut (1801-1870), primo ammiraglio degli Stati Uniti, che ebbe un ruolo rilevante nella Guerra di Secessione americana. Era figlio di Jordi Farragut Mesquida, nato a Ciutadella nel 1755.  <\/span><\/p><p><span style=\"font-weight: 400;\">La corporazione municipale di Ciutadella, guidata da Tom\u00e1s J. de Salort, deliber\u00f2 di nominare l\u2019ammiraglio Farragut Figlio Adottivo della citt\u00e0 in riconoscimento della sua carriera e dei suoi successi militari. Una decisione che segna l\u2019inizio del rapporto di Ciutadella con la Navy League e la celebrazione del  <\/span><i><span style=\"font-weight: 400;\">Memorial Day<\/span><\/i><span style=\"font-weight: 400;\">, l\u2019omaggio annuale davanti al busto di David G. Farragut, accanto al Castell de Sant Nicolau, all\u2019imboccatura del porto.<\/span><\/p><h4> <\/h4><h4><b>Contesto storico e eredit\u00e0<\/b><\/h4><p><span style=\"font-weight: 400;\">La Minorca della seconda met\u00e0 del XIX secolo visse una fase di trasformazioni politiche e sociali parallele a quelle del resto della Spagna.<\/span><\/p><p><span style=\"font-weight: 400;\">Dopo la caduta di Isabella II, la giunta rivoluzionaria locale di Ciutadella, con la significativa partecipazione del canonico Camilo Moj\u00f3n, promosse misure di modernizzazione, come la demolizione delle mura per favorire l\u2019espansione della citt\u00e0, che incluse anche gli edifici interessati dalla Desamortizaci\u00f3n dei beni degli ordini regolari. <\/span><\/p><p><span style=\"font-weight: 400;\">Tra questi, la demolizione del convento di San Francesco, con lo sviluppo del nuovo tessuto urbano dalla Plaza del Borne fino alla Contramurada, il nuovo spazio sorto dopo la demolizione delle mura. Promosse inoltre la costruzione di un mercato pubblico coperto in Plaza de la Libertad, i cui lavori iniziarono nel 1868 e furono inaugurati nel 1869. <\/span><\/p><p><span style=\"font-weight: 400;\">Con la restaurazione della monarchia nel 1875, Tom\u00e1s J. de Salort, che si dedic\u00f2 alla gestione delle tenute agricole della famiglia, continu\u00f2 a essere una figura rispettata e stimata nella societ\u00e0 di Ciutadella, venendo consultato su numerose questioni locali grazie al valore riconosciuto alle sue opinioni e ai suoi criteri.<\/span><\/p><p><span style=\"font-weight: 400;\">Tom\u00e1s J. de Salort Salort mor\u00ec nel 1901, dopo essere stato protagonista di sette decenni della storia ottocentesca di Minorca a Ciutadella.<\/span><\/p>\t\t\t\t\t\t\t\t<\/div>\n\t\t\t\t<\/div>\n\t\t\t\t\t<\/div>\n\t\t\t\t<\/div>\n\t\t<div class=\"elementor-element elementor-element-2c5e883 e-flex e-con-boxed e-con e-parent\" data-id=\"2c5e883\" data-element_type=\"container\" data-e-type=\"container\">\n\t\t\t\t\t<div class=\"e-con-inner\">\n\t\t\t\t<div class=\"elementor-element elementor-element-ee6c00a elementor-widget elementor-widget-html\" data-id=\"ee6c00a\" data-element_type=\"widget\" data-e-type=\"widget\" data-widget_type=\"html.default\">\n\t\t\t\t<div class=\"elementor-widget-container\">\n\t\t\t\t\t<script>\/\/ Esperamos a que el DOM cargue completamente\r\n  document.addEventListener('DOMContentLoaded', () => {\r\n    \/\/ Obtenemos el idioma (por ejemplo: \"en-US\", \"es-ES\")\r\n    const langCompleto = document.documentElement.lang || 'es';\r\n    \/\/ Recortamos a la parte corta (ej: \"en\", \"es\")\r\n    const idiomaCorto = langCompleto.split('-')[0];\r\n    \/\/ Guardamos el idioma en localStorage\r\n    localStorage.setItem('idioma_usuario', idiomaCorto);\r\n    console.log(\"Idioma guardado (recortado):\", idiomaCorto);\r\n  });\r\n<\/script>\t\t\t\t<\/div>\n\t\t\t\t<\/div>\n\t\t\t\t\t<\/div>\n\t\t\t\t<\/div>\n\t\t\t\t<\/div>\n\t\t","protected":false},"excerpt":{"rendered":"<p>Tom\u00e1s J. de Salort y Salort Tom\u00e1s J. de Salort y Salort (Ciutadella, 1832 \u2013 Ciutadella, 1901) fu un nobile e politico minorchino che ricopr\u00ec la carica di sindaco di Ciutadella negli anni 1867 e 1868. Il 13 febbraio 1873 spos\u00f2 Ignacia Martorell Squella, appartenente a due delle famiglie pi\u00f9 distinte dell\u2019aristocrazia minorchina. La presenza [&hellip;]<\/p>\n","protected":false},"author":1,"featured_media":0,"parent":0,"menu_order":0,"comment_status":"closed","ping_status":"closed","template":"elementor_canvas","meta":{"footnotes":""},"class_list":["post-2659","page","type-page","status-publish","hentry"],"yoast_head":"<!-- This site is optimized with the Yoast SEO plugin v27.2 - https:\/\/yoast.com\/product\/yoast-seo-wordpress\/ -->\n<title>V\u00eddeo Tom\u00e1s J. de Salort - Palau Salort<\/title>\n<meta name=\"robots\" content=\"index, follow, max-snippet:-1, max-image-preview:large, max-video-preview:-1\" \/>\n<link rel=\"canonical\" href=\"https:\/\/palaciosalort.com\/video-tomas-j-salort\/\" \/>\n<meta property=\"og:locale\" content=\"it_IT\" \/>\n<meta property=\"og:type\" content=\"article\" \/>\n<meta property=\"og:title\" content=\"V\u00eddeo Tom\u00e1s J. de Salort - Palau Salort\" \/>\n<meta property=\"og:description\" content=\"Tom\u00e1s J. de Salort y Salort Tom\u00e1s J. de Salort y Salort (Ciutadella, 1832 \u2013 Ciutadella, 1901) fu un nobile e politico minorchino che ricopr\u00ec la carica di sindaco di Ciutadella negli anni 1867 e 1868. Il 13 febbraio 1873 spos\u00f2 Ignacia Martorell Squella, appartenente a due delle famiglie pi\u00f9 distinte dell\u2019aristocrazia minorchina. La presenza [&hellip;]\" \/>\n<meta property=\"og:url\" content=\"https:\/\/palaciosalort.com\/video-tomas-j-salort\/\" \/>\n<meta property=\"og:site_name\" content=\"Palau Salort\" \/>\n<meta property=\"article:modified_time\" content=\"2026-03-25T16:26:56+00:00\" \/>\n<meta name=\"twitter:card\" content=\"summary_large_image\" \/>\n<meta name=\"twitter:label1\" content=\"Tempo di lettura stimato\" \/>\n\t<meta name=\"twitter:data1\" content=\"5 minuti\" \/>\n<script type=\"application\/ld+json\" class=\"yoast-schema-graph\">{\"@context\":\"https:\/\/schema.org\",\"@graph\":[{\"@type\":\"WebPage\",\"@id\":\"https:\/\/palaciosalort.com\/video-tomas-j-salort\/\",\"url\":\"https:\/\/palaciosalort.com\/video-tomas-j-salort\/\",\"name\":\"V\u00eddeo Tom\u00e1s J. de Salort - Palau Salort\",\"isPartOf\":{\"@id\":\"https:\/\/palaciosalort.com\/#website\"},\"datePublished\":\"2025-06-11T06:57:34+00:00\",\"dateModified\":\"2026-03-25T16:26:56+00:00\",\"breadcrumb\":{\"@id\":\"https:\/\/palaciosalort.com\/video-tomas-j-salort\/#breadcrumb\"},\"inLanguage\":\"it-IT\",\"potentialAction\":[{\"@type\":\"ReadAction\",\"target\":[\"https:\/\/palaciosalort.com\/video-tomas-j-salort\/\"]}]},{\"@type\":\"BreadcrumbList\",\"@id\":\"https:\/\/palaciosalort.com\/video-tomas-j-salort\/#breadcrumb\",\"itemListElement\":[{\"@type\":\"ListItem\",\"position\":1,\"name\":\"Portada\",\"item\":\"https:\/\/palaciosalort.com\/\"},{\"@type\":\"ListItem\",\"position\":2,\"name\":\"V\u00eddeo Tom\u00e1s J. de Salort\"}]},{\"@type\":\"WebSite\",\"@id\":\"https:\/\/palaciosalort.com\/#website\",\"url\":\"https:\/\/palaciosalort.com\/\",\"name\":\"Palacio Salort\",\"description\":\"Disfruta de una gran experi\u00e9ncia en el Palau Salort\",\"publisher\":{\"@id\":\"https:\/\/palaciosalort.com\/#organization\"},\"potentialAction\":[{\"@type\":\"SearchAction\",\"target\":{\"@type\":\"EntryPoint\",\"urlTemplate\":\"https:\/\/palaciosalort.com\/?s={search_term_string}\"},\"query-input\":{\"@type\":\"PropertyValueSpecification\",\"valueRequired\":true,\"valueName\":\"search_term_string\"}}],\"inLanguage\":\"it-IT\"},{\"@type\":\"Organization\",\"@id\":\"https:\/\/palaciosalort.com\/#organization\",\"name\":\"Palacio Salort\",\"url\":\"https:\/\/palaciosalort.com\/\",\"logo\":{\"@type\":\"ImageObject\",\"inLanguage\":\"it-IT\",\"@id\":\"https:\/\/palaciosalort.com\/#\/schema\/logo\/image\/\",\"url\":\"https:\/\/palaciosalort.com\/wp-content\/uploads\/2023\/05\/Diseno-sin-titulo-7.jpg\",\"contentUrl\":\"https:\/\/palaciosalort.com\/wp-content\/uploads\/2023\/05\/Diseno-sin-titulo-7.jpg\",\"width\":40,\"height\":40,\"caption\":\"Palacio Salort\"},\"image\":{\"@id\":\"https:\/\/palaciosalort.com\/#\/schema\/logo\/image\/\"}}]}<\/script>\n<!-- \/ Yoast SEO plugin. -->","yoast_head_json":{"title":"V\u00eddeo Tom\u00e1s J. de Salort - Palau Salort","robots":{"index":"index","follow":"follow","max-snippet":"max-snippet:-1","max-image-preview":"max-image-preview:large","max-video-preview":"max-video-preview:-1"},"canonical":"https:\/\/palaciosalort.com\/video-tomas-j-salort\/","og_locale":"it_IT","og_type":"article","og_title":"V\u00eddeo Tom\u00e1s J. de Salort - Palau Salort","og_description":"Tom\u00e1s J. de Salort y Salort Tom\u00e1s J. de Salort y Salort (Ciutadella, 1832 \u2013 Ciutadella, 1901) fu un nobile e politico minorchino che ricopr\u00ec la carica di sindaco di Ciutadella negli anni 1867 e 1868. Il 13 febbraio 1873 spos\u00f2 Ignacia Martorell Squella, appartenente a due delle famiglie pi\u00f9 distinte dell\u2019aristocrazia minorchina. La presenza [&hellip;]","og_url":"https:\/\/palaciosalort.com\/video-tomas-j-salort\/","og_site_name":"Palau Salort","article_modified_time":"2026-03-25T16:26:56+00:00","twitter_card":"summary_large_image","twitter_misc":{"Tempo di lettura stimato":"5 minuti"},"schema":{"@context":"https:\/\/schema.org","@graph":[{"@type":"WebPage","@id":"https:\/\/palaciosalort.com\/video-tomas-j-salort\/","url":"https:\/\/palaciosalort.com\/video-tomas-j-salort\/","name":"V\u00eddeo Tom\u00e1s J. de Salort - Palau Salort","isPartOf":{"@id":"https:\/\/palaciosalort.com\/#website"},"datePublished":"2025-06-11T06:57:34+00:00","dateModified":"2026-03-25T16:26:56+00:00","breadcrumb":{"@id":"https:\/\/palaciosalort.com\/video-tomas-j-salort\/#breadcrumb"},"inLanguage":"it-IT","potentialAction":[{"@type":"ReadAction","target":["https:\/\/palaciosalort.com\/video-tomas-j-salort\/"]}]},{"@type":"BreadcrumbList","@id":"https:\/\/palaciosalort.com\/video-tomas-j-salort\/#breadcrumb","itemListElement":[{"@type":"ListItem","position":1,"name":"Portada","item":"https:\/\/palaciosalort.com\/"},{"@type":"ListItem","position":2,"name":"V\u00eddeo Tom\u00e1s J. de Salort"}]},{"@type":"WebSite","@id":"https:\/\/palaciosalort.com\/#website","url":"https:\/\/palaciosalort.com\/","name":"Palacio Salort","description":"Disfruta de una gran experi\u00e9ncia en el Palau Salort","publisher":{"@id":"https:\/\/palaciosalort.com\/#organization"},"potentialAction":[{"@type":"SearchAction","target":{"@type":"EntryPoint","urlTemplate":"https:\/\/palaciosalort.com\/?s={search_term_string}"},"query-input":{"@type":"PropertyValueSpecification","valueRequired":true,"valueName":"search_term_string"}}],"inLanguage":"it-IT"},{"@type":"Organization","@id":"https:\/\/palaciosalort.com\/#organization","name":"Palacio Salort","url":"https:\/\/palaciosalort.com\/","logo":{"@type":"ImageObject","inLanguage":"it-IT","@id":"https:\/\/palaciosalort.com\/#\/schema\/logo\/image\/","url":"https:\/\/palaciosalort.com\/wp-content\/uploads\/2023\/05\/Diseno-sin-titulo-7.jpg","contentUrl":"https:\/\/palaciosalort.com\/wp-content\/uploads\/2023\/05\/Diseno-sin-titulo-7.jpg","width":40,"height":40,"caption":"Palacio Salort"},"image":{"@id":"https:\/\/palaciosalort.com\/#\/schema\/logo\/image\/"}}]}},"_links":{"self":[{"href":"https:\/\/palaciosalort.com\/it\/wp-json\/wp\/v2\/pages\/2659","targetHints":{"allow":["GET"]}}],"collection":[{"href":"https:\/\/palaciosalort.com\/it\/wp-json\/wp\/v2\/pages"}],"about":[{"href":"https:\/\/palaciosalort.com\/it\/wp-json\/wp\/v2\/types\/page"}],"author":[{"embeddable":true,"href":"https:\/\/palaciosalort.com\/it\/wp-json\/wp\/v2\/users\/1"}],"replies":[{"embeddable":true,"href":"https:\/\/palaciosalort.com\/it\/wp-json\/wp\/v2\/comments?post=2659"}],"version-history":[{"count":11,"href":"https:\/\/palaciosalort.com\/it\/wp-json\/wp\/v2\/pages\/2659\/revisions"}],"predecessor-version":[{"id":4026,"href":"https:\/\/palaciosalort.com\/it\/wp-json\/wp\/v2\/pages\/2659\/revisions\/4026"}],"wp:attachment":[{"href":"https:\/\/palaciosalort.com\/it\/wp-json\/wp\/v2\/media?parent=2659"}],"curies":[{"name":"wp","href":"https:\/\/api.w.org\/{rel}","templated":true}]}}