{"id":964,"date":"2023-05-05T08:56:38","date_gmt":"2023-05-05T08:56:38","guid":{"rendered":"http:\/\/palaciosalort.com\/pieces\/"},"modified":"2023-06-12T08:59:36","modified_gmt":"2023-06-12T08:59:36","slug":"pieces","status":"publish","type":"page","link":"https:\/\/palaciosalort.com\/fr\/pieces\/","title":{"rendered":"Pi\u00e8ces"},"content":{"rendered":"\t\t<div data-elementor-type=\"wp-page\" data-elementor-id=\"964\" class=\"elementor elementor-964 elementor-247\" data-elementor-post-type=\"page\">\n\t\t\t\t<div class=\"elementor-element elementor-element-3fc8362 e-con-full e-flex e-con e-parent\" data-id=\"3fc8362\" data-element_type=\"container\" data-e-type=\"container\" data-settings=\"{&quot;background_background&quot;:&quot;classic&quot;}\">\n\t\t<div class=\"elementor-element elementor-element-0895905 e-flex e-con-boxed e-con e-parent\" data-id=\"0895905\" data-element_type=\"container\" data-e-type=\"container\">\n\t\t\t\t\t<div class=\"e-con-inner\">\n\t\t\t\t<div class=\"elementor-element elementor-element-9a493b5 elementor-widget elementor-widget-heading\" data-id=\"9a493b5\" data-element_type=\"widget\" data-e-type=\"widget\" data-widget_type=\"heading.default\">\n\t\t\t\t<div class=\"elementor-widget-container\">\n\t\t\t\t\t<h2 class=\"elementor-heading-title elementor-size-default\">Pi\u00e8ces<\/h2>\t\t\t\t<\/div>\n\t\t\t\t<\/div>\n\t\t\t\t\t<\/div>\n\t\t\t\t<\/div>\n\t\t\t\t<\/div>\n\t\t<div class=\"elementor-element elementor-element-4b731cd e-flex e-con-boxed e-con e-parent\" data-id=\"4b731cd\" data-element_type=\"container\" data-e-type=\"container\" data-settings=\"{&quot;background_background&quot;:&quot;classic&quot;}\">\n\t\t\t\t\t<div class=\"e-con-inner\">\n\t\t<div class=\"elementor-element elementor-element-cc6a5a8 e-con-full e-flex e-con e-parent\" data-id=\"cc6a5a8\" data-element_type=\"container\" data-e-type=\"container\">\n\t\t\t\t<div class=\"elementor-element elementor-element-c3eb947 elementor-widget elementor-widget-text-editor\" data-id=\"c3eb947\" data-element_type=\"widget\" data-e-type=\"widget\" data-widget_type=\"text-editor.default\">\n\t\t\t\t<div class=\"elementor-widget-container\">\n\t\t\t\t\t\t\t\t\t<p><iframe width=\"100%\" height=\"340\" frameborder=\"0\" allow=\"xr-spatial-tracking; gyroscope; accelerometer\" allowfullscreen=\"\" scrolling=\"no\" src=\"https:\/\/kuula.co\/share\/5LZ3p?logo=1&amp;info=1&amp;fs=1&amp;vr=0&amp;zoom=1&amp;autorotate=0.14&amp;thumbs=1&amp;inst=es\"><\/iframe><\/p>\n\t\t\t\t\t\t\t\t<\/div>\n\t\t\t\t<\/div>\n\t\t\t\t<\/div>\n\t\t<div class=\"elementor-element elementor-element-9cee1d7 e-con-full e-flex elementor-invisible e-con e-parent\" data-id=\"9cee1d7\" data-element_type=\"container\" data-e-type=\"container\" data-settings=\"{&quot;animation&quot;:&quot;fadeInUp&quot;,&quot;animation_delay&quot;:200}\">\n\t\t\t\t<div class=\"elementor-element elementor-element-eb7fbc9 elementor-widget elementor-widget-text-editor\" data-id=\"eb7fbc9\" data-element_type=\"widget\" data-e-type=\"widget\" data-widget_type=\"text-editor.default\">\n\t\t\t\t<div class=\"elementor-widget-container\">\n\t\t\t\t\t\t\t\t\t<p>CLAIR ET SPACIEUX<\/p>\n\t\t\t\t\t\t\t\t<\/div>\n\t\t\t\t<\/div>\n\t\t\t\t<div class=\"elementor-element elementor-element-669e4b7 elementor-widget elementor-widget-heading\" data-id=\"669e4b7\" data-element_type=\"widget\" data-e-type=\"widget\" data-widget_type=\"heading.default\">\n\t\t\t\t<div class=\"elementor-widget-container\">\n\t\t\t\t\t<h2 class=\"elementor-heading-title elementor-size-default\">La cuisine<\/h2>\t\t\t\t<\/div>\n\t\t\t\t<\/div>\n\t\t\t\t<div class=\"elementor-element elementor-element-858257e elementor-widget elementor-widget-text-editor\" data-id=\"858257e\" data-element_type=\"widget\" data-e-type=\"widget\" data-widget_type=\"text-editor.default\">\n\t\t\t\t<div class=\"elementor-widget-container\">\n\t\t\t\t\t\t\t\t\t<div class=\"page\" title=\"Page 19\">\n<div class=\"layoutArea\">\n<div class=\"column\">\n<p>Nous sommes peut-\u00eatre dans l&rsquo;une des plus grandes cuisines de Minorque, faisant toujours r\u00e9f\u00e9rence \u00e0 la conjonction de la p\u00e9riode de construction de ce palais, en pouvant observer la cuisine au feu de bois et la cuisine au charbon. <\/p>\n<\/div>\n<\/div>\n<\/div>\n\t\t\t\t\t\t\t\t<\/div>\n\t\t\t\t<\/div>\n\t\t\t\t<\/div>\n\t\t\t\t\t<\/div>\n\t\t\t\t<\/div>\n\t\t<div class=\"elementor-element elementor-element-1360af1 e-flex e-con-boxed e-con e-parent\" data-id=\"1360af1\" data-element_type=\"container\" data-e-type=\"container\" data-settings=\"{&quot;background_background&quot;:&quot;classic&quot;}\">\n\t\t\t\t\t<div class=\"e-con-inner\">\n\t\t\t\t<div class=\"elementor-element elementor-element-ca86562 elementor-widget elementor-widget-image\" data-id=\"ca86562\" data-element_type=\"widget\" data-e-type=\"widget\" data-widget_type=\"image.default\">\n\t\t\t\t<div class=\"elementor-widget-container\">\n\t\t\t\t\t\t\t\t\t\t\t\t\t\t\t<img decoding=\"async\" width=\"800\" height=\"20\" src=\"https:\/\/palaciosalort.com\/wp-content\/uploads\/2023\/05\/Diseno-sin-titulo-3-1024x26.png\" class=\"attachment-large size-large wp-image-856\" alt=\"\" srcset=\"https:\/\/palaciosalort.com\/wp-content\/uploads\/2023\/05\/Diseno-sin-titulo-3-1024x26.png 1024w, https:\/\/palaciosalort.com\/wp-content\/uploads\/2023\/05\/Diseno-sin-titulo-3-600x15.png 600w, https:\/\/palaciosalort.com\/wp-content\/uploads\/2023\/05\/Diseno-sin-titulo-3-300x8.png 300w, https:\/\/palaciosalort.com\/wp-content\/uploads\/2023\/05\/Diseno-sin-titulo-3-768x19.png 768w, https:\/\/palaciosalort.com\/wp-content\/uploads\/2023\/05\/Diseno-sin-titulo-3-1536x38.png 1536w, https:\/\/palaciosalort.com\/wp-content\/uploads\/2023\/05\/Diseno-sin-titulo-3.png 2000w\" sizes=\"(max-width: 800px) 100vw, 800px\" \/>\t\t\t\t\t\t\t\t\t\t\t\t\t\t\t<\/div>\n\t\t\t\t<\/div>\n\t\t\t\t\t<\/div>\n\t\t\t\t<\/div>\n\t\t<div class=\"elementor-element elementor-element-36bcebb elementor-hidden-desktop elementor-hidden-tablet elementor-hidden-mobile e-flex e-con-boxed e-con e-parent\" data-id=\"36bcebb\" data-element_type=\"container\" data-e-type=\"container\" data-settings=\"{&quot;background_background&quot;:&quot;classic&quot;}\">\n\t\t\t\t\t<div class=\"e-con-inner\">\n\t\t<div class=\"elementor-element elementor-element-7f1bec0 e-con-full e-flex elementor-invisible e-con e-parent\" data-id=\"7f1bec0\" data-element_type=\"container\" data-e-type=\"container\" data-settings=\"{&quot;animation&quot;:&quot;fadeInUp&quot;,&quot;animation_delay&quot;:200}\">\n\t\t\t\t<div class=\"elementor-element elementor-element-919c850 elementor-widget elementor-widget-text-editor\" data-id=\"919c850\" data-element_type=\"widget\" data-e-type=\"widget\" data-widget_type=\"text-editor.default\">\n\t\t\t\t<div class=\"elementor-widget-container\">\n\t\t\t\t\t\t\t\t\t<p>DE GRANDE VALEUR<\/p>\n\t\t\t\t\t\t\t\t<\/div>\n\t\t\t\t<\/div>\n\t\t\t\t<div class=\"elementor-element elementor-element-cbbbb8c elementor-widget elementor-widget-heading\" data-id=\"cbbbb8c\" data-element_type=\"widget\" data-e-type=\"widget\" data-widget_type=\"heading.default\">\n\t\t\t\t<div class=\"elementor-widget-container\">\n\t\t\t\t\t<h2 class=\"elementor-heading-title elementor-size-default\">C\u00e9ramique<\/h2>\t\t\t\t<\/div>\n\t\t\t\t<\/div>\n\t\t\t\t<div class=\"elementor-element elementor-element-4cf57c0 elementor-widget elementor-widget-text-editor\" data-id=\"4cf57c0\" data-element_type=\"widget\" data-e-type=\"widget\" data-widget_type=\"text-editor.default\">\n\t\t\t\t<div class=\"elementor-widget-container\">\n\t\t\t\t\t\t\t\t\t<p>On y trouve diff\u00e9rents ustensiles tels que des balances, des moulins \u00e0 caf\u00e9, des chocolati\u00e8res et un moule \u00e0 p\u00e2tisserie plus en arri\u00e8re, qui, comme son nom l&rsquo;indique, a pour fonction de brouter ou de p\u00e9trir le pain et ses diff\u00e9rents moules.<\/p>\n\t\t\t\t\t\t\t\t<\/div>\n\t\t\t\t<\/div>\n\t\t\t\t<\/div>\n\t\t<div class=\"elementor-element elementor-element-f8dfdf9 e-con-full e-flex e-con e-parent\" data-id=\"f8dfdf9\" data-element_type=\"container\" data-e-type=\"container\">\n\t\t\t\t<div class=\"elementor-element elementor-element-854e810 elementor-widget elementor-widget-video\" data-id=\"854e810\" data-element_type=\"widget\" data-e-type=\"widget\" data-settings=\"{&quot;youtube_url&quot;:&quot;https:\\\/\\\/www.youtube.com\\\/watch?v=KdnqEB_Fkvk&quot;,&quot;autoplay&quot;:&quot;yes&quot;,&quot;play_on_mobile&quot;:&quot;yes&quot;,&quot;loop&quot;:&quot;yes&quot;,&quot;video_type&quot;:&quot;youtube&quot;,&quot;controls&quot;:&quot;yes&quot;}\" data-widget_type=\"video.default\">\n\t\t\t\t<div class=\"elementor-widget-container\">\n\t\t\t\t\t\t\t<div class=\"elementor-wrapper elementor-open-inline\">\n\t\t\t<div class=\"elementor-video\"><\/div>\t\t<\/div>\n\t\t\t\t\t\t<\/div>\n\t\t\t\t<\/div>\n\t\t\t\t<\/div>\n\t\t\t\t\t<\/div>\n\t\t\t\t<\/div>\n\t\t<div class=\"elementor-element elementor-element-7ec8752 e-flex e-con-boxed e-con e-parent\" data-id=\"7ec8752\" data-element_type=\"container\" data-e-type=\"container\" data-settings=\"{&quot;background_background&quot;:&quot;classic&quot;}\">\n\t\t\t\t\t<div class=\"e-con-inner\">\n\t\t<div class=\"elementor-element elementor-element-c2d5baf e-con-full e-flex elementor-invisible e-con e-parent\" data-id=\"c2d5baf\" data-element_type=\"container\" data-e-type=\"container\" data-settings=\"{&quot;animation&quot;:&quot;fadeInUp&quot;,&quot;animation_delay&quot;:200}\">\n\t\t\t\t<div class=\"elementor-element elementor-element-f9f10c8 elementor-widget elementor-widget-text-editor\" data-id=\"f9f10c8\" data-element_type=\"widget\" data-e-type=\"widget\" data-widget_type=\"text-editor.default\">\n\t\t\t\t<div class=\"elementor-widget-container\">\n\t\t\t\t\t\t\t\t\t<p>DE GRANDE VALEUR<\/p>\n\t\t\t\t\t\t\t\t<\/div>\n\t\t\t\t<\/div>\n\t\t\t\t<div class=\"elementor-element elementor-element-590a16c elementor-widget elementor-widget-heading\" data-id=\"590a16c\" data-element_type=\"widget\" data-e-type=\"widget\" data-widget_type=\"heading.default\">\n\t\t\t\t<div class=\"elementor-widget-container\">\n\t\t\t\t\t<h2 class=\"elementor-heading-title elementor-size-default\">C\u00e9ramique<\/h2>\t\t\t\t<\/div>\n\t\t\t\t<\/div>\n\t\t\t\t<div class=\"elementor-element elementor-element-6eae619 elementor-widget elementor-widget-text-editor\" data-id=\"6eae619\" data-element_type=\"widget\" data-e-type=\"widget\" data-widget_type=\"text-editor.default\">\n\t\t\t\t<div class=\"elementor-widget-container\">\n\t\t\t\t\t\t\t\t\t<p>On y trouve diff\u00e9rents ustensiles tels que des balances, des moulins \u00e0 caf\u00e9, des chocolati\u00e8res et un moule \u00e0 p\u00e2tisserie plus en arri\u00e8re, qui, comme son nom l&rsquo;indique, a pour fonction de brouter ou de p\u00e9trir le pain et ses diff\u00e9rents moules.<\/p>\n\t\t\t\t\t\t\t\t<\/div>\n\t\t\t\t<\/div>\n\t\t\t\t<\/div>\n\t\t<div class=\"elementor-element elementor-element-1f29d25 e-con-full e-flex e-con e-parent\" data-id=\"1f29d25\" data-element_type=\"container\" data-e-type=\"container\">\n\t\t\t\t<div class=\"elementor-element elementor-element-5bce265 elementor-invisible elementor-widget elementor-widget-image\" data-id=\"5bce265\" data-element_type=\"widget\" data-e-type=\"widget\" data-settings=\"{&quot;_animation&quot;:&quot;fadeInUp&quot;}\" data-widget_type=\"image.default\">\n\t\t\t\t<div class=\"elementor-widget-container\">\n\t\t\t\t\t\t\t\t\t\t\t\t\t\t\t<img fetchpriority=\"high\" decoding=\"async\" width=\"600\" height=\"400\" src=\"https:\/\/palaciosalort.com\/wp-content\/uploads\/2023\/05\/S-19000.webp\" class=\"attachment-large size-large wp-image-840\" alt=\"\" srcset=\"https:\/\/palaciosalort.com\/wp-content\/uploads\/2023\/05\/S-19000.webp 600w, https:\/\/palaciosalort.com\/wp-content\/uploads\/2023\/05\/S-19000-300x200.webp 300w\" sizes=\"(max-width: 600px) 100vw, 600px\" \/>\t\t\t\t\t\t\t\t\t\t\t\t\t\t\t<\/div>\n\t\t\t\t<\/div>\n\t\t\t\t<\/div>\n\t\t\t\t\t<\/div>\n\t\t\t\t<\/div>\n\t\t<div class=\"elementor-element elementor-element-9afcf8b e-flex e-con-boxed e-con e-parent\" data-id=\"9afcf8b\" data-element_type=\"container\" data-e-type=\"container\" data-settings=\"{&quot;background_background&quot;:&quot;classic&quot;}\">\n\t\t\t\t\t<div class=\"e-con-inner\">\n\t\t<div class=\"elementor-element elementor-element-841cf8e e-flex e-con-boxed e-con e-parent\" data-id=\"841cf8e\" data-element_type=\"container\" data-e-type=\"container\">\n\t\t\t\t\t<div class=\"e-con-inner\">\n\t\t\t\t<div class=\"elementor-element elementor-element-e86505e elementor-widget elementor-widget-heading\" data-id=\"e86505e\" data-element_type=\"widget\" data-e-type=\"widget\" data-widget_type=\"heading.default\">\n\t\t\t\t<div class=\"elementor-widget-container\">\n\t\t\t\t\t<h2 class=\"elementor-heading-title elementor-size-default\">Des ustensiles incroyables avec lesquels il a \u00e9t\u00e9 cuisin\u00e9 il y a des ann\u00e9es<\/h2>\t\t\t\t<\/div>\n\t\t\t\t<\/div>\n\t\t\t\t\t<\/div>\n\t\t\t\t<\/div>\n\t\t\t\t\t<\/div>\n\t\t\t\t<\/div>\n\t\t\t\t<\/div>\n\t\t","protected":false},"excerpt":{"rendered":"<p>Pi\u00e8ces CLAIR ET SPACIEUX La cuisine Nous sommes peut-\u00eatre dans l&rsquo;une des plus grandes cuisines de Minorque, faisant toujours r\u00e9f\u00e9rence \u00e0 la conjonction de la p\u00e9riode de construction de ce palais, en pouvant observer la cuisine au feu de bois et la cuisine au charbon. DE GRANDE VALEUR C\u00e9ramique On y trouve diff\u00e9rents ustensiles tels [&hellip;]<\/p>\n","protected":false},"author":1,"featured_media":0,"parent":0,"menu_order":0,"comment_status":"closed","ping_status":"closed","template":"","meta":{"footnotes":""},"class_list":["post-964","page","type-page","status-publish","hentry"],"yoast_head":"<!-- This site is optimized with the Yoast SEO plugin v27.2 - https:\/\/yoast.com\/product\/yoast-seo-wordpress\/ -->\n<title>Pi\u00e8ces - Palau Salort<\/title>\n<meta name=\"robots\" content=\"index, follow, max-snippet:-1, max-image-preview:large, max-video-preview:-1\" \/>\n<link rel=\"canonical\" href=\"https:\/\/palaciosalort.com\/salas\/\" \/>\n<meta property=\"og:locale\" content=\"fr_FR\" \/>\n<meta property=\"og:type\" content=\"article\" \/>\n<meta property=\"og:title\" content=\"Pi\u00e8ces - Palau Salort\" \/>\n<meta property=\"og:description\" content=\"Pi\u00e8ces CLAIR ET SPACIEUX La cuisine Nous sommes peut-\u00eatre dans l&rsquo;une des plus grandes cuisines de Minorque, faisant toujours r\u00e9f\u00e9rence \u00e0 la conjonction de la p\u00e9riode de construction de ce palais, en pouvant observer la cuisine au feu de bois et la cuisine au charbon. DE GRANDE VALEUR C\u00e9ramique On y trouve diff\u00e9rents ustensiles tels [&hellip;]\" \/>\n<meta property=\"og:url\" content=\"https:\/\/palaciosalort.com\/salas\/\" \/>\n<meta property=\"og:site_name\" content=\"Palau Salort\" \/>\n<meta property=\"article:modified_time\" content=\"2023-06-12T08:59:36+00:00\" \/>\n<meta property=\"og:image\" content=\"http:\/\/palaciosalort.com\/wp-content\/uploads\/2023\/05\/Diseno-sin-titulo-3-1024x26.png\" \/>\n<meta name=\"twitter:card\" content=\"summary_large_image\" \/>\n<meta name=\"twitter:label1\" content=\"Dur\u00e9e de lecture estim\u00e9e\" \/>\n\t<meta name=\"twitter:data1\" content=\"1 minute\" \/>\n<script type=\"application\/ld+json\" class=\"yoast-schema-graph\">{\"@context\":\"https:\/\/schema.org\",\"@graph\":[{\"@type\":\"WebPage\",\"@id\":\"https:\/\/palaciosalort.com\/salas\/\",\"url\":\"https:\/\/palaciosalort.com\/salas\/\",\"name\":\"Pi\u00e8ces - Palau Salort\",\"isPartOf\":{\"@id\":\"https:\/\/palaciosalort.com\/#website\"},\"primaryImageOfPage\":{\"@id\":\"https:\/\/palaciosalort.com\/salas\/#primaryimage\"},\"image\":{\"@id\":\"https:\/\/palaciosalort.com\/salas\/#primaryimage\"},\"thumbnailUrl\":\"http:\/\/palaciosalort.com\/wp-content\/uploads\/2023\/05\/Diseno-sin-titulo-3-1024x26.png\",\"datePublished\":\"2023-05-05T08:56:38+00:00\",\"dateModified\":\"2023-06-12T08:59:36+00:00\",\"breadcrumb\":{\"@id\":\"https:\/\/palaciosalort.com\/salas\/#breadcrumb\"},\"inLanguage\":\"fr-FR\",\"potentialAction\":[{\"@type\":\"ReadAction\",\"target\":[\"https:\/\/palaciosalort.com\/salas\/\"]}]},{\"@type\":\"ImageObject\",\"inLanguage\":\"fr-FR\",\"@id\":\"https:\/\/palaciosalort.com\/salas\/#primaryimage\",\"url\":\"http:\/\/palaciosalort.com\/wp-content\/uploads\/2023\/05\/Diseno-sin-titulo-3-1024x26.png\",\"contentUrl\":\"http:\/\/palaciosalort.com\/wp-content\/uploads\/2023\/05\/Diseno-sin-titulo-3-1024x26.png\"},{\"@type\":\"BreadcrumbList\",\"@id\":\"https:\/\/palaciosalort.com\/salas\/#breadcrumb\",\"itemListElement\":[{\"@type\":\"ListItem\",\"position\":1,\"name\":\"Portada\",\"item\":\"https:\/\/palaciosalort.com\/\"},{\"@type\":\"ListItem\",\"position\":2,\"name\":\"Pi\u00e8ces\"}]},{\"@type\":\"WebSite\",\"@id\":\"https:\/\/palaciosalort.com\/#website\",\"url\":\"https:\/\/palaciosalort.com\/\",\"name\":\"Palacio Salort\",\"description\":\"Disfruta de una gran experi\u00e9ncia en el Palau Salort\",\"publisher\":{\"@id\":\"https:\/\/palaciosalort.com\/#organization\"},\"potentialAction\":[{\"@type\":\"SearchAction\",\"target\":{\"@type\":\"EntryPoint\",\"urlTemplate\":\"https:\/\/palaciosalort.com\/?s={search_term_string}\"},\"query-input\":{\"@type\":\"PropertyValueSpecification\",\"valueRequired\":true,\"valueName\":\"search_term_string\"}}],\"inLanguage\":\"fr-FR\"},{\"@type\":\"Organization\",\"@id\":\"https:\/\/palaciosalort.com\/#organization\",\"name\":\"Palacio Salort\",\"url\":\"https:\/\/palaciosalort.com\/\",\"logo\":{\"@type\":\"ImageObject\",\"inLanguage\":\"fr-FR\",\"@id\":\"https:\/\/palaciosalort.com\/#\/schema\/logo\/image\/\",\"url\":\"https:\/\/palaciosalort.com\/wp-content\/uploads\/2023\/05\/Diseno-sin-titulo-7.jpg\",\"contentUrl\":\"https:\/\/palaciosalort.com\/wp-content\/uploads\/2023\/05\/Diseno-sin-titulo-7.jpg\",\"width\":40,\"height\":40,\"caption\":\"Palacio Salort\"},\"image\":{\"@id\":\"https:\/\/palaciosalort.com\/#\/schema\/logo\/image\/\"}}]}<\/script>\n<!-- \/ Yoast SEO plugin. -->","yoast_head_json":{"title":"Pi\u00e8ces - Palau Salort","robots":{"index":"index","follow":"follow","max-snippet":"max-snippet:-1","max-image-preview":"max-image-preview:large","max-video-preview":"max-video-preview:-1"},"canonical":"https:\/\/palaciosalort.com\/salas\/","og_locale":"fr_FR","og_type":"article","og_title":"Pi\u00e8ces - Palau Salort","og_description":"Pi\u00e8ces CLAIR ET SPACIEUX La cuisine Nous sommes peut-\u00eatre dans l&rsquo;une des plus grandes cuisines de Minorque, faisant toujours r\u00e9f\u00e9rence \u00e0 la conjonction de la p\u00e9riode de construction de ce palais, en pouvant observer la cuisine au feu de bois et la cuisine au charbon. DE GRANDE VALEUR C\u00e9ramique On y trouve diff\u00e9rents ustensiles tels [&hellip;]","og_url":"https:\/\/palaciosalort.com\/salas\/","og_site_name":"Palau Salort","article_modified_time":"2023-06-12T08:59:36+00:00","og_image":[{"url":"http:\/\/palaciosalort.com\/wp-content\/uploads\/2023\/05\/Diseno-sin-titulo-3-1024x26.png","type":"","width":"","height":""}],"twitter_card":"summary_large_image","twitter_misc":{"Dur\u00e9e de lecture estim\u00e9e":"1 minute"},"schema":{"@context":"https:\/\/schema.org","@graph":[{"@type":"WebPage","@id":"https:\/\/palaciosalort.com\/salas\/","url":"https:\/\/palaciosalort.com\/salas\/","name":"Pi\u00e8ces - Palau Salort","isPartOf":{"@id":"https:\/\/palaciosalort.com\/#website"},"primaryImageOfPage":{"@id":"https:\/\/palaciosalort.com\/salas\/#primaryimage"},"image":{"@id":"https:\/\/palaciosalort.com\/salas\/#primaryimage"},"thumbnailUrl":"http:\/\/palaciosalort.com\/wp-content\/uploads\/2023\/05\/Diseno-sin-titulo-3-1024x26.png","datePublished":"2023-05-05T08:56:38+00:00","dateModified":"2023-06-12T08:59:36+00:00","breadcrumb":{"@id":"https:\/\/palaciosalort.com\/salas\/#breadcrumb"},"inLanguage":"fr-FR","potentialAction":[{"@type":"ReadAction","target":["https:\/\/palaciosalort.com\/salas\/"]}]},{"@type":"ImageObject","inLanguage":"fr-FR","@id":"https:\/\/palaciosalort.com\/salas\/#primaryimage","url":"http:\/\/palaciosalort.com\/wp-content\/uploads\/2023\/05\/Diseno-sin-titulo-3-1024x26.png","contentUrl":"http:\/\/palaciosalort.com\/wp-content\/uploads\/2023\/05\/Diseno-sin-titulo-3-1024x26.png"},{"@type":"BreadcrumbList","@id":"https:\/\/palaciosalort.com\/salas\/#breadcrumb","itemListElement":[{"@type":"ListItem","position":1,"name":"Portada","item":"https:\/\/palaciosalort.com\/"},{"@type":"ListItem","position":2,"name":"Pi\u00e8ces"}]},{"@type":"WebSite","@id":"https:\/\/palaciosalort.com\/#website","url":"https:\/\/palaciosalort.com\/","name":"Palacio Salort","description":"Disfruta de una gran experi\u00e9ncia en el Palau Salort","publisher":{"@id":"https:\/\/palaciosalort.com\/#organization"},"potentialAction":[{"@type":"SearchAction","target":{"@type":"EntryPoint","urlTemplate":"https:\/\/palaciosalort.com\/?s={search_term_string}"},"query-input":{"@type":"PropertyValueSpecification","valueRequired":true,"valueName":"search_term_string"}}],"inLanguage":"fr-FR"},{"@type":"Organization","@id":"https:\/\/palaciosalort.com\/#organization","name":"Palacio Salort","url":"https:\/\/palaciosalort.com\/","logo":{"@type":"ImageObject","inLanguage":"fr-FR","@id":"https:\/\/palaciosalort.com\/#\/schema\/logo\/image\/","url":"https:\/\/palaciosalort.com\/wp-content\/uploads\/2023\/05\/Diseno-sin-titulo-7.jpg","contentUrl":"https:\/\/palaciosalort.com\/wp-content\/uploads\/2023\/05\/Diseno-sin-titulo-7.jpg","width":40,"height":40,"caption":"Palacio Salort"},"image":{"@id":"https:\/\/palaciosalort.com\/#\/schema\/logo\/image\/"}}]}},"_links":{"self":[{"href":"https:\/\/palaciosalort.com\/fr\/wp-json\/wp\/v2\/pages\/964","targetHints":{"allow":["GET"]}}],"collection":[{"href":"https:\/\/palaciosalort.com\/fr\/wp-json\/wp\/v2\/pages"}],"about":[{"href":"https:\/\/palaciosalort.com\/fr\/wp-json\/wp\/v2\/types\/page"}],"author":[{"embeddable":true,"href":"https:\/\/palaciosalort.com\/fr\/wp-json\/wp\/v2\/users\/1"}],"replies":[{"embeddable":true,"href":"https:\/\/palaciosalort.com\/fr\/wp-json\/wp\/v2\/comments?post=964"}],"version-history":[{"count":5,"href":"https:\/\/palaciosalort.com\/fr\/wp-json\/wp\/v2\/pages\/964\/revisions"}],"predecessor-version":[{"id":1249,"href":"https:\/\/palaciosalort.com\/fr\/wp-json\/wp\/v2\/pages\/964\/revisions\/1249"}],"wp:attachment":[{"href":"https:\/\/palaciosalort.com\/fr\/wp-json\/wp\/v2\/media?parent=964"}],"curies":[{"name":"wp","href":"https:\/\/api.w.org\/{rel}","templated":true}]}}