{"id":934,"date":"2023-05-05T08:56:01","date_gmt":"2023-05-05T08:56:01","guid":{"rendered":"http:\/\/palaciosalort.com\/interieurs\/"},"modified":"2023-06-12T08:58:29","modified_gmt":"2023-06-12T08:58:29","slug":"interieurs","status":"publish","type":"page","link":"https:\/\/palaciosalort.com\/fr\/interieurs\/","title":{"rendered":"Int\u00e9rieurs"},"content":{"rendered":"\t\t<div data-elementor-type=\"wp-page\" data-elementor-id=\"934\" class=\"elementor elementor-934 elementor-243\" data-elementor-post-type=\"page\">\n\t\t\t\t<div class=\"elementor-element elementor-element-dcbc4c3 e-con-full e-flex e-con e-parent\" data-id=\"dcbc4c3\" data-element_type=\"container\" data-e-type=\"container\" data-settings=\"{&quot;background_background&quot;:&quot;classic&quot;}\">\n\t\t<div class=\"elementor-element elementor-element-59a3698 e-flex e-con-boxed e-con e-parent\" data-id=\"59a3698\" data-element_type=\"container\" data-e-type=\"container\">\n\t\t\t\t\t<div class=\"e-con-inner\">\n\t\t\t\t<div class=\"elementor-element elementor-element-4294b2f elementor-widget elementor-widget-heading\" data-id=\"4294b2f\" data-element_type=\"widget\" data-e-type=\"widget\" data-widget_type=\"heading.default\">\n\t\t\t\t<div class=\"elementor-widget-container\">\n\t\t\t\t\t<h2 class=\"elementor-heading-title elementor-size-default\">Int\u00e9rieurs<\/h2>\t\t\t\t<\/div>\n\t\t\t\t<\/div>\n\t\t\t\t\t<\/div>\n\t\t\t\t<\/div>\n\t\t\t\t<\/div>\n\t\t<div class=\"elementor-element elementor-element-4c1f9dd e-flex e-con-boxed e-con e-parent\" data-id=\"4c1f9dd\" data-element_type=\"container\" data-e-type=\"container\" data-settings=\"{&quot;background_background&quot;:&quot;classic&quot;}\">\n\t\t\t\t\t<div class=\"e-con-inner\">\n\t\t<div class=\"elementor-element elementor-element-0b04efe e-con-full e-flex e-con e-parent\" data-id=\"0b04efe\" data-element_type=\"container\" data-e-type=\"container\">\n\t\t<div class=\"elementor-element elementor-element-4d3b9d7 e-flex e-con-boxed e-con e-parent\" data-id=\"4d3b9d7\" data-element_type=\"container\" data-e-type=\"container\" data-settings=\"{&quot;background_background&quot;:&quot;classic&quot;}\">\n\t\t\t\t\t<div class=\"e-con-inner\">\n\t\t\t\t<div class=\"elementor-element elementor-element-55ef205 elementor-widget elementor-widget-text-editor\" data-id=\"55ef205\" data-element_type=\"widget\" data-e-type=\"widget\" data-widget_type=\"text-editor.default\">\n\t\t\t\t<div class=\"elementor-widget-container\">\n\t\t\t\t\t\t\t\t\t<p><iframe width=\"100%\" height=\"340\" frameborder=\"0\" allow=\"xr-spatial-tracking; gyroscope; accelerometer\" allowfullscreen=\"\" scrolling=\"no\" src=\"https:\/\/kuula.co\/share\/5LZjv?logo=1&amp;info=1&amp;fs=1&amp;vr=0&amp;zoom=1&amp;autorotate=0.14&amp;thumbs=1&amp;inst=es\"><\/iframe><\/p>\n\t\t\t\t\t\t\t\t<\/div>\n\t\t\t\t<\/div>\n\t\t\t\t\t<\/div>\n\t\t\t\t<\/div>\n\t\t\t\t<\/div>\n\t\t<div class=\"elementor-element elementor-element-8b80776 e-con-full e-flex elementor-invisible e-con e-parent\" data-id=\"8b80776\" data-element_type=\"container\" data-e-type=\"container\" data-settings=\"{&quot;animation&quot;:&quot;fadeInUp&quot;,&quot;animation_delay&quot;:200}\">\n\t\t\t\t<div class=\"elementor-element elementor-element-c1128e0 elementor-widget elementor-widget-text-editor\" data-id=\"c1128e0\" data-element_type=\"widget\" data-e-type=\"widget\" data-widget_type=\"text-editor.default\">\n\t\t\t\t<div class=\"elementor-widget-container\">\n\t\t\t\t\t\t\t\t\t<p>SPACIEUX ET LUMINEUX<\/p>\n\t\t\t\t\t\t\t\t<\/div>\n\t\t\t\t<\/div>\n\t\t\t\t<div class=\"elementor-element elementor-element-c3164aa elementor-widget elementor-widget-heading\" data-id=\"c3164aa\" data-element_type=\"widget\" data-e-type=\"widget\" data-widget_type=\"heading.default\">\n\t\t\t\t<div class=\"elementor-widget-container\">\n\t\t\t\t\t<h2 class=\"elementor-heading-title elementor-size-default\">Le salon des glaces<\/h2>\t\t\t\t<\/div>\n\t\t\t\t<\/div>\n\t\t\t\t<div class=\"elementor-element elementor-element-adfdfaa elementor-widget elementor-widget-text-editor\" data-id=\"adfdfaa\" data-element_type=\"widget\" data-e-type=\"widget\" data-widget_type=\"text-editor.default\">\n\t\t\t\t<div class=\"elementor-widget-container\">\n\t\t\t\t\t\t\t\t\t<div class=\"page\" title=\"Page 15\">\n<div class=\"layoutArea\">\n<div class=\"column\">\n<p>Ce salon, qui communique avec la galerie qui donne \u00e0 la place du \u00ab\u00a0El Born\u00a0\u00bb doit son nom aux douze corne d&rsquo;abondance Louis XVI, nous pouvons observer que chacun est situ\u00e9 en face d&rsquo;un couple \/ d&rsquo;un pair de bougies\/ chandelles, sa fonction est celle de renvoyer\/ r\u00e9fl\u00e9chir la lumi\u00e8re des chandelles, en donnant plus de luminosit\u00e9 \u00e0 la salle.<\/p>\n<p>Les consoles qui sont situ\u00e9es des deux c\u00f4t\u00e9s du salon appartiennent aux styles Louis XV et Louis XVI, les grandes glaces qui se trouvent sur les consoles sont de style Louis XVI. Aussi bien les cacolets que les canap\u00e9s sont de style Louis XV, tous dor\u00e9s et tapiss\u00e9s en tissu, or et \u00ab\u00a0rez\u00a0\u00bb.<\/p>\n<\/div>\n<\/div>\n<\/div>\n\t\t\t\t\t\t\t\t<\/div>\n\t\t\t\t<\/div>\n\t\t\t\t<\/div>\n\t\t\t\t\t<\/div>\n\t\t\t\t<\/div>\n\t\t<div class=\"elementor-element elementor-element-587bb39 e-flex e-con-boxed e-con e-parent\" data-id=\"587bb39\" data-element_type=\"container\" data-e-type=\"container\" data-settings=\"{&quot;background_background&quot;:&quot;classic&quot;}\">\n\t\t\t\t\t<div class=\"e-con-inner\">\n\t\t<div class=\"elementor-element elementor-element-d8be2f5 e-con-full e-flex elementor-invisible e-con e-parent\" data-id=\"d8be2f5\" data-element_type=\"container\" data-e-type=\"container\" data-settings=\"{&quot;animation&quot;:&quot;fadeInUp&quot;,&quot;animation_delay&quot;:200}\">\n\t\t\t\t<div class=\"elementor-element elementor-element-464de78 elementor-widget elementor-widget-text-editor\" data-id=\"464de78\" data-element_type=\"widget\" data-e-type=\"widget\" data-widget_type=\"text-editor.default\">\n\t\t\t\t<div class=\"elementor-widget-container\">\n\t\t\t\t\t\t\t\t\t<p>GRAND ET CONFORTABLE<\/p>\n\t\t\t\t\t\t\t\t<\/div>\n\t\t\t\t<\/div>\n\t\t\t\t<div class=\"elementor-element elementor-element-0b60432 elementor-widget elementor-widget-heading\" data-id=\"0b60432\" data-element_type=\"widget\" data-e-type=\"widget\" data-widget_type=\"heading.default\">\n\t\t\t\t<div class=\"elementor-widget-container\">\n\t\t\t\t\t<h2 class=\"elementor-heading-title elementor-size-default\">LA SALLE \u00c0 MANGER.<\/h2>\t\t\t\t<\/div>\n\t\t\t\t<\/div>\n\t\t\t\t<div class=\"elementor-element elementor-element-e4ab395 elementor-widget elementor-widget-text-editor\" data-id=\"e4ab395\" data-element_type=\"widget\" data-e-type=\"widget\" data-widget_type=\"text-editor.default\">\n\t\t\t\t<div class=\"elementor-widget-container\">\n\t\t\t\t\t\t\t\t\t<div class=\"page\" title=\"Page 2\">\n<div class=\"layoutArea\">\n<div class=\"column\">\n<p>La pi\u00e8ce est compos\u00e9e d&rsquo;une table d&rsquo;acajou de style isabelin.<\/p>\n<p>Les murs sont d\u00e9cor\u00e9s par onze tableaux de gravures et \u00e0 la fin de la grande pi\u00e8ce il y a deux berceuses d&rsquo;acajou et un poste de radio du d\u00e9but du XX \u00e8me. si\u00e8cle.<\/p>\n<\/div>\n<\/div>\n<\/div>\n\t\t\t\t\t\t\t\t<\/div>\n\t\t\t\t<\/div>\n\t\t\t\t<\/div>\n\t\t<div class=\"elementor-element elementor-element-c2cbbc5 e-con-full e-flex e-con e-parent\" data-id=\"c2cbbc5\" data-element_type=\"container\" data-e-type=\"container\">\n\t\t<div class=\"elementor-element elementor-element-9657a96 e-flex e-con-boxed e-con e-parent\" data-id=\"9657a96\" data-element_type=\"container\" data-e-type=\"container\">\n\t\t\t\t\t<div class=\"e-con-inner\">\n\t\t\t\t<div class=\"elementor-element elementor-element-78e0011 elementor-widget elementor-widget-text-editor\" data-id=\"78e0011\" data-element_type=\"widget\" data-e-type=\"widget\" data-widget_type=\"text-editor.default\">\n\t\t\t\t<div class=\"elementor-widget-container\">\n\t\t\t\t\t\t\t\t\t<p><iframe width=\"100%\" height=\"340\" frameborder=\"0\" allow=\"xr-spatial-tracking; gyroscope; accelerometer\" allowfullscreen=\"\" scrolling=\"no\" src=\"https:\/\/kuula.co\/share\/5LZxL?logo=1&amp;info=1&amp;fs=1&amp;vr=0&amp;zoom=1&amp;autorotate=0.14&amp;thumbs=1&amp;inst=es\"><\/iframe><\/p>\n\t\t\t\t\t\t\t\t<\/div>\n\t\t\t\t<\/div>\n\t\t\t\t\t<\/div>\n\t\t\t\t<\/div>\n\t\t\t\t<\/div>\n\t\t\t\t\t<\/div>\n\t\t\t\t<\/div>\n\t\t<div class=\"elementor-element elementor-element-4e05a73 e-flex e-con-boxed e-con e-parent\" data-id=\"4e05a73\" data-element_type=\"container\" data-e-type=\"container\" data-settings=\"{&quot;background_background&quot;:&quot;classic&quot;}\">\n\t\t\t\t\t<div class=\"e-con-inner\">\n\t\t\t\t<div class=\"elementor-element elementor-element-c7bf431 elementor-widget elementor-widget-image\" data-id=\"c7bf431\" data-element_type=\"widget\" data-e-type=\"widget\" data-widget_type=\"image.default\">\n\t\t\t\t<div class=\"elementor-widget-container\">\n\t\t\t\t\t\t\t\t\t\t\t\t\t\t\t<img decoding=\"async\" width=\"800\" height=\"20\" src=\"https:\/\/palaciosalort.com\/wp-content\/uploads\/2023\/05\/Diseno-sin-titulo-3-1024x26.png\" class=\"attachment-large size-large wp-image-856\" alt=\"\" srcset=\"https:\/\/palaciosalort.com\/wp-content\/uploads\/2023\/05\/Diseno-sin-titulo-3-1024x26.png 1024w, https:\/\/palaciosalort.com\/wp-content\/uploads\/2023\/05\/Diseno-sin-titulo-3-600x15.png 600w, https:\/\/palaciosalort.com\/wp-content\/uploads\/2023\/05\/Diseno-sin-titulo-3-300x8.png 300w, https:\/\/palaciosalort.com\/wp-content\/uploads\/2023\/05\/Diseno-sin-titulo-3-768x19.png 768w, https:\/\/palaciosalort.com\/wp-content\/uploads\/2023\/05\/Diseno-sin-titulo-3-1536x38.png 1536w, https:\/\/palaciosalort.com\/wp-content\/uploads\/2023\/05\/Diseno-sin-titulo-3.png 2000w\" sizes=\"(max-width: 800px) 100vw, 800px\" \/>\t\t\t\t\t\t\t\t\t\t\t\t\t\t\t<\/div>\n\t\t\t\t<\/div>\n\t\t\t\t\t<\/div>\n\t\t\t\t<\/div>\n\t\t<div class=\"elementor-element elementor-element-afc001a e-flex e-con-boxed e-con e-parent\" data-id=\"afc001a\" data-element_type=\"container\" data-e-type=\"container\" data-settings=\"{&quot;background_background&quot;:&quot;classic&quot;}\">\n\t\t\t\t\t<div class=\"e-con-inner\">\n\t\t<div class=\"elementor-element elementor-element-f1b91f5 e-con-full e-flex e-con e-parent\" data-id=\"f1b91f5\" data-element_type=\"container\" data-e-type=\"container\">\n\t\t\t\t<div class=\"elementor-element elementor-element-0f34a52 elementor-widget elementor-widget-text-editor\" data-id=\"0f34a52\" data-element_type=\"widget\" data-e-type=\"widget\" data-widget_type=\"text-editor.default\">\n\t\t\t\t<div class=\"elementor-widget-container\">\n\t\t\t\t\t\t\t\t\t<p><iframe width=\"100%\" height=\"340\" frameborder=\"0\" allow=\"xr-spatial-tracking; gyroscope; accelerometer\" allowfullscreen=\"\" scrolling=\"no\" src=\"https:\/\/kuula.co\/share\/5LZwB?logo=1&amp;info=1&amp;fs=1&amp;vr=0&amp;zoom=1&amp;autorotate=0.14&amp;thumbs=1&amp;inst=es\"><\/iframe><\/p>\n\t\t\t\t\t\t\t\t<\/div>\n\t\t\t\t<\/div>\n\t\t\t\t<\/div>\n\t\t<div class=\"elementor-element elementor-element-3407acc e-con-full e-flex elementor-invisible e-con e-parent\" data-id=\"3407acc\" data-element_type=\"container\" data-e-type=\"container\" data-settings=\"{&quot;animation&quot;:&quot;fadeInUp&quot;,&quot;animation_delay&quot;:200}\">\n\t\t\t\t<div class=\"elementor-element elementor-element-754f2ee elementor-widget elementor-widget-text-editor\" data-id=\"754f2ee\" data-element_type=\"widget\" data-e-type=\"widget\" data-widget_type=\"text-editor.default\">\n\t\t\t\t<div class=\"elementor-widget-container\">\n\t\t\t\t\t\t\t\t\t<p>CONFORTABLE ET HISTORIQUE<\/p>\n\t\t\t\t\t\t\t\t<\/div>\n\t\t\t\t<\/div>\n\t\t\t\t<div class=\"elementor-element elementor-element-a3fc8cc elementor-widget elementor-widget-heading\" data-id=\"a3fc8cc\" data-element_type=\"widget\" data-e-type=\"widget\" data-widget_type=\"heading.default\">\n\t\t\t\t<div class=\"elementor-widget-container\">\n\t\t\t\t\t<h2 class=\"elementor-heading-title elementor-size-default\">Salon de la chemin\u00e9e<\/h2>\t\t\t\t<\/div>\n\t\t\t\t<\/div>\n\t\t\t\t<div class=\"elementor-element elementor-element-b8c9a1f elementor-widget elementor-widget-text-editor\" data-id=\"b8c9a1f\" data-element_type=\"widget\" data-e-type=\"widget\" data-widget_type=\"text-editor.default\">\n\t\t\t\t<div class=\"elementor-widget-container\">\n\t\t\t\t\t\t\t\t\t<div class=\"page\" title=\"Page 11\">\n<div class=\"layoutArea\">\n<div class=\"column\">\n<p>Ce salon est consacr\u00e9 aux portraits. On peut observer d\u00e8s anc\u00eatres de la famille propri\u00e9taire actuelle du palais, parmi eux un portrait de Don Pedro Martorell y de Olives celui qui chargea sur commande la construction de l&rsquo;actuel palais, m\u00eame un tout petit portrait de l&rsquo;amiral Farragut qui \u00e9tait tr\u00e8s rattach\u00e9\/reli\u00e9 avec l&rsquo;\u00eele de Minorque, vers le fond \u00e0 droite on peut aussi observer un portrait du proprietaire actuel du palais Don Carlos de Salort y de Olives habill\u00e9 avec le costume typiques de la f\u00eate populaire de la Saint Jean si enracin\u00e9e \u00e0 Ciutadella.<\/p>\n<p>Le portrait du plafond repr\u00e9sente la victoire, les chaises et le canap\u00e9 en bois d&rsquo;acajou sont de style isabelin et tapiss\u00e9es en damas rouge.<\/p>\n<\/div>\n<\/div>\n<\/div>\n\t\t\t\t\t\t\t\t<\/div>\n\t\t\t\t<\/div>\n\t\t\t\t<\/div>\n\t\t\t\t\t<\/div>\n\t\t\t\t<\/div>\n\t\t<div class=\"elementor-element elementor-element-47f3b50 e-flex e-con-boxed e-con e-parent\" data-id=\"47f3b50\" data-element_type=\"container\" data-e-type=\"container\" data-settings=\"{&quot;background_background&quot;:&quot;classic&quot;}\">\n\t\t\t\t\t<div class=\"e-con-inner\">\n\t\t\t\t\t<\/div>\n\t\t\t\t<\/div>\n\t\t<div class=\"elementor-element elementor-element-4861623 e-flex e-con-boxed e-con e-parent\" data-id=\"4861623\" data-element_type=\"container\" data-e-type=\"container\" data-settings=\"{&quot;background_background&quot;:&quot;classic&quot;}\">\n\t\t\t\t\t<div class=\"e-con-inner\">\n\t\t<div class=\"elementor-element elementor-element-b9b939f e-flex e-con-boxed e-con e-parent\" data-id=\"b9b939f\" data-element_type=\"container\" data-e-type=\"container\">\n\t\t\t\t\t<div class=\"e-con-inner\">\n\t\t\t\t<div class=\"elementor-element elementor-element-e17e5e2 elementor-widget elementor-widget-heading\" data-id=\"e17e5e2\" data-element_type=\"widget\" data-e-type=\"widget\" data-widget_type=\"heading.default\">\n\t\t\t\t<div class=\"elementor-widget-container\">\n\t\t\t\t\t<h2 class=\"elementor-heading-title elementor-size-default\">Voyage \u00e0 travers les diff\u00e9rents d\u00e9tails du XVIIe si\u00e8cle<\/h2>\t\t\t\t<\/div>\n\t\t\t\t<\/div>\n\t\t\t\t\t<\/div>\n\t\t\t\t<\/div>\n\t\t\t\t\t<\/div>\n\t\t\t\t<\/div>\n\t\t\t\t<\/div>\n\t\t","protected":false},"excerpt":{"rendered":"<p>Int\u00e9rieurs SPACIEUX ET LUMINEUX Le salon des glaces Ce salon, qui communique avec la galerie qui donne \u00e0 la place du \u00ab\u00a0El Born\u00a0\u00bb doit son nom aux douze corne d&rsquo;abondance Louis XVI, nous pouvons observer que chacun est situ\u00e9 en face d&rsquo;un couple \/ d&rsquo;un pair de bougies\/ chandelles, sa fonction est celle de renvoyer\/ [&hellip;]<\/p>\n","protected":false},"author":1,"featured_media":0,"parent":0,"menu_order":0,"comment_status":"closed","ping_status":"closed","template":"","meta":{"footnotes":""},"class_list":["post-934","page","type-page","status-publish","hentry"],"yoast_head":"<!-- This site is optimized with the Yoast SEO plugin v27.2 - https:\/\/yoast.com\/product\/yoast-seo-wordpress\/ -->\n<title>Int\u00e9rieurs - Palau Salort<\/title>\n<meta name=\"robots\" content=\"index, follow, max-snippet:-1, max-image-preview:large, max-video-preview:-1\" \/>\n<link rel=\"canonical\" href=\"https:\/\/palaciosalort.com\/interiores\/\" \/>\n<meta property=\"og:locale\" content=\"fr_FR\" \/>\n<meta property=\"og:type\" content=\"article\" \/>\n<meta property=\"og:title\" content=\"Int\u00e9rieurs - Palau Salort\" \/>\n<meta property=\"og:description\" content=\"Int\u00e9rieurs SPACIEUX ET LUMINEUX Le salon des glaces Ce salon, qui communique avec la galerie qui donne \u00e0 la place du \u00ab\u00a0El Born\u00a0\u00bb doit son nom aux douze corne d&rsquo;abondance Louis XVI, nous pouvons observer que chacun est situ\u00e9 en face d&rsquo;un couple \/ d&rsquo;un pair de bougies\/ chandelles, sa fonction est celle de renvoyer\/ [&hellip;]\" \/>\n<meta property=\"og:url\" content=\"https:\/\/palaciosalort.com\/interiores\/\" \/>\n<meta property=\"og:site_name\" content=\"Palau Salort\" \/>\n<meta property=\"article:modified_time\" content=\"2023-06-12T08:58:29+00:00\" \/>\n<meta property=\"og:image\" content=\"http:\/\/palaciosalort.com\/wp-content\/uploads\/2023\/05\/Diseno-sin-titulo-3-1024x26.png\" \/>\n<meta name=\"twitter:card\" content=\"summary_large_image\" \/>\n<meta name=\"twitter:label1\" content=\"Dur\u00e9e de lecture estim\u00e9e\" \/>\n\t<meta name=\"twitter:data1\" content=\"2 minutes\" \/>\n<script type=\"application\/ld+json\" class=\"yoast-schema-graph\">{\"@context\":\"https:\/\/schema.org\",\"@graph\":[{\"@type\":\"WebPage\",\"@id\":\"https:\/\/palaciosalort.com\/interiores\/\",\"url\":\"https:\/\/palaciosalort.com\/interiores\/\",\"name\":\"Int\u00e9rieurs - Palau Salort\",\"isPartOf\":{\"@id\":\"https:\/\/palaciosalort.com\/#website\"},\"primaryImageOfPage\":{\"@id\":\"https:\/\/palaciosalort.com\/interiores\/#primaryimage\"},\"image\":{\"@id\":\"https:\/\/palaciosalort.com\/interiores\/#primaryimage\"},\"thumbnailUrl\":\"http:\/\/palaciosalort.com\/wp-content\/uploads\/2023\/05\/Diseno-sin-titulo-3-1024x26.png\",\"datePublished\":\"2023-05-05T08:56:01+00:00\",\"dateModified\":\"2023-06-12T08:58:29+00:00\",\"breadcrumb\":{\"@id\":\"https:\/\/palaciosalort.com\/interiores\/#breadcrumb\"},\"inLanguage\":\"fr-FR\",\"potentialAction\":[{\"@type\":\"ReadAction\",\"target\":[\"https:\/\/palaciosalort.com\/interiores\/\"]}]},{\"@type\":\"ImageObject\",\"inLanguage\":\"fr-FR\",\"@id\":\"https:\/\/palaciosalort.com\/interiores\/#primaryimage\",\"url\":\"http:\/\/palaciosalort.com\/wp-content\/uploads\/2023\/05\/Diseno-sin-titulo-3-1024x26.png\",\"contentUrl\":\"http:\/\/palaciosalort.com\/wp-content\/uploads\/2023\/05\/Diseno-sin-titulo-3-1024x26.png\"},{\"@type\":\"BreadcrumbList\",\"@id\":\"https:\/\/palaciosalort.com\/interiores\/#breadcrumb\",\"itemListElement\":[{\"@type\":\"ListItem\",\"position\":1,\"name\":\"Portada\",\"item\":\"https:\/\/palaciosalort.com\/\"},{\"@type\":\"ListItem\",\"position\":2,\"name\":\"Int\u00e9rieurs\"}]},{\"@type\":\"WebSite\",\"@id\":\"https:\/\/palaciosalort.com\/#website\",\"url\":\"https:\/\/palaciosalort.com\/\",\"name\":\"Palacio Salort\",\"description\":\"Disfruta de una gran experi\u00e9ncia en el Palau Salort\",\"publisher\":{\"@id\":\"https:\/\/palaciosalort.com\/#organization\"},\"potentialAction\":[{\"@type\":\"SearchAction\",\"target\":{\"@type\":\"EntryPoint\",\"urlTemplate\":\"https:\/\/palaciosalort.com\/?s={search_term_string}\"},\"query-input\":{\"@type\":\"PropertyValueSpecification\",\"valueRequired\":true,\"valueName\":\"search_term_string\"}}],\"inLanguage\":\"fr-FR\"},{\"@type\":\"Organization\",\"@id\":\"https:\/\/palaciosalort.com\/#organization\",\"name\":\"Palacio Salort\",\"url\":\"https:\/\/palaciosalort.com\/\",\"logo\":{\"@type\":\"ImageObject\",\"inLanguage\":\"fr-FR\",\"@id\":\"https:\/\/palaciosalort.com\/#\/schema\/logo\/image\/\",\"url\":\"https:\/\/palaciosalort.com\/wp-content\/uploads\/2023\/05\/Diseno-sin-titulo-7.jpg\",\"contentUrl\":\"https:\/\/palaciosalort.com\/wp-content\/uploads\/2023\/05\/Diseno-sin-titulo-7.jpg\",\"width\":40,\"height\":40,\"caption\":\"Palacio Salort\"},\"image\":{\"@id\":\"https:\/\/palaciosalort.com\/#\/schema\/logo\/image\/\"}}]}<\/script>\n<!-- \/ Yoast SEO plugin. -->","yoast_head_json":{"title":"Int\u00e9rieurs - Palau Salort","robots":{"index":"index","follow":"follow","max-snippet":"max-snippet:-1","max-image-preview":"max-image-preview:large","max-video-preview":"max-video-preview:-1"},"canonical":"https:\/\/palaciosalort.com\/interiores\/","og_locale":"fr_FR","og_type":"article","og_title":"Int\u00e9rieurs - Palau Salort","og_description":"Int\u00e9rieurs SPACIEUX ET LUMINEUX Le salon des glaces Ce salon, qui communique avec la galerie qui donne \u00e0 la place du \u00ab\u00a0El Born\u00a0\u00bb doit son nom aux douze corne d&rsquo;abondance Louis XVI, nous pouvons observer que chacun est situ\u00e9 en face d&rsquo;un couple \/ d&rsquo;un pair de bougies\/ chandelles, sa fonction est celle de renvoyer\/ [&hellip;]","og_url":"https:\/\/palaciosalort.com\/interiores\/","og_site_name":"Palau Salort","article_modified_time":"2023-06-12T08:58:29+00:00","og_image":[{"url":"http:\/\/palaciosalort.com\/wp-content\/uploads\/2023\/05\/Diseno-sin-titulo-3-1024x26.png","type":"","width":"","height":""}],"twitter_card":"summary_large_image","twitter_misc":{"Dur\u00e9e de lecture estim\u00e9e":"2 minutes"},"schema":{"@context":"https:\/\/schema.org","@graph":[{"@type":"WebPage","@id":"https:\/\/palaciosalort.com\/interiores\/","url":"https:\/\/palaciosalort.com\/interiores\/","name":"Int\u00e9rieurs - Palau Salort","isPartOf":{"@id":"https:\/\/palaciosalort.com\/#website"},"primaryImageOfPage":{"@id":"https:\/\/palaciosalort.com\/interiores\/#primaryimage"},"image":{"@id":"https:\/\/palaciosalort.com\/interiores\/#primaryimage"},"thumbnailUrl":"http:\/\/palaciosalort.com\/wp-content\/uploads\/2023\/05\/Diseno-sin-titulo-3-1024x26.png","datePublished":"2023-05-05T08:56:01+00:00","dateModified":"2023-06-12T08:58:29+00:00","breadcrumb":{"@id":"https:\/\/palaciosalort.com\/interiores\/#breadcrumb"},"inLanguage":"fr-FR","potentialAction":[{"@type":"ReadAction","target":["https:\/\/palaciosalort.com\/interiores\/"]}]},{"@type":"ImageObject","inLanguage":"fr-FR","@id":"https:\/\/palaciosalort.com\/interiores\/#primaryimage","url":"http:\/\/palaciosalort.com\/wp-content\/uploads\/2023\/05\/Diseno-sin-titulo-3-1024x26.png","contentUrl":"http:\/\/palaciosalort.com\/wp-content\/uploads\/2023\/05\/Diseno-sin-titulo-3-1024x26.png"},{"@type":"BreadcrumbList","@id":"https:\/\/palaciosalort.com\/interiores\/#breadcrumb","itemListElement":[{"@type":"ListItem","position":1,"name":"Portada","item":"https:\/\/palaciosalort.com\/"},{"@type":"ListItem","position":2,"name":"Int\u00e9rieurs"}]},{"@type":"WebSite","@id":"https:\/\/palaciosalort.com\/#website","url":"https:\/\/palaciosalort.com\/","name":"Palacio Salort","description":"Disfruta de una gran experi\u00e9ncia en el Palau Salort","publisher":{"@id":"https:\/\/palaciosalort.com\/#organization"},"potentialAction":[{"@type":"SearchAction","target":{"@type":"EntryPoint","urlTemplate":"https:\/\/palaciosalort.com\/?s={search_term_string}"},"query-input":{"@type":"PropertyValueSpecification","valueRequired":true,"valueName":"search_term_string"}}],"inLanguage":"fr-FR"},{"@type":"Organization","@id":"https:\/\/palaciosalort.com\/#organization","name":"Palacio Salort","url":"https:\/\/palaciosalort.com\/","logo":{"@type":"ImageObject","inLanguage":"fr-FR","@id":"https:\/\/palaciosalort.com\/#\/schema\/logo\/image\/","url":"https:\/\/palaciosalort.com\/wp-content\/uploads\/2023\/05\/Diseno-sin-titulo-7.jpg","contentUrl":"https:\/\/palaciosalort.com\/wp-content\/uploads\/2023\/05\/Diseno-sin-titulo-7.jpg","width":40,"height":40,"caption":"Palacio Salort"},"image":{"@id":"https:\/\/palaciosalort.com\/#\/schema\/logo\/image\/"}}]}},"_links":{"self":[{"href":"https:\/\/palaciosalort.com\/fr\/wp-json\/wp\/v2\/pages\/934","targetHints":{"allow":["GET"]}}],"collection":[{"href":"https:\/\/palaciosalort.com\/fr\/wp-json\/wp\/v2\/pages"}],"about":[{"href":"https:\/\/palaciosalort.com\/fr\/wp-json\/wp\/v2\/types\/page"}],"author":[{"embeddable":true,"href":"https:\/\/palaciosalort.com\/fr\/wp-json\/wp\/v2\/users\/1"}],"replies":[{"embeddable":true,"href":"https:\/\/palaciosalort.com\/fr\/wp-json\/wp\/v2\/comments?post=934"}],"version-history":[{"count":7,"href":"https:\/\/palaciosalort.com\/fr\/wp-json\/wp\/v2\/pages\/934\/revisions"}],"predecessor-version":[{"id":1242,"href":"https:\/\/palaciosalort.com\/fr\/wp-json\/wp\/v2\/pages\/934\/revisions\/1242"}],"wp:attachment":[{"href":"https:\/\/palaciosalort.com\/fr\/wp-json\/wp\/v2\/media?parent=934"}],"curies":[{"name":"wp","href":"https:\/\/api.w.org\/{rel}","templated":true}]}}