{"id":2784,"date":"2025-08-01T09:11:45","date_gmt":"2025-08-01T09:11:45","guid":{"rendered":"https:\/\/palaciosalort.com\/video-pedro-martorell\/"},"modified":"2026-03-25T16:21:50","modified_gmt":"2026-03-25T16:21:50","slug":"video-pedro-martorell","status":"publish","type":"page","link":"https:\/\/palaciosalort.com\/fr\/video-pedro-martorell\/","title":{"rendered":"V\u00eddeo Pedro Martorell"},"content":{"rendered":"\t\t<div data-elementor-type=\"wp-page\" data-elementor-id=\"2784\" class=\"elementor elementor-2784 elementor-2568\" data-elementor-post-type=\"page\">\n\t\t\t\t<div class=\"elementor-element elementor-element-3015e73 e-flex e-con-boxed e-con e-parent\" data-id=\"3015e73\" data-element_type=\"container\" data-e-type=\"container\">\n\t\t\t\t\t<div class=\"e-con-inner\">\n\t\t\t\t<div class=\"elementor-element elementor-element-b873349 elementor-widget elementor-widget-video\" data-id=\"b873349\" data-element_type=\"widget\" data-e-type=\"widget\" data-settings=\"{&quot;youtube_url&quot;:&quot;https:\\\/\\\/youtube.com\\\/shorts\\\/9ExlQSDspOE&quot;,&quot;autoplay&quot;:&quot;yes&quot;,&quot;play_on_mobile&quot;:&quot;yes&quot;,&quot;video_type&quot;:&quot;youtube&quot;,&quot;controls&quot;:&quot;yes&quot;}\" data-widget_type=\"video.default\">\n\t\t\t\t<div class=\"elementor-widget-container\">\n\t\t\t\t\t\t\t<div class=\"elementor-wrapper elementor-open-inline\">\n\t\t\t<div class=\"elementor-video\"><\/div>\t\t<\/div>\n\t\t\t\t\t\t<\/div>\n\t\t\t\t<\/div>\n\t\t\t\t\t<\/div>\n\t\t\t\t<\/div>\n\t\t<div class=\"elementor-element elementor-element-09d73d9 e-flex e-con-boxed e-con e-parent\" data-id=\"09d73d9\" data-element_type=\"container\" data-e-type=\"container\">\n\t\t\t\t\t<div class=\"e-con-inner\">\n\t\t<div class=\"elementor-element elementor-element-7fbde94 e-con-full e-flex e-con e-child\" data-id=\"7fbde94\" data-element_type=\"container\" data-e-type=\"container\">\n\t\t\t\t<div class=\"elementor-element elementor-element-984ed3d elementor-align-left elementor-mobile-align-left elementor-widget elementor-widget-button\" data-id=\"984ed3d\" data-element_type=\"widget\" data-e-type=\"widget\" data-widget_type=\"button.default\">\n\t\t\t\t<div class=\"elementor-widget-container\">\n\t\t\t\t\t\t\t\t\t<div class=\"elementor-button-wrapper\">\n\t\t\t\t\t<a class=\"elementor-button elementor-button-link elementor-size-md\" href=\"#titulo\">\n\t\t\t\t\t\t<span class=\"elementor-button-content-wrapper\">\n\t\t\t\t\t\t<span class=\"elementor-button-icon\">\n\t\t\t\t<svg aria-hidden=\"true\" class=\"e-font-icon-svg e-fas-info-circle\" viewBox=\"0 0 512 512\" xmlns=\"http:\/\/www.w3.org\/2000\/svg\"><path d=\"M256 8C119.043 8 8 119.083 8 256c0 136.997 111.043 248 248 248s248-111.003 248-248C504 119.083 392.957 8 256 8zm0 110c23.196 0 42 18.804 42 42s-18.804 42-42 42-42-18.804-42-42 18.804-42 42-42zm56 254c0 6.627-5.373 12-12 12h-88c-6.627 0-12-5.373-12-12v-24c0-6.627 5.373-12 12-12h12v-64h-12c-6.627 0-12-5.373-12-12v-24c0-6.627 5.373-12 12-12h64c6.627 0 12 5.373 12 12v100h12c6.627 0 12 5.373 12 12v24z\"><\/path><\/svg>\t\t\t<\/span>\n\t\t\t\t\t\t\t\t<\/span>\n\t\t\t\t\t<\/a>\n\t\t\t\t<\/div>\n\t\t\t\t\t\t\t\t<\/div>\n\t\t\t\t<\/div>\n\t\t\t\t<div class=\"elementor-element elementor-element-db5b747 elementor-widget elementor-widget-wpml-language-switcher\" data-id=\"db5b747\" data-element_type=\"widget\" data-e-type=\"widget\" data-widget_type=\"wpml-language-switcher.default\">\n\t\t\t\t<div class=\"elementor-widget-container\">\n\t\t\t\t\t<div class=\"wpml-elementor-ls\">\n<div role=\"navigation\" aria-label=\"S\u00e9lecteur de langue\" class=\"wpml-ls-statics-shortcode_actions wpml-ls wpml-ls-legacy-list-horizontal\">\n\t<ul><li class=\"wpml-ls-slot-shortcode_actions wpml-ls-item wpml-ls-item-en wpml-ls-first-item wpml-ls-item-legacy-list-horizontal\">\n\t\t\t\t<a href=\"http:\/\/palaciosalort.com\/en\/\" hreflang=\"en\" lang=\"en\" class=\"wpml-ls-link\" aria-label=\"Passer \u00e0 Anglais\" title=\"Passer \u00e0 Anglais\">\n\t\t\t\t\t                                    <img decoding=\"async\"\n            class=\"wpml-ls-flag\"\n            src=\"https:\/\/palaciosalort.com\/wp-content\/plugins\/sitepress-multilingual-cms\/res\/flags\/en.svg\"\n            alt=\"Anglais\"\n            loading=\"lazy\"\n            width=18\n            height=12\n    \/><\/a>\n\t\t\t<\/li><li class=\"wpml-ls-slot-shortcode_actions wpml-ls-item wpml-ls-item-fr wpml-ls-current-language wpml-ls-item-legacy-list-horizontal\">\n\t\t\t\t<a href=\"http:\/\/palaciosalort.com\/fr\/\" hreflang=\"fr\" lang=\"fr\" class=\"wpml-ls-link\" aria-current=\"page\" aria-label=\"Passer \u00e0 Fran\u00e7ais\" title=\"Passer \u00e0 Fran\u00e7ais\">\n\t\t\t\t\t                                    <img decoding=\"async\"\n            class=\"wpml-ls-flag\"\n            src=\"https:\/\/palaciosalort.com\/wp-content\/plugins\/sitepress-multilingual-cms\/res\/flags\/fr.svg\"\n            alt=\"Fran\u00e7ais\"\n            loading=\"lazy\"\n            width=18\n            height=12\n    \/><\/a>\n\t\t\t<\/li><li class=\"wpml-ls-slot-shortcode_actions wpml-ls-item wpml-ls-item-de wpml-ls-item-legacy-list-horizontal\">\n\t\t\t\t<a href=\"http:\/\/palaciosalort.com\/de\/\" hreflang=\"de\" lang=\"de\" class=\"wpml-ls-link\" aria-label=\"Passer \u00e0 Allemand\" title=\"Passer \u00e0 Allemand\">\n\t\t\t\t\t                                    <img decoding=\"async\"\n            class=\"wpml-ls-flag\"\n            src=\"https:\/\/palaciosalort.com\/wp-content\/plugins\/sitepress-multilingual-cms\/res\/flags\/de.svg\"\n            alt=\"Allemand\"\n            loading=\"lazy\"\n            width=18\n            height=12\n    \/><\/a>\n\t\t\t<\/li><li class=\"wpml-ls-slot-shortcode_actions wpml-ls-item wpml-ls-item-it wpml-ls-item-legacy-list-horizontal\">\n\t\t\t\t<a href=\"http:\/\/palaciosalort.com\/it\/\" hreflang=\"it\" lang=\"it\" class=\"wpml-ls-link\" aria-label=\"Passer \u00e0 Italien\" title=\"Passer \u00e0 Italien\">\n\t\t\t\t\t                                    <img decoding=\"async\"\n            class=\"wpml-ls-flag\"\n            src=\"https:\/\/palaciosalort.com\/wp-content\/plugins\/sitepress-multilingual-cms\/res\/flags\/it.svg\"\n            alt=\"Italien\"\n            loading=\"lazy\"\n            width=18\n            height=12\n    \/><\/a>\n\t\t\t<\/li><li class=\"wpml-ls-slot-shortcode_actions wpml-ls-item wpml-ls-item-es wpml-ls-item-legacy-list-horizontal\">\n\t\t\t\t<a href=\"http:\/\/palaciosalort.com\/\" hreflang=\"es\" lang=\"es\" class=\"wpml-ls-link\" aria-label=\"Passer \u00e0 Espagnol\" title=\"Passer \u00e0 Espagnol\">\n\t\t\t\t\t                                    <img decoding=\"async\"\n            class=\"wpml-ls-flag\"\n            src=\"https:\/\/palaciosalort.com\/wp-content\/plugins\/sitepress-multilingual-cms\/res\/flags\/es.svg\"\n            alt=\"Espagnol\"\n            loading=\"lazy\"\n            width=18\n            height=12\n    \/><\/a>\n\t\t\t<\/li><li class=\"wpml-ls-slot-shortcode_actions wpml-ls-item wpml-ls-item-ca wpml-ls-last-item wpml-ls-item-legacy-list-horizontal\">\n\t\t\t\t<a href=\"http:\/\/palaciosalort.com\/ca\/\" hreflang=\"ca\" lang=\"ca\" class=\"wpml-ls-link\" aria-label=\"Passer \u00e0 Catalan\" title=\"Passer \u00e0 Catalan\">\n\t\t\t\t\t                                    <img decoding=\"async\"\n            class=\"wpml-ls-flag\"\n            src=\"https:\/\/palaciosalort.com\/wp-content\/plugins\/sitepress-multilingual-cms\/res\/flags\/ca.svg\"\n            alt=\"Catalan\"\n            loading=\"lazy\"\n            width=18\n            height=12\n    \/><\/a>\n\t\t\t<\/li><\/ul>\n<\/div>\n<\/div>\t\t\t\t<\/div>\n\t\t\t\t<\/div>\n\t\t\t\t<\/div>\n\t\t\t\t<div class=\"elementor-element elementor-element-146e78d elementor-widget elementor-widget-html\" data-id=\"146e78d\" data-element_type=\"widget\" data-e-type=\"widget\" data-widget_type=\"html.default\">\n\t\t\t\t<div class=\"elementor-widget-container\">\n\t\t\t\t\t<script>document.addEventListener(\"DOMContentLoaded\", function () {\n    \/\/ Detectar idioma actual\n    const idioma = document.documentElement.lang.split('-')[0]; \/\/ \"es\", \"en\", \"fr\"...\n\n    \/\/ Buscar el bot\u00f3n\/enlace\n    const boton = document.getElementById(\"botonEntrar\");\n\n    if (boton) {\n        \/\/ Obtener href actual\n        let url = boton.getAttribute(\"href\") || \"\";\n\n        \/\/ A\u00f1adir ?lang=idioma (o &lang si ya hay par\u00e1metros)\n        if (url.includes(\"?\")) {\n            url += `&lang=${idioma}`;\n        } else {\n            url += `?lang=${idioma}`;\n        }\n\n        \/\/ Asignar el nuevo enlace\n        boton.setAttribute(\"href\", url);\n    }\n});\n<\/script>\t\t\t\t<\/div>\n\t\t\t\t<\/div>\n\t\t\t\t\t<\/div>\n\t\t\t\t<\/div>\n\t\t<div class=\"elementor-element elementor-element-1d93241 e-flex e-con-boxed e-con e-parent\" data-id=\"1d93241\" data-element_type=\"container\" data-e-type=\"container\" id=\"titulo\">\n\t\t\t\t\t<div class=\"e-con-inner\">\n\t\t\t\t<div class=\"elementor-element elementor-element-3c4f9e3 elementor-widget elementor-widget-heading\" data-id=\"3c4f9e3\" data-element_type=\"widget\" data-e-type=\"widget\" data-widget_type=\"heading.default\">\n\t\t\t\t<div class=\"elementor-widget-container\">\n\t\t\t\t\t<h2 class=\"elementor-heading-title elementor-size-default\">Pedro Martorell y Gomila (Ciutadella, 1736\u20131809)<\/h2>\t\t\t\t<\/div>\n\t\t\t\t<\/div>\n\t\t\t\t<div class=\"elementor-element elementor-element-d7805b3 elementor-widget elementor-widget-text-editor\" data-id=\"d7805b3\" data-element_type=\"widget\" data-e-type=\"widget\" data-widget_type=\"text-editor.default\">\n\t\t\t\t<div class=\"elementor-widget-container\">\n\t\t\t\t\t\t\t\t\t<p><span style=\"font-weight: 400;\">Il naquit \u00e0 Ciutadella en 1736.<\/span><\/p><p><span style=\"font-weight: 400;\">Fils de Gabriel Martorell et d\u2019\u00c1gueda Gomila, il \u00e9pousa Antonia Olives y Squella, unissant ainsi deux des lign\u00e9es les plus influentes de l\u2019\u00eele.<\/span><\/p><p><span style=\"font-weight: 400;\">Pedro \u00e9tait le fr\u00e8re cadet de Gabino Martorell Gomila, \u00e0 qui le roi Charles IV, par un d\u00e9cret royal de mars 1789 et une patente d\u00e9livr\u00e9e en d\u00e9cembre 1797, conf\u00e9ra le marquisat d\u2019Albranca, avec le vicomt\u00e9 pr\u00e9alable de Day\u00e1, pour sa collaboration \u00e0 la reconqu\u00eate de Minorque sur les Anglais en 1782.<\/span><\/p><p><span style=\"font-weight: 400;\">Le mariage de Pedro Martorell Gomila avec Antonia Olives Squella confirma les alliances traditionnelles entre les maisons seigneuriales de Ciutadella, renfor\u00e7ant la pr\u00e9sence des deux noms de famille dans la soci\u00e9t\u00e9, l\u2019\u00e9conomie et les institutions locales.<\/span><\/p><p><span style=\"font-weight: 400;\">\u00c9duqu\u00e9 \u00e0 Ciutadella, Pedro Martorell, qui ne b\u00e9n\u00e9ficiait pas des droits propres \u00e0 la primog\u00e9niture et au majorat, eut n\u00e9anmoins acc\u00e8s aux salons et aux \u00e9v\u00e9nements r\u00e9serv\u00e9s \u00e0 la noblesse minorquine. Son mariage avec Antonia Olives y Squella consolida sa position sociale et lui permit de participer \u00e0 la gestion des domaines familiaux, ainsi que d\u2019\u00eatre le patron de diverses festivit\u00e9s paroissiales. <\/span><\/p><p><span style=\"font-weight: 400;\">Tandis que son fr\u00e8re a\u00een\u00e9 Gabino acquit une importance publique gr\u00e2ce aux fonctions successives qu\u2019il exer\u00e7a \u2014 jur\u00e9 et conseiller militaire, bayle general, mostassaf et clavario general \u2014, Pedro conserva un profil discret, se consacrant \u00e0 l\u2019administration des<\/span> <i><span style=\"font-weight: 400;\">llocs<\/span><\/i> <span style=\"font-weight: 400;\"> provenant des maisons Martorell et Olives, ainsi qu\u2019au soutien d\u2019\u0153uvres caritatives \u00e0 Ciutadella.<\/span> <\/p><p><span style=\"font-weight: 400;\">Dans les archives du comt\u00e9 de Torre Saura est conserv\u00e9e la procuration que, en 1822, Pedro Martorell Gomila accorda au pr\u00eatre Rafael Bru afin qu\u2019il le repr\u00e9sente aupr\u00e8s de la Junta des Propri\u00e9taires des<\/span> <i><span style=\"font-weight: 400;\">cavalleries<\/span><\/i> <span style=\"font-weight: 400;\"> de Minorque.<\/span><\/p>\t\t\t\t\t\t\t\t<\/div>\n\t\t\t\t<\/div>\n\t\t\t\t\t<\/div>\n\t\t\t\t<\/div>\n\t\t\t\t<\/div>\n\t\t","protected":false},"excerpt":{"rendered":"<p>Pedro Martorell y Gomila (Ciutadella, 1736\u20131809) Il naquit \u00e0 Ciutadella en 1736. Fils de Gabriel Martorell et d\u2019\u00c1gueda Gomila, il \u00e9pousa Antonia Olives y Squella, unissant ainsi deux des lign\u00e9es les plus influentes de l\u2019\u00eele. Pedro \u00e9tait le fr\u00e8re cadet de Gabino Martorell Gomila, \u00e0 qui le roi Charles IV, par un d\u00e9cret royal de [&hellip;]<\/p>\n","protected":false},"author":1,"featured_media":0,"parent":0,"menu_order":0,"comment_status":"closed","ping_status":"closed","template":"elementor_canvas","meta":{"footnotes":""},"class_list":["post-2784","page","type-page","status-publish","hentry"],"yoast_head":"<!-- This site is optimized with the Yoast SEO plugin v27.2 - https:\/\/yoast.com\/product\/yoast-seo-wordpress\/ -->\n<title>V\u00eddeo Pedro Martorell - Palau Salort<\/title>\n<meta name=\"robots\" content=\"noindex, nofollow\" \/>\n<meta property=\"og:locale\" content=\"fr_FR\" \/>\n<meta property=\"og:type\" content=\"article\" \/>\n<meta property=\"og:title\" content=\"V\u00eddeo Pedro Martorell - Palau Salort\" \/>\n<meta property=\"og:description\" content=\"Pedro Martorell y Gomila (Ciutadella, 1736\u20131809) Il naquit \u00e0 Ciutadella en 1736. Fils de Gabriel Martorell et d\u2019\u00c1gueda Gomila, il \u00e9pousa Antonia Olives y Squella, unissant ainsi deux des lign\u00e9es les plus influentes de l\u2019\u00eele. Pedro \u00e9tait le fr\u00e8re cadet de Gabino Martorell Gomila, \u00e0 qui le roi Charles IV, par un d\u00e9cret royal de [&hellip;]\" \/>\n<meta property=\"og:url\" content=\"https:\/\/palaciosalort.com\/video-pedro-martorell\/\" \/>\n<meta property=\"og:site_name\" content=\"Palau Salort\" \/>\n<meta property=\"article:modified_time\" content=\"2026-03-25T16:21:50+00:00\" \/>\n<meta name=\"twitter:card\" content=\"summary_large_image\" \/>\n<meta name=\"twitter:label1\" content=\"Dur\u00e9e de lecture estim\u00e9e\" \/>\n\t<meta name=\"twitter:data1\" content=\"3 minutes\" \/>\n<script type=\"application\/ld+json\" class=\"yoast-schema-graph\">{\"@context\":\"https:\/\/schema.org\",\"@graph\":[{\"@type\":\"WebPage\",\"@id\":\"https:\/\/palaciosalort.com\/video-pedro-martorell\/\",\"url\":\"https:\/\/palaciosalort.com\/video-pedro-martorell\/\",\"name\":\"V\u00eddeo Pedro Martorell - Palau Salort\",\"isPartOf\":{\"@id\":\"https:\/\/palaciosalort.com\/#website\"},\"datePublished\":\"2025-08-01T09:11:45+00:00\",\"dateModified\":\"2026-03-25T16:21:50+00:00\",\"breadcrumb\":{\"@id\":\"https:\/\/palaciosalort.com\/video-pedro-martorell\/#breadcrumb\"},\"inLanguage\":\"fr-FR\",\"potentialAction\":[{\"@type\":\"ReadAction\",\"target\":[\"https:\/\/palaciosalort.com\/video-pedro-martorell\/\"]}]},{\"@type\":\"BreadcrumbList\",\"@id\":\"https:\/\/palaciosalort.com\/video-pedro-martorell\/#breadcrumb\",\"itemListElement\":[{\"@type\":\"ListItem\",\"position\":1,\"name\":\"Portada\",\"item\":\"https:\/\/palaciosalort.com\/\"},{\"@type\":\"ListItem\",\"position\":2,\"name\":\"V\u00eddeo Pedro Martorell\"}]},{\"@type\":\"WebSite\",\"@id\":\"https:\/\/palaciosalort.com\/#website\",\"url\":\"https:\/\/palaciosalort.com\/\",\"name\":\"Palacio Salort\",\"description\":\"Disfruta de una gran experi\u00e9ncia en el Palau Salort\",\"publisher\":{\"@id\":\"https:\/\/palaciosalort.com\/#organization\"},\"potentialAction\":[{\"@type\":\"SearchAction\",\"target\":{\"@type\":\"EntryPoint\",\"urlTemplate\":\"https:\/\/palaciosalort.com\/?s={search_term_string}\"},\"query-input\":{\"@type\":\"PropertyValueSpecification\",\"valueRequired\":true,\"valueName\":\"search_term_string\"}}],\"inLanguage\":\"fr-FR\"},{\"@type\":\"Organization\",\"@id\":\"https:\/\/palaciosalort.com\/#organization\",\"name\":\"Palacio Salort\",\"url\":\"https:\/\/palaciosalort.com\/\",\"logo\":{\"@type\":\"ImageObject\",\"inLanguage\":\"fr-FR\",\"@id\":\"https:\/\/palaciosalort.com\/#\/schema\/logo\/image\/\",\"url\":\"https:\/\/palaciosalort.com\/wp-content\/uploads\/2023\/05\/Diseno-sin-titulo-7.jpg\",\"contentUrl\":\"https:\/\/palaciosalort.com\/wp-content\/uploads\/2023\/05\/Diseno-sin-titulo-7.jpg\",\"width\":40,\"height\":40,\"caption\":\"Palacio Salort\"},\"image\":{\"@id\":\"https:\/\/palaciosalort.com\/#\/schema\/logo\/image\/\"}}]}<\/script>\n<!-- \/ Yoast SEO plugin. -->","yoast_head_json":{"title":"V\u00eddeo Pedro Martorell - Palau Salort","robots":{"index":"noindex","follow":"nofollow"},"og_locale":"fr_FR","og_type":"article","og_title":"V\u00eddeo Pedro Martorell - Palau Salort","og_description":"Pedro Martorell y Gomila (Ciutadella, 1736\u20131809) Il naquit \u00e0 Ciutadella en 1736. Fils de Gabriel Martorell et d\u2019\u00c1gueda Gomila, il \u00e9pousa Antonia Olives y Squella, unissant ainsi deux des lign\u00e9es les plus influentes de l\u2019\u00eele. Pedro \u00e9tait le fr\u00e8re cadet de Gabino Martorell Gomila, \u00e0 qui le roi Charles IV, par un d\u00e9cret royal de [&hellip;]","og_url":"https:\/\/palaciosalort.com\/video-pedro-martorell\/","og_site_name":"Palau Salort","article_modified_time":"2026-03-25T16:21:50+00:00","twitter_card":"summary_large_image","twitter_misc":{"Dur\u00e9e de lecture estim\u00e9e":"3 minutes"},"schema":{"@context":"https:\/\/schema.org","@graph":[{"@type":"WebPage","@id":"https:\/\/palaciosalort.com\/video-pedro-martorell\/","url":"https:\/\/palaciosalort.com\/video-pedro-martorell\/","name":"V\u00eddeo Pedro Martorell - Palau Salort","isPartOf":{"@id":"https:\/\/palaciosalort.com\/#website"},"datePublished":"2025-08-01T09:11:45+00:00","dateModified":"2026-03-25T16:21:50+00:00","breadcrumb":{"@id":"https:\/\/palaciosalort.com\/video-pedro-martorell\/#breadcrumb"},"inLanguage":"fr-FR","potentialAction":[{"@type":"ReadAction","target":["https:\/\/palaciosalort.com\/video-pedro-martorell\/"]}]},{"@type":"BreadcrumbList","@id":"https:\/\/palaciosalort.com\/video-pedro-martorell\/#breadcrumb","itemListElement":[{"@type":"ListItem","position":1,"name":"Portada","item":"https:\/\/palaciosalort.com\/"},{"@type":"ListItem","position":2,"name":"V\u00eddeo Pedro Martorell"}]},{"@type":"WebSite","@id":"https:\/\/palaciosalort.com\/#website","url":"https:\/\/palaciosalort.com\/","name":"Palacio Salort","description":"Disfruta de una gran experi\u00e9ncia en el Palau Salort","publisher":{"@id":"https:\/\/palaciosalort.com\/#organization"},"potentialAction":[{"@type":"SearchAction","target":{"@type":"EntryPoint","urlTemplate":"https:\/\/palaciosalort.com\/?s={search_term_string}"},"query-input":{"@type":"PropertyValueSpecification","valueRequired":true,"valueName":"search_term_string"}}],"inLanguage":"fr-FR"},{"@type":"Organization","@id":"https:\/\/palaciosalort.com\/#organization","name":"Palacio Salort","url":"https:\/\/palaciosalort.com\/","logo":{"@type":"ImageObject","inLanguage":"fr-FR","@id":"https:\/\/palaciosalort.com\/#\/schema\/logo\/image\/","url":"https:\/\/palaciosalort.com\/wp-content\/uploads\/2023\/05\/Diseno-sin-titulo-7.jpg","contentUrl":"https:\/\/palaciosalort.com\/wp-content\/uploads\/2023\/05\/Diseno-sin-titulo-7.jpg","width":40,"height":40,"caption":"Palacio Salort"},"image":{"@id":"https:\/\/palaciosalort.com\/#\/schema\/logo\/image\/"}}]}},"_links":{"self":[{"href":"https:\/\/palaciosalort.com\/fr\/wp-json\/wp\/v2\/pages\/2784","targetHints":{"allow":["GET"]}}],"collection":[{"href":"https:\/\/palaciosalort.com\/fr\/wp-json\/wp\/v2\/pages"}],"about":[{"href":"https:\/\/palaciosalort.com\/fr\/wp-json\/wp\/v2\/types\/page"}],"author":[{"embeddable":true,"href":"https:\/\/palaciosalort.com\/fr\/wp-json\/wp\/v2\/users\/1"}],"replies":[{"embeddable":true,"href":"https:\/\/palaciosalort.com\/fr\/wp-json\/wp\/v2\/comments?post=2784"}],"version-history":[{"count":9,"href":"https:\/\/palaciosalort.com\/fr\/wp-json\/wp\/v2\/pages\/2784\/revisions"}],"predecessor-version":[{"id":4005,"href":"https:\/\/palaciosalort.com\/fr\/wp-json\/wp\/v2\/pages\/2784\/revisions\/4005"}],"wp:attachment":[{"href":"https:\/\/palaciosalort.com\/fr\/wp-json\/wp\/v2\/media?parent=2784"}],"curies":[{"name":"wp","href":"https:\/\/api.w.org\/{rel}","templated":true}]}}