{"id":2160,"date":"2025-06-11T06:57:34","date_gmt":"2025-06-11T06:57:34","guid":{"rendered":"https:\/\/palaciosalort.com\/video-tomas-j-de-salort\/"},"modified":"2026-03-25T16:24:44","modified_gmt":"2026-03-25T16:24:44","slug":"video-tomas-j-de-salort","status":"publish","type":"page","link":"https:\/\/palaciosalort.com\/fr\/video-tomas-j-de-salort\/","title":{"rendered":"V\u00eddeo Tom\u00e1s J. de Salort"},"content":{"rendered":"\t\t<div data-elementor-type=\"wp-page\" data-elementor-id=\"2160\" class=\"elementor elementor-2160 elementor-1973\" data-elementor-post-type=\"page\">\n\t\t\t\t<div class=\"elementor-element elementor-element-3015e73 e-flex e-con-boxed e-con e-parent\" data-id=\"3015e73\" data-element_type=\"container\" data-e-type=\"container\">\n\t\t\t\t\t<div class=\"e-con-inner\">\n\t\t\t\t<div class=\"elementor-element elementor-element-eea020a elementor-widget elementor-widget-video\" data-id=\"eea020a\" data-element_type=\"widget\" data-e-type=\"widget\" data-settings=\"{&quot;youtube_url&quot;:&quot;https:\\\/\\\/www.youtube.com\\\/shorts\\\/wyMAGVjYN3g&quot;,&quot;autoplay&quot;:&quot;yes&quot;,&quot;video_type&quot;:&quot;youtube&quot;,&quot;controls&quot;:&quot;yes&quot;}\" data-widget_type=\"video.default\">\n\t\t\t\t<div class=\"elementor-widget-container\">\n\t\t\t\t\t\t\t<div class=\"elementor-wrapper elementor-open-inline\">\n\t\t\t<div class=\"elementor-video\"><\/div>\t\t<\/div>\n\t\t\t\t\t\t<\/div>\n\t\t\t\t<\/div>\n\t\t\t\t\t<\/div>\n\t\t\t\t<\/div>\n\t\t<div class=\"elementor-element elementor-element-f9db187 e-flex e-con-boxed e-con e-parent\" data-id=\"f9db187\" data-element_type=\"container\" data-e-type=\"container\">\n\t\t\t\t\t<div class=\"e-con-inner\">\n\t\t<div class=\"elementor-element elementor-element-525b490 e-con-full e-flex e-con e-child\" data-id=\"525b490\" data-element_type=\"container\" data-e-type=\"container\">\n\t\t\t\t<div class=\"elementor-element elementor-element-8ee7e80 elementor-align-left elementor-mobile-align-left elementor-widget elementor-widget-button\" data-id=\"8ee7e80\" data-element_type=\"widget\" data-e-type=\"widget\" data-widget_type=\"button.default\">\n\t\t\t\t<div class=\"elementor-widget-container\">\n\t\t\t\t\t\t\t\t\t<div class=\"elementor-button-wrapper\">\n\t\t\t\t\t<a class=\"elementor-button elementor-button-link elementor-size-md\" href=\"#titulo\">\n\t\t\t\t\t\t<span class=\"elementor-button-content-wrapper\">\n\t\t\t\t\t\t<span class=\"elementor-button-icon\">\n\t\t\t\t<svg aria-hidden=\"true\" class=\"e-font-icon-svg e-fas-info-circle\" viewBox=\"0 0 512 512\" xmlns=\"http:\/\/www.w3.org\/2000\/svg\"><path d=\"M256 8C119.043 8 8 119.083 8 256c0 136.997 111.043 248 248 248s248-111.003 248-248C504 119.083 392.957 8 256 8zm0 110c23.196 0 42 18.804 42 42s-18.804 42-42 42-42-18.804-42-42 18.804-42 42-42zm56 254c0 6.627-5.373 12-12 12h-88c-6.627 0-12-5.373-12-12v-24c0-6.627 5.373-12 12-12h12v-64h-12c-6.627 0-12-5.373-12-12v-24c0-6.627 5.373-12 12-12h64c6.627 0 12 5.373 12 12v100h12c6.627 0 12 5.373 12 12v24z\"><\/path><\/svg>\t\t\t<\/span>\n\t\t\t\t\t\t\t\t<\/span>\n\t\t\t\t\t<\/a>\n\t\t\t\t<\/div>\n\t\t\t\t\t\t\t\t<\/div>\n\t\t\t\t<\/div>\n\t\t\t\t<div class=\"elementor-element elementor-element-a82158e elementor-widget elementor-widget-wpml-language-switcher\" data-id=\"a82158e\" data-element_type=\"widget\" data-e-type=\"widget\" data-widget_type=\"wpml-language-switcher.default\">\n\t\t\t\t<div class=\"elementor-widget-container\">\n\t\t\t\t\t<div class=\"wpml-elementor-ls\">\n<div role=\"navigation\" aria-label=\"S\u00e9lecteur de langue\" class=\"wpml-ls-statics-shortcode_actions wpml-ls wpml-ls-legacy-list-horizontal\">\n\t<ul><li class=\"wpml-ls-slot-shortcode_actions wpml-ls-item wpml-ls-item-en wpml-ls-first-item wpml-ls-item-legacy-list-horizontal\">\n\t\t\t\t<a href=\"http:\/\/palaciosalort.com\/en\/\" hreflang=\"en\" lang=\"en\" class=\"wpml-ls-link\" aria-label=\"Passer \u00e0 Anglais\" title=\"Passer \u00e0 Anglais\">\n\t\t\t\t\t                                    <img decoding=\"async\"\n            class=\"wpml-ls-flag\"\n            src=\"https:\/\/palaciosalort.com\/wp-content\/plugins\/sitepress-multilingual-cms\/res\/flags\/en.svg\"\n            alt=\"Anglais\"\n            loading=\"lazy\"\n            width=18\n            height=12\n    \/><\/a>\n\t\t\t<\/li><li class=\"wpml-ls-slot-shortcode_actions wpml-ls-item wpml-ls-item-fr wpml-ls-current-language wpml-ls-item-legacy-list-horizontal\">\n\t\t\t\t<a href=\"http:\/\/palaciosalort.com\/fr\/\" hreflang=\"fr\" lang=\"fr\" class=\"wpml-ls-link\" aria-current=\"page\" aria-label=\"Passer \u00e0 Fran\u00e7ais\" title=\"Passer \u00e0 Fran\u00e7ais\">\n\t\t\t\t\t                                    <img decoding=\"async\"\n            class=\"wpml-ls-flag\"\n            src=\"https:\/\/palaciosalort.com\/wp-content\/plugins\/sitepress-multilingual-cms\/res\/flags\/fr.svg\"\n            alt=\"Fran\u00e7ais\"\n            loading=\"lazy\"\n            width=18\n            height=12\n    \/><\/a>\n\t\t\t<\/li><li class=\"wpml-ls-slot-shortcode_actions wpml-ls-item wpml-ls-item-de wpml-ls-item-legacy-list-horizontal\">\n\t\t\t\t<a href=\"http:\/\/palaciosalort.com\/de\/\" hreflang=\"de\" lang=\"de\" class=\"wpml-ls-link\" aria-label=\"Passer \u00e0 Allemand\" title=\"Passer \u00e0 Allemand\">\n\t\t\t\t\t                                    <img decoding=\"async\"\n            class=\"wpml-ls-flag\"\n            src=\"https:\/\/palaciosalort.com\/wp-content\/plugins\/sitepress-multilingual-cms\/res\/flags\/de.svg\"\n            alt=\"Allemand\"\n            loading=\"lazy\"\n            width=18\n            height=12\n    \/><\/a>\n\t\t\t<\/li><li class=\"wpml-ls-slot-shortcode_actions wpml-ls-item wpml-ls-item-it wpml-ls-item-legacy-list-horizontal\">\n\t\t\t\t<a href=\"http:\/\/palaciosalort.com\/it\/\" hreflang=\"it\" lang=\"it\" class=\"wpml-ls-link\" aria-label=\"Passer \u00e0 Italien\" title=\"Passer \u00e0 Italien\">\n\t\t\t\t\t                                    <img decoding=\"async\"\n            class=\"wpml-ls-flag\"\n            src=\"https:\/\/palaciosalort.com\/wp-content\/plugins\/sitepress-multilingual-cms\/res\/flags\/it.svg\"\n            alt=\"Italien\"\n            loading=\"lazy\"\n            width=18\n            height=12\n    \/><\/a>\n\t\t\t<\/li><li class=\"wpml-ls-slot-shortcode_actions wpml-ls-item wpml-ls-item-es wpml-ls-item-legacy-list-horizontal\">\n\t\t\t\t<a href=\"http:\/\/palaciosalort.com\/\" hreflang=\"es\" lang=\"es\" class=\"wpml-ls-link\" aria-label=\"Passer \u00e0 Espagnol\" title=\"Passer \u00e0 Espagnol\">\n\t\t\t\t\t                                    <img decoding=\"async\"\n            class=\"wpml-ls-flag\"\n            src=\"https:\/\/palaciosalort.com\/wp-content\/plugins\/sitepress-multilingual-cms\/res\/flags\/es.svg\"\n            alt=\"Espagnol\"\n            loading=\"lazy\"\n            width=18\n            height=12\n    \/><\/a>\n\t\t\t<\/li><li class=\"wpml-ls-slot-shortcode_actions wpml-ls-item wpml-ls-item-ca wpml-ls-last-item wpml-ls-item-legacy-list-horizontal\">\n\t\t\t\t<a href=\"http:\/\/palaciosalort.com\/ca\/\" hreflang=\"ca\" lang=\"ca\" class=\"wpml-ls-link\" aria-label=\"Passer \u00e0 Catalan\" title=\"Passer \u00e0 Catalan\">\n\t\t\t\t\t                                    <img decoding=\"async\"\n            class=\"wpml-ls-flag\"\n            src=\"https:\/\/palaciosalort.com\/wp-content\/plugins\/sitepress-multilingual-cms\/res\/flags\/ca.svg\"\n            alt=\"Catalan\"\n            loading=\"lazy\"\n            width=18\n            height=12\n    \/><\/a>\n\t\t\t<\/li><\/ul>\n<\/div>\n<\/div>\t\t\t\t<\/div>\n\t\t\t\t<\/div>\n\t\t\t\t<\/div>\n\t\t\t\t<div class=\"elementor-element elementor-element-f766b4a elementor-widget elementor-widget-html\" data-id=\"f766b4a\" data-element_type=\"widget\" data-e-type=\"widget\" data-widget_type=\"html.default\">\n\t\t\t\t<div class=\"elementor-widget-container\">\n\t\t\t\t\t<script>document.addEventListener(\"DOMContentLoaded\", function () {\n    \/\/ Detectar idioma actual\n    const idioma = document.documentElement.lang.split('-')[0]; \/\/ \"es\", \"en\", \"fr\"...\n\n    \/\/ Buscar el bot\u00f3n\/enlace\n    const boton = document.getElementById(\"botonEntrar\");\n\n    if (boton) {\n        \/\/ Obtener href actual\n        let url = boton.getAttribute(\"href\") || \"\";\n\n        \/\/ A\u00f1adir ?lang=idioma (o &lang si ya hay par\u00e1metros)\n        if (url.includes(\"?\")) {\n            url += `&lang=${idioma}`;\n        } else {\n            url += `?lang=${idioma}`;\n        }\n\n        \/\/ Asignar el nuevo enlace\n        boton.setAttribute(\"href\", url);\n    }\n});\n<\/script>\t\t\t\t<\/div>\n\t\t\t\t<\/div>\n\t\t\t\t\t<\/div>\n\t\t\t\t<\/div>\n\t\t<div class=\"elementor-element elementor-element-7ffaf10 e-flex e-con-boxed e-con e-parent\" data-id=\"7ffaf10\" data-element_type=\"container\" data-e-type=\"container\" id=\"titulo\">\n\t\t\t\t\t<div class=\"e-con-inner\">\n\t\t\t\t<div class=\"elementor-element elementor-element-d4c7b3f elementor-widget elementor-widget-heading\" data-id=\"d4c7b3f\" data-element_type=\"widget\" data-e-type=\"widget\" data-widget_type=\"heading.default\">\n\t\t\t\t<div class=\"elementor-widget-container\">\n\t\t\t\t\t<h2 class=\"elementor-heading-title elementor-size-default\">Tom\u00e1s J. de Salort y Salort \n<\/h2>\t\t\t\t<\/div>\n\t\t\t\t<\/div>\n\t\t\t\t<div class=\"elementor-element elementor-element-8208766 elementor-widget elementor-widget-text-editor\" data-id=\"8208766\" data-element_type=\"widget\" data-e-type=\"widget\" data-widget_type=\"text-editor.default\">\n\t\t\t\t<div class=\"elementor-widget-container\">\n\t\t\t\t\t\t\t\t\t<p><span style=\"font-weight: 400;\">Tom\u00e1s J. de Salort y Salort (Ciutadella, 1832 \u2013 Ciutadella, 1901) fut un noble et homme politique minorquin qui exer\u00e7a la charge de maire de Ciutadella en 1867 et 1868. Le 13 f\u00e9vrier 1873, il \u00e9pousa Ignacia Martorell Squella, issue de deux des familles les plus distingu\u00e9es de l\u2019aristocratie minorquine. <\/span><\/p><p><span style=\"font-weight: 400;\">La pr\u00e9sence des Salort \u00e0 Minorque remonte \u00e0 la conqu\u00eate de 1287, men\u00e9e par Alphonse III le Lib\u00e9ral, qui mit fin \u00e0 quatre si\u00e8cles de domination musulmane sur l\u2019\u00eele et entra\u00eena son incorporation \u00e0 la Couronne d\u2019Aragon. Bernat Salort, de Monfort, y participa en tant que capitaine dans la flotte qui appareilla de Salou pour mener \u00e0 bien cette action militaire.  <\/span><\/p><p><span style=\"font-weight: 400;\">En 1864, Isabelle II d\u00e9livra une patente royale qui confirma l\u2019ancienne noblesse de la maison Salort de Minorque, en accordant le titre de chevalier \u00e0 Diego de Salort y de Salort, de la branche d\u2019Alaior, ainsi qu\u2019\u00e0 Tom\u00e1s J. de Salort y de Salort, de Ciutadella, qui inaugura la participation de la famille en tant que caixers senyors aux f\u00eates de Sant Joan. <\/span><\/p><p><span style=\"font-weight: 400;\">Tom\u00e1s J. de Salort y de Salort pr\u00e9sida la c\u00e9l\u00e9bration de<\/span><i><span style=\"font-weight: 400;\"> Sant Joan.<\/span><\/i> <span style=\"font-weight: 400;\">pendant le biennat 1866-1867, \u00e9tant le premier membre de la famille Salort \u00e0 assumer cette responsabilit\u00e9. Le dernier a \u00e9t\u00e9, durant le biennat 2024-2025, Carlos de Salort Pons, fils du huiti\u00e8me comte de Torre Saura, Carlos de Salort Sintes, qui fut caixer senyor durant le biennat 1980-1981. <\/span><\/p><p> <\/p><h4><b>Mairie de Ciutadella (1867\u20131868)<\/b><\/h4><p><span style=\"font-weight: 400;\">Durant le mandat de Tom\u00e1s J. de Salort \u00e0 la t\u00eate de la mairie de Ciutadella, qui co\u00efncida avec les derni\u00e8res ann\u00e9es du r\u00e8gne isabellin, plusieurs \u00e9v\u00e9nements marquants eurent lieu \u00e0 Ciutadella.<\/span><\/p><p><span style=\"font-weight: 400;\">En d\u00e9cembre 1867, sous la pr\u00e9sidence du maire Salort, Ciutadella re\u00e7ut David G. Farragut (1801-1870), premier amiral des \u00c9tats-Unis, qui joua un r\u00f4le important dans la guerre de S\u00e9cession am\u00e9ricaine. Il \u00e9tait le fils de Jordi Farragut Mesquida, n\u00e9 \u00e0 Ciutadella en 1755.  <\/span><\/p><p><span style=\"font-weight: 400;\">La corporation municipale de Ciutadella, dirig\u00e9e par Tom\u00e1s J. de Salort, d\u00e9cida de nommer l\u2019amiral Farragut Fils Adoptif de la ville en reconnaissance de sa carri\u00e8re et de ses succ\u00e8s militaires. Une d\u00e9cision qui marque le d\u00e9but de la relation de Ciutadella avec la Navy League et la c\u00e9l\u00e9bration du\u2026  <\/span><i><span style=\"font-weight: 400;\">Memorial Day<\/span><\/i><span style=\"font-weight: 400;\">, l\u2019hommage annuel devant le buste de David G. Farragut, \u00e0 c\u00f4t\u00e9 du Castell de Sant Nicolau, \u00e0 l\u2019embouchure du port.<\/span><\/p><h4> <\/h4><h4><b>Contexte historique et h\u00e9ritage<\/b><\/h4><p><span style=\"font-weight: 400;\">La Minorque de la seconde moiti\u00e9 du XIX\u1d49 si\u00e8cle connut une p\u00e9riode de transformations politiques et sociales parall\u00e8les \u00e0 celles de l\u2019ensemble de l\u2019Espagne.<\/span><\/p><p><span style=\"font-weight: 400;\">Apr\u00e8s la chute d\u2019Isabelle II, la junte r\u00e9volutionnaire locale de Ciutadella, avec la participation remarquable du chanoine Camilo Moj\u00f3n, impulsa des mesures de modernisation, telles que la d\u00e9molition des remparts pour favoriser l\u2019expansion de la ville, laquelle inclut les b\u00e2timents touch\u00e9s par la D\u00e9samortisation des biens des ordres r\u00e9guliers. <\/span><\/p><p><span style=\"font-weight: 400;\">Parmi eux, la d\u00e9molition du couvent de San Francisco, avec le d\u00e9veloppement du nouveau trac\u00e9 urbain depuis la place du Borne jusqu\u2019\u00e0 la Contramurada, le nouvel espace qui surgit apr\u00e8s la d\u00e9molition des remparts. Il encouragea \u00e9galement la construction d\u2019un march\u00e9 public couvert sur la place de la Libert\u00e9, dont les travaux commenc\u00e8rent en 1868 et qui fut inaugur\u00e9 en 1869. <\/span><\/p><p><span style=\"font-weight: 400;\">Avec la restauration de la monarchie en 1875, Tom\u00e1s J. de Salort, qui se consacra \u00e0 la gestion des domaines agricoles de la famille, continua d\u2019\u00eatre une figure respect\u00e9e et appr\u00e9ci\u00e9e dans la soci\u00e9t\u00e9 de Ciutadella, \u00e9tant consult\u00e9 sur de nombreuses questions locales en raison de la valeur accord\u00e9e \u00e0 ses avis et \u00e0 ses crit\u00e8res.<\/span><\/p><p><span style=\"font-weight: 400;\">Tom\u00e1s J. de Salort Salort mourut en 1901, apr\u00e8s avoir marqu\u00e9 sept d\u00e9cennies de l\u2019histoire minorquine du XIX\u1d49 si\u00e8cle \u00e0 Ciutadella.<\/span><\/p>\t\t\t\t\t\t\t\t<\/div>\n\t\t\t\t<\/div>\n\t\t\t\t\t<\/div>\n\t\t\t\t<\/div>\n\t\t<div class=\"elementor-element elementor-element-2c5e883 e-flex e-con-boxed e-con e-parent\" data-id=\"2c5e883\" data-element_type=\"container\" data-e-type=\"container\">\n\t\t\t\t\t<div class=\"e-con-inner\">\n\t\t\t\t<div class=\"elementor-element elementor-element-ee6c00a elementor-widget elementor-widget-html\" data-id=\"ee6c00a\" data-element_type=\"widget\" data-e-type=\"widget\" data-widget_type=\"html.default\">\n\t\t\t\t<div class=\"elementor-widget-container\">\n\t\t\t\t\t<script>\/\/ Esperamos a que el DOM cargue completamente\r\n  document.addEventListener('DOMContentLoaded', () => {\r\n    \/\/ Obtenemos el idioma (por ejemplo: \"en-US\", \"es-ES\")\r\n    const langCompleto = document.documentElement.lang || 'es';\r\n    \/\/ Recortamos a la parte corta (ej: \"en\", \"es\")\r\n    const idiomaCorto = langCompleto.split('-')[0];\r\n    \/\/ Guardamos el idioma en localStorage\r\n    localStorage.setItem('idioma_usuario', idiomaCorto);\r\n    console.log(\"Idioma guardado (recortado):\", idiomaCorto);\r\n  });\r\n<\/script>\t\t\t\t<\/div>\n\t\t\t\t<\/div>\n\t\t\t\t\t<\/div>\n\t\t\t\t<\/div>\n\t\t\t\t<\/div>\n\t\t","protected":false},"excerpt":{"rendered":"<p>Tom\u00e1s J. de Salort y Salort Tom\u00e1s J. de Salort y Salort (Ciutadella, 1832 \u2013 Ciutadella, 1901) fut un noble et homme politique minorquin qui exer\u00e7a la charge de maire de Ciutadella en 1867 et 1868. Le 13 f\u00e9vrier 1873, il \u00e9pousa Ignacia Martorell Squella, issue de deux des familles les plus distingu\u00e9es de l\u2019aristocratie [&hellip;]<\/p>\n","protected":false},"author":1,"featured_media":0,"parent":0,"menu_order":0,"comment_status":"closed","ping_status":"closed","template":"elementor_canvas","meta":{"footnotes":""},"class_list":["post-2160","page","type-page","status-publish","hentry"],"yoast_head":"<!-- This site is optimized with the Yoast SEO plugin v27.2 - https:\/\/yoast.com\/product\/yoast-seo-wordpress\/ -->\n<title>V\u00eddeo Tom\u00e1s J. de Salort - Palau Salort<\/title>\n<meta name=\"robots\" content=\"index, follow, max-snippet:-1, max-image-preview:large, max-video-preview:-1\" \/>\n<link rel=\"canonical\" href=\"https:\/\/palaciosalort.com\/video-tomas-j-salort\/\" \/>\n<meta property=\"og:locale\" content=\"fr_FR\" \/>\n<meta property=\"og:type\" content=\"article\" \/>\n<meta property=\"og:title\" content=\"V\u00eddeo Tom\u00e1s J. de Salort - Palau Salort\" \/>\n<meta property=\"og:description\" content=\"Tom\u00e1s J. de Salort y Salort Tom\u00e1s J. de Salort y Salort (Ciutadella, 1832 \u2013 Ciutadella, 1901) fut un noble et homme politique minorquin qui exer\u00e7a la charge de maire de Ciutadella en 1867 et 1868. Le 13 f\u00e9vrier 1873, il \u00e9pousa Ignacia Martorell Squella, issue de deux des familles les plus distingu\u00e9es de l\u2019aristocratie [&hellip;]\" \/>\n<meta property=\"og:url\" content=\"https:\/\/palaciosalort.com\/video-tomas-j-salort\/\" \/>\n<meta property=\"og:site_name\" content=\"Palau Salort\" \/>\n<meta property=\"article:modified_time\" content=\"2026-03-25T16:24:44+00:00\" \/>\n<meta name=\"twitter:card\" content=\"summary_large_image\" \/>\n<meta name=\"twitter:label1\" content=\"Dur\u00e9e de lecture estim\u00e9e\" \/>\n\t<meta name=\"twitter:data1\" content=\"5 minutes\" \/>\n<script type=\"application\/ld+json\" class=\"yoast-schema-graph\">{\"@context\":\"https:\/\/schema.org\",\"@graph\":[{\"@type\":\"WebPage\",\"@id\":\"https:\/\/palaciosalort.com\/video-tomas-j-salort\/\",\"url\":\"https:\/\/palaciosalort.com\/video-tomas-j-salort\/\",\"name\":\"V\u00eddeo Tom\u00e1s J. de Salort - Palau Salort\",\"isPartOf\":{\"@id\":\"https:\/\/palaciosalort.com\/#website\"},\"datePublished\":\"2025-06-11T06:57:34+00:00\",\"dateModified\":\"2026-03-25T16:24:44+00:00\",\"breadcrumb\":{\"@id\":\"https:\/\/palaciosalort.com\/video-tomas-j-salort\/#breadcrumb\"},\"inLanguage\":\"fr-FR\",\"potentialAction\":[{\"@type\":\"ReadAction\",\"target\":[\"https:\/\/palaciosalort.com\/video-tomas-j-salort\/\"]}]},{\"@type\":\"BreadcrumbList\",\"@id\":\"https:\/\/palaciosalort.com\/video-tomas-j-salort\/#breadcrumb\",\"itemListElement\":[{\"@type\":\"ListItem\",\"position\":1,\"name\":\"Portada\",\"item\":\"https:\/\/palaciosalort.com\/\"},{\"@type\":\"ListItem\",\"position\":2,\"name\":\"V\u00eddeo Tom\u00e1s J. de Salort\"}]},{\"@type\":\"WebSite\",\"@id\":\"https:\/\/palaciosalort.com\/#website\",\"url\":\"https:\/\/palaciosalort.com\/\",\"name\":\"Palacio Salort\",\"description\":\"Disfruta de una gran experi\u00e9ncia en el Palau Salort\",\"publisher\":{\"@id\":\"https:\/\/palaciosalort.com\/#organization\"},\"potentialAction\":[{\"@type\":\"SearchAction\",\"target\":{\"@type\":\"EntryPoint\",\"urlTemplate\":\"https:\/\/palaciosalort.com\/?s={search_term_string}\"},\"query-input\":{\"@type\":\"PropertyValueSpecification\",\"valueRequired\":true,\"valueName\":\"search_term_string\"}}],\"inLanguage\":\"fr-FR\"},{\"@type\":\"Organization\",\"@id\":\"https:\/\/palaciosalort.com\/#organization\",\"name\":\"Palacio Salort\",\"url\":\"https:\/\/palaciosalort.com\/\",\"logo\":{\"@type\":\"ImageObject\",\"inLanguage\":\"fr-FR\",\"@id\":\"https:\/\/palaciosalort.com\/#\/schema\/logo\/image\/\",\"url\":\"https:\/\/palaciosalort.com\/wp-content\/uploads\/2023\/05\/Diseno-sin-titulo-7.jpg\",\"contentUrl\":\"https:\/\/palaciosalort.com\/wp-content\/uploads\/2023\/05\/Diseno-sin-titulo-7.jpg\",\"width\":40,\"height\":40,\"caption\":\"Palacio Salort\"},\"image\":{\"@id\":\"https:\/\/palaciosalort.com\/#\/schema\/logo\/image\/\"}}]}<\/script>\n<!-- \/ Yoast SEO plugin. -->","yoast_head_json":{"title":"V\u00eddeo Tom\u00e1s J. de Salort - Palau Salort","robots":{"index":"index","follow":"follow","max-snippet":"max-snippet:-1","max-image-preview":"max-image-preview:large","max-video-preview":"max-video-preview:-1"},"canonical":"https:\/\/palaciosalort.com\/video-tomas-j-salort\/","og_locale":"fr_FR","og_type":"article","og_title":"V\u00eddeo Tom\u00e1s J. de Salort - Palau Salort","og_description":"Tom\u00e1s J. de Salort y Salort Tom\u00e1s J. de Salort y Salort (Ciutadella, 1832 \u2013 Ciutadella, 1901) fut un noble et homme politique minorquin qui exer\u00e7a la charge de maire de Ciutadella en 1867 et 1868. Le 13 f\u00e9vrier 1873, il \u00e9pousa Ignacia Martorell Squella, issue de deux des familles les plus distingu\u00e9es de l\u2019aristocratie [&hellip;]","og_url":"https:\/\/palaciosalort.com\/video-tomas-j-salort\/","og_site_name":"Palau Salort","article_modified_time":"2026-03-25T16:24:44+00:00","twitter_card":"summary_large_image","twitter_misc":{"Dur\u00e9e de lecture estim\u00e9e":"5 minutes"},"schema":{"@context":"https:\/\/schema.org","@graph":[{"@type":"WebPage","@id":"https:\/\/palaciosalort.com\/video-tomas-j-salort\/","url":"https:\/\/palaciosalort.com\/video-tomas-j-salort\/","name":"V\u00eddeo Tom\u00e1s J. de Salort - Palau Salort","isPartOf":{"@id":"https:\/\/palaciosalort.com\/#website"},"datePublished":"2025-06-11T06:57:34+00:00","dateModified":"2026-03-25T16:24:44+00:00","breadcrumb":{"@id":"https:\/\/palaciosalort.com\/video-tomas-j-salort\/#breadcrumb"},"inLanguage":"fr-FR","potentialAction":[{"@type":"ReadAction","target":["https:\/\/palaciosalort.com\/video-tomas-j-salort\/"]}]},{"@type":"BreadcrumbList","@id":"https:\/\/palaciosalort.com\/video-tomas-j-salort\/#breadcrumb","itemListElement":[{"@type":"ListItem","position":1,"name":"Portada","item":"https:\/\/palaciosalort.com\/"},{"@type":"ListItem","position":2,"name":"V\u00eddeo Tom\u00e1s J. de Salort"}]},{"@type":"WebSite","@id":"https:\/\/palaciosalort.com\/#website","url":"https:\/\/palaciosalort.com\/","name":"Palacio Salort","description":"Disfruta de una gran experi\u00e9ncia en el Palau Salort","publisher":{"@id":"https:\/\/palaciosalort.com\/#organization"},"potentialAction":[{"@type":"SearchAction","target":{"@type":"EntryPoint","urlTemplate":"https:\/\/palaciosalort.com\/?s={search_term_string}"},"query-input":{"@type":"PropertyValueSpecification","valueRequired":true,"valueName":"search_term_string"}}],"inLanguage":"fr-FR"},{"@type":"Organization","@id":"https:\/\/palaciosalort.com\/#organization","name":"Palacio Salort","url":"https:\/\/palaciosalort.com\/","logo":{"@type":"ImageObject","inLanguage":"fr-FR","@id":"https:\/\/palaciosalort.com\/#\/schema\/logo\/image\/","url":"https:\/\/palaciosalort.com\/wp-content\/uploads\/2023\/05\/Diseno-sin-titulo-7.jpg","contentUrl":"https:\/\/palaciosalort.com\/wp-content\/uploads\/2023\/05\/Diseno-sin-titulo-7.jpg","width":40,"height":40,"caption":"Palacio Salort"},"image":{"@id":"https:\/\/palaciosalort.com\/#\/schema\/logo\/image\/"}}]}},"_links":{"self":[{"href":"https:\/\/palaciosalort.com\/fr\/wp-json\/wp\/v2\/pages\/2160","targetHints":{"allow":["GET"]}}],"collection":[{"href":"https:\/\/palaciosalort.com\/fr\/wp-json\/wp\/v2\/pages"}],"about":[{"href":"https:\/\/palaciosalort.com\/fr\/wp-json\/wp\/v2\/types\/page"}],"author":[{"embeddable":true,"href":"https:\/\/palaciosalort.com\/fr\/wp-json\/wp\/v2\/users\/1"}],"replies":[{"embeddable":true,"href":"https:\/\/palaciosalort.com\/fr\/wp-json\/wp\/v2\/comments?post=2160"}],"version-history":[{"count":19,"href":"https:\/\/palaciosalort.com\/fr\/wp-json\/wp\/v2\/pages\/2160\/revisions"}],"predecessor-version":[{"id":4020,"href":"https:\/\/palaciosalort.com\/fr\/wp-json\/wp\/v2\/pages\/2160\/revisions\/4020"}],"wp:attachment":[{"href":"https:\/\/palaciosalort.com\/fr\/wp-json\/wp\/v2\/media?parent=2160"}],"curies":[{"name":"wp","href":"https:\/\/api.w.org\/{rel}","templated":true}]}}