{"id":2158,"date":"2025-06-11T06:57:34","date_gmt":"2025-06-11T06:57:34","guid":{"rendered":"https:\/\/palaciosalort.com\/video-tomas-j-de-salort\/"},"modified":"2026-03-25T16:24:10","modified_gmt":"2026-03-25T16:24:10","slug":"video-tomas-j-de-salort","status":"publish","type":"page","link":"https:\/\/palaciosalort.com\/en\/video-tomas-j-de-salort\/","title":{"rendered":"V\u00eddeo Tom\u00e1s J. de Salort"},"content":{"rendered":"\t\t<div data-elementor-type=\"wp-page\" data-elementor-id=\"2158\" class=\"elementor elementor-2158 elementor-1973\" data-elementor-post-type=\"page\">\n\t\t\t\t<div class=\"elementor-element elementor-element-3015e73 e-flex e-con-boxed e-con e-parent\" data-id=\"3015e73\" data-element_type=\"container\" data-e-type=\"container\">\n\t\t\t\t\t<div class=\"e-con-inner\">\n\t\t\t\t<div class=\"elementor-element elementor-element-eea020a elementor-widget elementor-widget-video\" data-id=\"eea020a\" data-element_type=\"widget\" data-e-type=\"widget\" data-settings=\"{&quot;youtube_url&quot;:&quot;https:\\\/\\\/youtube.com\\\/shorts\\\/7EEOfx7DCbk&quot;,&quot;autoplay&quot;:&quot;yes&quot;,&quot;video_type&quot;:&quot;youtube&quot;,&quot;controls&quot;:&quot;yes&quot;}\" data-widget_type=\"video.default\">\n\t\t\t\t<div class=\"elementor-widget-container\">\n\t\t\t\t\t\t\t<div class=\"elementor-wrapper elementor-open-inline\">\n\t\t\t<div class=\"elementor-video\"><\/div>\t\t<\/div>\n\t\t\t\t\t\t<\/div>\n\t\t\t\t<\/div>\n\t\t\t\t\t<\/div>\n\t\t\t\t<\/div>\n\t\t<div class=\"elementor-element elementor-element-f9db187 e-flex e-con-boxed e-con e-parent\" data-id=\"f9db187\" data-element_type=\"container\" data-e-type=\"container\">\n\t\t\t\t\t<div class=\"e-con-inner\">\n\t\t<div class=\"elementor-element elementor-element-525b490 e-con-full e-flex e-con e-child\" data-id=\"525b490\" data-element_type=\"container\" data-e-type=\"container\">\n\t\t\t\t<div class=\"elementor-element elementor-element-8ee7e80 elementor-align-left elementor-mobile-align-left elementor-widget elementor-widget-button\" data-id=\"8ee7e80\" data-element_type=\"widget\" data-e-type=\"widget\" data-widget_type=\"button.default\">\n\t\t\t\t<div class=\"elementor-widget-container\">\n\t\t\t\t\t\t\t\t\t<div class=\"elementor-button-wrapper\">\n\t\t\t\t\t<a class=\"elementor-button elementor-button-link elementor-size-md\" href=\"#titulo\">\n\t\t\t\t\t\t<span class=\"elementor-button-content-wrapper\">\n\t\t\t\t\t\t<span class=\"elementor-button-icon\">\n\t\t\t\t<svg aria-hidden=\"true\" class=\"e-font-icon-svg e-fas-info-circle\" viewBox=\"0 0 512 512\" xmlns=\"http:\/\/www.w3.org\/2000\/svg\"><path d=\"M256 8C119.043 8 8 119.083 8 256c0 136.997 111.043 248 248 248s248-111.003 248-248C504 119.083 392.957 8 256 8zm0 110c23.196 0 42 18.804 42 42s-18.804 42-42 42-42-18.804-42-42 18.804-42 42-42zm56 254c0 6.627-5.373 12-12 12h-88c-6.627 0-12-5.373-12-12v-24c0-6.627 5.373-12 12-12h12v-64h-12c-6.627 0-12-5.373-12-12v-24c0-6.627 5.373-12 12-12h64c6.627 0 12 5.373 12 12v100h12c6.627 0 12 5.373 12 12v24z\"><\/path><\/svg>\t\t\t<\/span>\n\t\t\t\t\t\t\t\t<\/span>\n\t\t\t\t\t<\/a>\n\t\t\t\t<\/div>\n\t\t\t\t\t\t\t\t<\/div>\n\t\t\t\t<\/div>\n\t\t\t\t<div class=\"elementor-element elementor-element-a82158e elementor-widget elementor-widget-wpml-language-switcher\" data-id=\"a82158e\" data-element_type=\"widget\" data-e-type=\"widget\" data-widget_type=\"wpml-language-switcher.default\">\n\t\t\t\t<div class=\"elementor-widget-container\">\n\t\t\t\t\t<div class=\"wpml-elementor-ls\">\n<div role=\"navigation\" aria-label=\"Language Switcher\" class=\"wpml-ls-statics-shortcode_actions wpml-ls wpml-ls-legacy-list-horizontal\">\n\t<ul><li class=\"wpml-ls-slot-shortcode_actions wpml-ls-item wpml-ls-item-en wpml-ls-current-language wpml-ls-first-item wpml-ls-item-legacy-list-horizontal\">\n\t\t\t\t<a href=\"http:\/\/palaciosalort.com\/en\/\" hreflang=\"en\" lang=\"en\" class=\"wpml-ls-link\" aria-current=\"page\" aria-label=\"Switch to English\" title=\"Switch to English\">\n\t\t\t\t\t                                    <img decoding=\"async\"\n            class=\"wpml-ls-flag\"\n            src=\"https:\/\/palaciosalort.com\/wp-content\/plugins\/sitepress-multilingual-cms\/res\/flags\/en.svg\"\n            alt=\"English\"\n            loading=\"lazy\"\n            width=18\n            height=12\n    \/><\/a>\n\t\t\t<\/li><li class=\"wpml-ls-slot-shortcode_actions wpml-ls-item wpml-ls-item-fr wpml-ls-item-legacy-list-horizontal\">\n\t\t\t\t<a href=\"http:\/\/palaciosalort.com\/fr\/\" hreflang=\"fr\" lang=\"fr\" class=\"wpml-ls-link\" aria-label=\"Switch to French\" title=\"Switch to French\">\n\t\t\t\t\t                                    <img decoding=\"async\"\n            class=\"wpml-ls-flag\"\n            src=\"https:\/\/palaciosalort.com\/wp-content\/plugins\/sitepress-multilingual-cms\/res\/flags\/fr.svg\"\n            alt=\"French\"\n            loading=\"lazy\"\n            width=18\n            height=12\n    \/><\/a>\n\t\t\t<\/li><li class=\"wpml-ls-slot-shortcode_actions wpml-ls-item wpml-ls-item-de wpml-ls-item-legacy-list-horizontal\">\n\t\t\t\t<a href=\"http:\/\/palaciosalort.com\/de\/\" hreflang=\"de\" lang=\"de\" class=\"wpml-ls-link\" aria-label=\"Switch to German\" title=\"Switch to German\">\n\t\t\t\t\t                                    <img decoding=\"async\"\n            class=\"wpml-ls-flag\"\n            src=\"https:\/\/palaciosalort.com\/wp-content\/plugins\/sitepress-multilingual-cms\/res\/flags\/de.svg\"\n            alt=\"German\"\n            loading=\"lazy\"\n            width=18\n            height=12\n    \/><\/a>\n\t\t\t<\/li><li class=\"wpml-ls-slot-shortcode_actions wpml-ls-item wpml-ls-item-it wpml-ls-item-legacy-list-horizontal\">\n\t\t\t\t<a href=\"http:\/\/palaciosalort.com\/it\/\" hreflang=\"it\" lang=\"it\" class=\"wpml-ls-link\" aria-label=\"Switch to Italian\" title=\"Switch to Italian\">\n\t\t\t\t\t                                    <img decoding=\"async\"\n            class=\"wpml-ls-flag\"\n            src=\"https:\/\/palaciosalort.com\/wp-content\/plugins\/sitepress-multilingual-cms\/res\/flags\/it.svg\"\n            alt=\"Italian\"\n            loading=\"lazy\"\n            width=18\n            height=12\n    \/><\/a>\n\t\t\t<\/li><li class=\"wpml-ls-slot-shortcode_actions wpml-ls-item wpml-ls-item-es wpml-ls-item-legacy-list-horizontal\">\n\t\t\t\t<a href=\"http:\/\/palaciosalort.com\/\" hreflang=\"es\" lang=\"es\" class=\"wpml-ls-link\" aria-label=\"Switch to Spanish\" title=\"Switch to Spanish\">\n\t\t\t\t\t                                    <img decoding=\"async\"\n            class=\"wpml-ls-flag\"\n            src=\"https:\/\/palaciosalort.com\/wp-content\/plugins\/sitepress-multilingual-cms\/res\/flags\/es.svg\"\n            alt=\"Spanish\"\n            loading=\"lazy\"\n            width=18\n            height=12\n    \/><\/a>\n\t\t\t<\/li><li class=\"wpml-ls-slot-shortcode_actions wpml-ls-item wpml-ls-item-ca wpml-ls-last-item wpml-ls-item-legacy-list-horizontal\">\n\t\t\t\t<a href=\"http:\/\/palaciosalort.com\/ca\/\" hreflang=\"ca\" lang=\"ca\" class=\"wpml-ls-link\" aria-label=\"Switch to Catalan\" title=\"Switch to Catalan\">\n\t\t\t\t\t                                    <img decoding=\"async\"\n            class=\"wpml-ls-flag\"\n            src=\"https:\/\/palaciosalort.com\/wp-content\/plugins\/sitepress-multilingual-cms\/res\/flags\/ca.svg\"\n            alt=\"Catalan\"\n            loading=\"lazy\"\n            width=18\n            height=12\n    \/><\/a>\n\t\t\t<\/li><\/ul>\n<\/div>\n<\/div>\t\t\t\t<\/div>\n\t\t\t\t<\/div>\n\t\t\t\t<\/div>\n\t\t\t\t<div class=\"elementor-element elementor-element-f766b4a elementor-widget elementor-widget-html\" data-id=\"f766b4a\" data-element_type=\"widget\" data-e-type=\"widget\" data-widget_type=\"html.default\">\n\t\t\t\t<div class=\"elementor-widget-container\">\n\t\t\t\t\t<script>document.addEventListener(\"DOMContentLoaded\", function () {\n    \/\/ Detectar idioma actual\n    const idioma = document.documentElement.lang.split('-')[0]; \/\/ \"es\", \"en\", \"fr\"...\n\n    \/\/ Buscar el bot\u00f3n\/enlace\n    const boton = document.getElementById(\"botonEntrar\");\n\n    if (boton) {\n        \/\/ Obtener href actual\n        let url = boton.getAttribute(\"href\") || \"\";\n\n        \/\/ A\u00f1adir ?lang=idioma (o &lang si ya hay par\u00e1metros)\n        if (url.includes(\"?\")) {\n            url += `&lang=${idioma}`;\n        } else {\n            url += `?lang=${idioma}`;\n        }\n\n        \/\/ Asignar el nuevo enlace\n        boton.setAttribute(\"href\", url);\n    }\n});\n<\/script>\t\t\t\t<\/div>\n\t\t\t\t<\/div>\n\t\t\t\t\t<\/div>\n\t\t\t\t<\/div>\n\t\t<div class=\"elementor-element elementor-element-7ffaf10 e-flex e-con-boxed e-con e-parent\" data-id=\"7ffaf10\" data-element_type=\"container\" data-e-type=\"container\" id=\"titulo\">\n\t\t\t\t\t<div class=\"e-con-inner\">\n\t\t\t\t<div class=\"elementor-element elementor-element-d4c7b3f elementor-widget elementor-widget-heading\" data-id=\"d4c7b3f\" data-element_type=\"widget\" data-e-type=\"widget\" data-widget_type=\"heading.default\">\n\t\t\t\t<div class=\"elementor-widget-container\">\n\t\t\t\t\t<h2 class=\"elementor-heading-title elementor-size-default\">Tom\u00e0s Josep de Salort i Salort \n<\/h2>\t\t\t\t<\/div>\n\t\t\t\t<\/div>\n\t\t\t\t<div class=\"elementor-element elementor-element-8208766 elementor-widget elementor-widget-text-editor\" data-id=\"8208766\" data-element_type=\"widget\" data-e-type=\"widget\" data-widget_type=\"text-editor.default\">\n\t\t\t\t<div class=\"elementor-widget-container\">\n\t\t\t\t\t\t\t\t\t<p><span style=\"font-weight: 400;\">Tom\u00e1s J. de Salort y Salort (Ciutadella, 1832 \u2013 Ciutadella, 1901) was a Menorcan nobleman and politician who served as mayor of Ciutadella in 1867 and 1868. On February 13, 1873, he married Ignacia Martorell Squella, a member of two of the most distinguished families of the Menorcan aristocracy. <\/span><\/p><p><span style=\"font-weight: 400;\">The presence of the Salort family in Menorca dates back to the conquest of 1287, promoted by Alfonso III the Liberal, which ended four centuries of Muslim rule on the island and led to its incorporation into the Crown of Aragon. Bernat Salort, from Monfort, took part as a captain in the fleet that set sail from Salou to carry out this military campaign.  <\/span><\/p><p><span style=\"font-weight: 400;\">In 1864, Queen Isabella II issued a royal decree confirming the ancient nobility of the Salort house of Menorca, granting the title of knight to Diego de Salort y de Salort, of the Alaior branch, and to Tom\u00e1s J. de Salort y de Salort, of Ciutadella, which marked the beginning of the family\u2019s participation as caixers senyors in the Sant Joan festivities. <\/span><\/p><p>Tom\u00e1s J. de Salort y de Salort presided over the <i><span style=\"font-weight: 400;\">Sant Joan<\/span><\/i> <span style=\"font-weight: 400;\">celebration<\/span>. <span style=\"font-weight: 400;\">during the biennium 1866\u20131867, becoming the first member of the Salort family to hold this responsibility. The most recent has been, during the biennium 2024\u20132025, Carlos de Salort Pons, son of the eighth Count of Torre Saura, Carlos de Salort Sintes, who served as caixer senyor in the biennium 1980\u20131981. <\/span><\/p><p> <\/p><h4><b>Mayoralty of Ciutadella (1867\u20131868)<\/b><\/h4><p><span style=\"font-weight: 400;\">During the tenure of Tom\u00e1s J. de Salort at the head of the Ciutadella Town Council, which coincided with the final years of Queen Isabella\u2019s reign, several significant events took place in Ciutadella.<\/span><\/p><p><span style=\"font-weight: 400;\">In December 1867, under Mayor Salort\u2019s presidency, Ciutadella received David G. Farragut (1801\u20131870), the first admiral of the United States, who played a significant role in the American Civil War. He was the son of Jordi Farragut Mesquida, born in Ciutadella in 1755.  <\/span><\/p><p><span style=\"font-weight: 400;\">The municipal council of Ciutadella, headed by Tom\u00e1s J. de Salort, agreed to name Admiral Farragut an Adoptive Son of the city in recognition of his career and military achievements. This decision marked the beginning of Ciutadella\u2019s relationship with the Navy League and the celebration of the  <\/span><i><span style=\"font-weight: 400;\">Memorial Day<\/span><\/i><span style=\"font-weight: 400;\">, the annual tribute before the bust of David G. Farragut, next to the Castell de Sant Nicolau, at the mouth of the harbor.<\/span><\/p><h4> <\/h4><h4><b>Historical Context and Legacy<\/b><\/h4><p><span style=\"font-weight: 400;\">Menorca in the second half of the 19th century experienced a period of political and social transformations parallel to those taking place in the rest of Spain.<\/span><\/p><p><span style=\"font-weight: 400;\">After the fall of Isabella II, the local revolutionary council of Ciutadella, with the prominent participation of Canon Camilo Moj\u00f3n, promoted modernization measures such as the demolition of the city walls to encourage urban expansion, which also included buildings affected by the Confiscation of the properties of the regular orders. <\/span><\/p><p><span style=\"font-weight: 400;\">Among them was the demolition of the Convent of San Francisco, with the development of the new urban layout from Plaza del Borne to the Contramurada, the new space that emerged after the demolition of the city walls. It also promoted the construction of a covered public market in Plaza de la Libertad, a project begun in 1868 and inaugurated in 1869. <\/span><\/p><p><span style=\"font-weight: 400;\">With the restoration of the monarchy in 1875, Tom\u00e1s J. de Salort, who devoted himself to managing the family\u2019s agricultural estates, continued to be a respected and esteemed figure in the society of Ciutadella, frequently consulted on numerous local matters, as his opinions and judgments were highly valued.<\/span><\/p><p><span style=\"font-weight: 400;\">Tom\u00e1s J. de Salort Salort passed away in 1901, after having played a prominent role in seven decades of 19th-century Menorcan history in Ciutadella.<\/span><\/p>\t\t\t\t\t\t\t\t<\/div>\n\t\t\t\t<\/div>\n\t\t\t\t\t<\/div>\n\t\t\t\t<\/div>\n\t\t<div class=\"elementor-element elementor-element-2c5e883 e-flex e-con-boxed e-con e-parent\" data-id=\"2c5e883\" data-element_type=\"container\" data-e-type=\"container\">\n\t\t\t\t\t<div class=\"e-con-inner\">\n\t\t\t\t<div class=\"elementor-element elementor-element-ee6c00a elementor-widget elementor-widget-html\" data-id=\"ee6c00a\" data-element_type=\"widget\" data-e-type=\"widget\" data-widget_type=\"html.default\">\n\t\t\t\t<div class=\"elementor-widget-container\">\n\t\t\t\t\t<script>\/\/ Esperamos a que el DOM cargue completamente\r\n  document.addEventListener('DOMContentLoaded', () => {\r\n    \/\/ Obtenemos el idioma (por ejemplo: \"en-US\", \"es-ES\")\r\n    const langCompleto = document.documentElement.lang || 'es';\r\n    \/\/ Recortamos a la parte corta (ej: \"en\", \"es\")\r\n    const idiomaCorto = langCompleto.split('-')[0];\r\n    \/\/ Guardamos el idioma en localStorage\r\n    localStorage.setItem('idioma_usuario', idiomaCorto);\r\n    console.log(\"Idioma guardado (recortado):\", idiomaCorto);\r\n  });\r\n<\/script>\t\t\t\t<\/div>\n\t\t\t\t<\/div>\n\t\t\t\t\t<\/div>\n\t\t\t\t<\/div>\n\t\t\t\t<\/div>\n\t\t","protected":false},"excerpt":{"rendered":"<p>Tom\u00e0s Josep de Salort i Salort Tom\u00e1s J. de Salort y Salort (Ciutadella, 1832 \u2013 Ciutadella, 1901) was a Menorcan nobleman and politician who served as mayor of Ciutadella in 1867 and 1868. On February 13, 1873, he married Ignacia Martorell Squella, a member of two of the most distinguished families of the Menorcan aristocracy. [&hellip;]<\/p>\n","protected":false},"author":1,"featured_media":0,"parent":0,"menu_order":0,"comment_status":"closed","ping_status":"closed","template":"elementor_canvas","meta":{"footnotes":""},"class_list":["post-2158","page","type-page","status-publish","hentry"],"yoast_head":"<!-- This site is optimized with the Yoast SEO plugin v27.2 - https:\/\/yoast.com\/product\/yoast-seo-wordpress\/ -->\n<title>V\u00eddeo Tom\u00e1s J. de Salort - Palau Salort<\/title>\n<meta name=\"robots\" content=\"index, follow, max-snippet:-1, max-image-preview:large, max-video-preview:-1\" \/>\n<link rel=\"canonical\" href=\"https:\/\/palaciosalort.com\/video-tomas-j-salort\/\" \/>\n<meta property=\"og:locale\" content=\"en_US\" \/>\n<meta property=\"og:type\" content=\"article\" \/>\n<meta property=\"og:title\" content=\"V\u00eddeo Tom\u00e1s J. de Salort - Palau Salort\" \/>\n<meta property=\"og:description\" content=\"Tom\u00e0s Josep de Salort i Salort Tom\u00e1s J. de Salort y Salort (Ciutadella, 1832 \u2013 Ciutadella, 1901) was a Menorcan nobleman and politician who served as mayor of Ciutadella in 1867 and 1868. On February 13, 1873, he married Ignacia Martorell Squella, a member of two of the most distinguished families of the Menorcan aristocracy. [&hellip;]\" \/>\n<meta property=\"og:url\" content=\"https:\/\/palaciosalort.com\/video-tomas-j-salort\/\" \/>\n<meta property=\"og:site_name\" content=\"Palau Salort\" \/>\n<meta property=\"article:modified_time\" content=\"2026-03-25T16:24:10+00:00\" \/>\n<meta name=\"twitter:card\" content=\"summary_large_image\" \/>\n<meta name=\"twitter:label1\" content=\"Est. reading time\" \/>\n\t<meta name=\"twitter:data1\" content=\"4 minutes\" \/>\n<script type=\"application\/ld+json\" class=\"yoast-schema-graph\">{\"@context\":\"https:\/\/schema.org\",\"@graph\":[{\"@type\":\"WebPage\",\"@id\":\"https:\/\/palaciosalort.com\/video-tomas-j-salort\/\",\"url\":\"https:\/\/palaciosalort.com\/video-tomas-j-salort\/\",\"name\":\"V\u00eddeo Tom\u00e1s J. de Salort - Palau Salort\",\"isPartOf\":{\"@id\":\"https:\/\/palaciosalort.com\/#website\"},\"datePublished\":\"2025-06-11T06:57:34+00:00\",\"dateModified\":\"2026-03-25T16:24:10+00:00\",\"breadcrumb\":{\"@id\":\"https:\/\/palaciosalort.com\/video-tomas-j-salort\/#breadcrumb\"},\"inLanguage\":\"en-US\",\"potentialAction\":[{\"@type\":\"ReadAction\",\"target\":[\"https:\/\/palaciosalort.com\/video-tomas-j-salort\/\"]}]},{\"@type\":\"BreadcrumbList\",\"@id\":\"https:\/\/palaciosalort.com\/video-tomas-j-salort\/#breadcrumb\",\"itemListElement\":[{\"@type\":\"ListItem\",\"position\":1,\"name\":\"Portada\",\"item\":\"https:\/\/palaciosalort.com\/\"},{\"@type\":\"ListItem\",\"position\":2,\"name\":\"V\u00eddeo Tom\u00e1s J. de Salort\"}]},{\"@type\":\"WebSite\",\"@id\":\"https:\/\/palaciosalort.com\/#website\",\"url\":\"https:\/\/palaciosalort.com\/\",\"name\":\"Palacio Salort\",\"description\":\"Disfruta de una gran experi\u00e9ncia en el Palau Salort\",\"publisher\":{\"@id\":\"https:\/\/palaciosalort.com\/#organization\"},\"potentialAction\":[{\"@type\":\"SearchAction\",\"target\":{\"@type\":\"EntryPoint\",\"urlTemplate\":\"https:\/\/palaciosalort.com\/?s={search_term_string}\"},\"query-input\":{\"@type\":\"PropertyValueSpecification\",\"valueRequired\":true,\"valueName\":\"search_term_string\"}}],\"inLanguage\":\"en-US\"},{\"@type\":\"Organization\",\"@id\":\"https:\/\/palaciosalort.com\/#organization\",\"name\":\"Palacio Salort\",\"url\":\"https:\/\/palaciosalort.com\/\",\"logo\":{\"@type\":\"ImageObject\",\"inLanguage\":\"en-US\",\"@id\":\"https:\/\/palaciosalort.com\/#\/schema\/logo\/image\/\",\"url\":\"https:\/\/palaciosalort.com\/wp-content\/uploads\/2023\/05\/Diseno-sin-titulo-7.jpg\",\"contentUrl\":\"https:\/\/palaciosalort.com\/wp-content\/uploads\/2023\/05\/Diseno-sin-titulo-7.jpg\",\"width\":40,\"height\":40,\"caption\":\"Palacio Salort\"},\"image\":{\"@id\":\"https:\/\/palaciosalort.com\/#\/schema\/logo\/image\/\"}}]}<\/script>\n<!-- \/ Yoast SEO plugin. -->","yoast_head_json":{"title":"V\u00eddeo Tom\u00e1s J. de Salort - Palau Salort","robots":{"index":"index","follow":"follow","max-snippet":"max-snippet:-1","max-image-preview":"max-image-preview:large","max-video-preview":"max-video-preview:-1"},"canonical":"https:\/\/palaciosalort.com\/video-tomas-j-salort\/","og_locale":"en_US","og_type":"article","og_title":"V\u00eddeo Tom\u00e1s J. de Salort - Palau Salort","og_description":"Tom\u00e0s Josep de Salort i Salort Tom\u00e1s J. de Salort y Salort (Ciutadella, 1832 \u2013 Ciutadella, 1901) was a Menorcan nobleman and politician who served as mayor of Ciutadella in 1867 and 1868. On February 13, 1873, he married Ignacia Martorell Squella, a member of two of the most distinguished families of the Menorcan aristocracy. [&hellip;]","og_url":"https:\/\/palaciosalort.com\/video-tomas-j-salort\/","og_site_name":"Palau Salort","article_modified_time":"2026-03-25T16:24:10+00:00","twitter_card":"summary_large_image","twitter_misc":{"Est. reading time":"4 minutes"},"schema":{"@context":"https:\/\/schema.org","@graph":[{"@type":"WebPage","@id":"https:\/\/palaciosalort.com\/video-tomas-j-salort\/","url":"https:\/\/palaciosalort.com\/video-tomas-j-salort\/","name":"V\u00eddeo Tom\u00e1s J. de Salort - Palau Salort","isPartOf":{"@id":"https:\/\/palaciosalort.com\/#website"},"datePublished":"2025-06-11T06:57:34+00:00","dateModified":"2026-03-25T16:24:10+00:00","breadcrumb":{"@id":"https:\/\/palaciosalort.com\/video-tomas-j-salort\/#breadcrumb"},"inLanguage":"en-US","potentialAction":[{"@type":"ReadAction","target":["https:\/\/palaciosalort.com\/video-tomas-j-salort\/"]}]},{"@type":"BreadcrumbList","@id":"https:\/\/palaciosalort.com\/video-tomas-j-salort\/#breadcrumb","itemListElement":[{"@type":"ListItem","position":1,"name":"Portada","item":"https:\/\/palaciosalort.com\/"},{"@type":"ListItem","position":2,"name":"V\u00eddeo Tom\u00e1s J. de Salort"}]},{"@type":"WebSite","@id":"https:\/\/palaciosalort.com\/#website","url":"https:\/\/palaciosalort.com\/","name":"Palacio Salort","description":"Disfruta de una gran experi\u00e9ncia en el Palau Salort","publisher":{"@id":"https:\/\/palaciosalort.com\/#organization"},"potentialAction":[{"@type":"SearchAction","target":{"@type":"EntryPoint","urlTemplate":"https:\/\/palaciosalort.com\/?s={search_term_string}"},"query-input":{"@type":"PropertyValueSpecification","valueRequired":true,"valueName":"search_term_string"}}],"inLanguage":"en-US"},{"@type":"Organization","@id":"https:\/\/palaciosalort.com\/#organization","name":"Palacio Salort","url":"https:\/\/palaciosalort.com\/","logo":{"@type":"ImageObject","inLanguage":"en-US","@id":"https:\/\/palaciosalort.com\/#\/schema\/logo\/image\/","url":"https:\/\/palaciosalort.com\/wp-content\/uploads\/2023\/05\/Diseno-sin-titulo-7.jpg","contentUrl":"https:\/\/palaciosalort.com\/wp-content\/uploads\/2023\/05\/Diseno-sin-titulo-7.jpg","width":40,"height":40,"caption":"Palacio Salort"},"image":{"@id":"https:\/\/palaciosalort.com\/#\/schema\/logo\/image\/"}}]}},"_links":{"self":[{"href":"https:\/\/palaciosalort.com\/en\/wp-json\/wp\/v2\/pages\/2158","targetHints":{"allow":["GET"]}}],"collection":[{"href":"https:\/\/palaciosalort.com\/en\/wp-json\/wp\/v2\/pages"}],"about":[{"href":"https:\/\/palaciosalort.com\/en\/wp-json\/wp\/v2\/types\/page"}],"author":[{"embeddable":true,"href":"https:\/\/palaciosalort.com\/en\/wp-json\/wp\/v2\/users\/1"}],"replies":[{"embeddable":true,"href":"https:\/\/palaciosalort.com\/en\/wp-json\/wp\/v2\/comments?post=2158"}],"version-history":[{"count":18,"href":"https:\/\/palaciosalort.com\/en\/wp-json\/wp\/v2\/pages\/2158\/revisions"}],"predecessor-version":[{"id":4017,"href":"https:\/\/palaciosalort.com\/en\/wp-json\/wp\/v2\/pages\/2158\/revisions\/4017"}],"wp:attachment":[{"href":"https:\/\/palaciosalort.com\/en\/wp-json\/wp\/v2\/media?parent=2158"}],"curies":[{"name":"wp","href":"https:\/\/api.w.org\/{rel}","templated":true}]}}