{"id":938,"date":"2023-05-05T08:56:01","date_gmt":"2023-05-05T08:56:01","guid":{"rendered":"http:\/\/palaciosalort.com\/innenraeume\/"},"modified":"2023-06-12T08:58:28","modified_gmt":"2023-06-12T08:58:28","slug":"innenraeume","status":"publish","type":"page","link":"https:\/\/palaciosalort.com\/de\/innenraeume\/","title":{"rendered":"Innenr\u00e4ume"},"content":{"rendered":"\t\t<div data-elementor-type=\"wp-page\" data-elementor-id=\"938\" class=\"elementor elementor-938 elementor-243\" data-elementor-post-type=\"page\">\n\t\t\t\t<div class=\"elementor-element elementor-element-dcbc4c3 e-con-full e-flex e-con e-parent\" data-id=\"dcbc4c3\" data-element_type=\"container\" data-e-type=\"container\" data-settings=\"{&quot;background_background&quot;:&quot;classic&quot;}\">\n\t\t<div class=\"elementor-element elementor-element-59a3698 e-flex e-con-boxed e-con e-parent\" data-id=\"59a3698\" data-element_type=\"container\" data-e-type=\"container\">\n\t\t\t\t\t<div class=\"e-con-inner\">\n\t\t\t\t<div class=\"elementor-element elementor-element-4294b2f elementor-widget elementor-widget-heading\" data-id=\"4294b2f\" data-element_type=\"widget\" data-e-type=\"widget\" data-widget_type=\"heading.default\">\n\t\t\t\t<div class=\"elementor-widget-container\">\n\t\t\t\t\t<h2 class=\"elementor-heading-title elementor-size-default\">Innenr\u00e4ume<\/h2>\t\t\t\t<\/div>\n\t\t\t\t<\/div>\n\t\t\t\t\t<\/div>\n\t\t\t\t<\/div>\n\t\t\t\t<\/div>\n\t\t<div class=\"elementor-element elementor-element-4c1f9dd e-flex e-con-boxed e-con e-parent\" data-id=\"4c1f9dd\" data-element_type=\"container\" data-e-type=\"container\" data-settings=\"{&quot;background_background&quot;:&quot;classic&quot;}\">\n\t\t\t\t\t<div class=\"e-con-inner\">\n\t\t<div class=\"elementor-element elementor-element-0b04efe e-con-full e-flex e-con e-parent\" data-id=\"0b04efe\" data-element_type=\"container\" data-e-type=\"container\">\n\t\t<div class=\"elementor-element elementor-element-4d3b9d7 e-flex e-con-boxed e-con e-parent\" data-id=\"4d3b9d7\" data-element_type=\"container\" data-e-type=\"container\" data-settings=\"{&quot;background_background&quot;:&quot;classic&quot;}\">\n\t\t\t\t\t<div class=\"e-con-inner\">\n\t\t\t\t<div class=\"elementor-element elementor-element-55ef205 elementor-widget elementor-widget-text-editor\" data-id=\"55ef205\" data-element_type=\"widget\" data-e-type=\"widget\" data-widget_type=\"text-editor.default\">\n\t\t\t\t<div class=\"elementor-widget-container\">\n\t\t\t\t\t\t\t\t\t<p><iframe width=\"100%\" height=\"340\" frameborder=\"0\" allow=\"xr-spatial-tracking; gyroscope; accelerometer\" allowfullscreen=\"\" scrolling=\"no\" src=\"https:\/\/kuula.co\/share\/5LZjv?logo=1&amp;info=1&amp;fs=1&amp;vr=0&amp;zoom=1&amp;autorotate=0.14&amp;thumbs=1&amp;inst=es\"><\/iframe><\/p>\n\t\t\t\t\t\t\t\t<\/div>\n\t\t\t\t<\/div>\n\t\t\t\t\t<\/div>\n\t\t\t\t<\/div>\n\t\t\t\t<\/div>\n\t\t<div class=\"elementor-element elementor-element-8b80776 e-con-full e-flex elementor-invisible e-con e-parent\" data-id=\"8b80776\" data-element_type=\"container\" data-e-type=\"container\" data-settings=\"{&quot;animation&quot;:&quot;fadeInUp&quot;,&quot;animation_delay&quot;:200}\">\n\t\t\t\t<div class=\"elementor-element elementor-element-c1128e0 elementor-widget elementor-widget-text-editor\" data-id=\"c1128e0\" data-element_type=\"widget\" data-e-type=\"widget\" data-widget_type=\"text-editor.default\">\n\t\t\t\t<div class=\"elementor-widget-container\">\n\t\t\t\t\t\t\t\t\t<p>GER\u00c4UMIG UND HELL<\/p>\n\t\t\t\t\t\t\t\t<\/div>\n\t\t\t\t<\/div>\n\t\t\t\t<div class=\"elementor-element elementor-element-c3164aa elementor-widget elementor-widget-heading\" data-id=\"c3164aa\" data-element_type=\"widget\" data-e-type=\"widget\" data-widget_type=\"heading.default\">\n\t\t\t\t<div class=\"elementor-widget-container\">\n\t\t\t\t\t<h2 class=\"elementor-heading-title elementor-size-default\">Spiegelsaal<\/h2>\t\t\t\t<\/div>\n\t\t\t\t<\/div>\n\t\t\t\t<div class=\"elementor-element elementor-element-adfdfaa elementor-widget elementor-widget-text-editor\" data-id=\"adfdfaa\" data-element_type=\"widget\" data-e-type=\"widget\" data-widget_type=\"text-editor.default\">\n\t\t\t\t<div class=\"elementor-widget-container\">\n\t\t\t\t\t\t\t\t\t<div class=\"page\" title=\"Page 15\">\n<div class=\"layoutArea\">\n<div class=\"column\">\n<p>Der Saal ist mit der Galerie verbunden, die auf den Borne-Platz geht. Der name des Saals kommt von den zw\u00f6lf F\u00fcllh\u00f6rner mit Spiegeln an den W\u00e4nden. Die jeweils zwei Kerzen, den Spiegeln gegen\u00fcber, verst\u00e4rken den Lichseffekt.<\/p>\n<p>Konsolen Louis XV bzw. Luis XVI links und rechts an den W\u00e4nden. Zum letzteren Stil geh\u00f6ren ebenfalls die Spiegeln dar\u00fcber. Scherest\u00fchle und Kanapees sind in Louis XV Stil, vergoldet und reich gepolstert.<\/p>\n<\/div>\n<\/div>\n<\/div>\n\t\t\t\t\t\t\t\t<\/div>\n\t\t\t\t<\/div>\n\t\t\t\t<\/div>\n\t\t\t\t\t<\/div>\n\t\t\t\t<\/div>\n\t\t<div class=\"elementor-element elementor-element-587bb39 e-flex e-con-boxed e-con e-parent\" data-id=\"587bb39\" data-element_type=\"container\" data-e-type=\"container\" data-settings=\"{&quot;background_background&quot;:&quot;classic&quot;}\">\n\t\t\t\t\t<div class=\"e-con-inner\">\n\t\t<div class=\"elementor-element elementor-element-d8be2f5 e-con-full e-flex elementor-invisible e-con e-parent\" data-id=\"d8be2f5\" data-element_type=\"container\" data-e-type=\"container\" data-settings=\"{&quot;animation&quot;:&quot;fadeInUp&quot;,&quot;animation_delay&quot;:200}\">\n\t\t\t\t<div class=\"elementor-element elementor-element-464de78 elementor-widget elementor-widget-text-editor\" data-id=\"464de78\" data-element_type=\"widget\" data-e-type=\"widget\" data-widget_type=\"text-editor.default\">\n\t\t\t\t<div class=\"elementor-widget-container\">\n\t\t\t\t\t\t\t\t\t<p>GROSS UND KOMFORTABEL<\/p>\n\t\t\t\t\t\t\t\t<\/div>\n\t\t\t\t<\/div>\n\t\t\t\t<div class=\"elementor-element elementor-element-0b60432 elementor-widget elementor-widget-heading\" data-id=\"0b60432\" data-element_type=\"widget\" data-e-type=\"widget\" data-widget_type=\"heading.default\">\n\t\t\t\t<div class=\"elementor-widget-container\">\n\t\t\t\t\t<h2 class=\"elementor-heading-title elementor-size-default\">Esszimmere<\/h2>\t\t\t\t<\/div>\n\t\t\t\t<\/div>\n\t\t\t\t<div class=\"elementor-element elementor-element-e4ab395 elementor-widget elementor-widget-text-editor\" data-id=\"e4ab395\" data-element_type=\"widget\" data-e-type=\"widget\" data-widget_type=\"text-editor.default\">\n\t\t\t\t<div class=\"elementor-widget-container\">\n\t\t\t\t\t\t\t\t\t<div class=\"page\" title=\"Page 2\">\n<div class=\"layoutArea\">\n<div class=\"column\">\n<p>In die Raum steht ein Mahagoni-Tisch Elizabethanischen Stil .<\/p>\n<p>Elf gerahmte Zeichnunge schm\u00fccken die W\u00e4nde. Am Ende des Saals sind zwei Mahagoni-Schaukelst\u00fchle und ein Radioempf\u00e4nger von Anfang diese Jahrhunderts zu sehen.<\/p>\n<\/div>\n<\/div>\n<\/div>\n\t\t\t\t\t\t\t\t<\/div>\n\t\t\t\t<\/div>\n\t\t\t\t<\/div>\n\t\t<div class=\"elementor-element elementor-element-c2cbbc5 e-con-full e-flex e-con e-parent\" data-id=\"c2cbbc5\" data-element_type=\"container\" data-e-type=\"container\">\n\t\t<div class=\"elementor-element elementor-element-9657a96 e-flex e-con-boxed e-con e-parent\" data-id=\"9657a96\" data-element_type=\"container\" data-e-type=\"container\">\n\t\t\t\t\t<div class=\"e-con-inner\">\n\t\t\t\t<div class=\"elementor-element elementor-element-78e0011 elementor-widget elementor-widget-text-editor\" data-id=\"78e0011\" data-element_type=\"widget\" data-e-type=\"widget\" data-widget_type=\"text-editor.default\">\n\t\t\t\t<div class=\"elementor-widget-container\">\n\t\t\t\t\t\t\t\t\t<p><iframe width=\"100%\" height=\"340\" frameborder=\"0\" allow=\"xr-spatial-tracking; gyroscope; accelerometer\" allowfullscreen=\"\" scrolling=\"no\" src=\"https:\/\/kuula.co\/share\/5LZxL?logo=1&amp;info=1&amp;fs=1&amp;vr=0&amp;zoom=1&amp;autorotate=0.14&amp;thumbs=1&amp;inst=es\"><\/iframe><\/p>\n\t\t\t\t\t\t\t\t<\/div>\n\t\t\t\t<\/div>\n\t\t\t\t\t<\/div>\n\t\t\t\t<\/div>\n\t\t\t\t<\/div>\n\t\t\t\t\t<\/div>\n\t\t\t\t<\/div>\n\t\t<div class=\"elementor-element elementor-element-4e05a73 e-flex e-con-boxed e-con e-parent\" data-id=\"4e05a73\" data-element_type=\"container\" data-e-type=\"container\" data-settings=\"{&quot;background_background&quot;:&quot;classic&quot;}\">\n\t\t\t\t\t<div class=\"e-con-inner\">\n\t\t\t\t<div class=\"elementor-element elementor-element-c7bf431 elementor-widget elementor-widget-image\" data-id=\"c7bf431\" data-element_type=\"widget\" data-e-type=\"widget\" data-widget_type=\"image.default\">\n\t\t\t\t<div class=\"elementor-widget-container\">\n\t\t\t\t\t\t\t\t\t\t\t\t\t\t\t<img decoding=\"async\" width=\"800\" height=\"20\" src=\"https:\/\/palaciosalort.com\/wp-content\/uploads\/2023\/05\/Diseno-sin-titulo-3-1024x26.png\" class=\"attachment-large size-large wp-image-857\" alt=\"\" srcset=\"https:\/\/palaciosalort.com\/wp-content\/uploads\/2023\/05\/Diseno-sin-titulo-3-1024x26.png 1024w, https:\/\/palaciosalort.com\/wp-content\/uploads\/2023\/05\/Diseno-sin-titulo-3-600x15.png 600w, https:\/\/palaciosalort.com\/wp-content\/uploads\/2023\/05\/Diseno-sin-titulo-3-300x8.png 300w, https:\/\/palaciosalort.com\/wp-content\/uploads\/2023\/05\/Diseno-sin-titulo-3-768x19.png 768w, https:\/\/palaciosalort.com\/wp-content\/uploads\/2023\/05\/Diseno-sin-titulo-3-1536x38.png 1536w, https:\/\/palaciosalort.com\/wp-content\/uploads\/2023\/05\/Diseno-sin-titulo-3.png 2000w\" sizes=\"(max-width: 800px) 100vw, 800px\" \/>\t\t\t\t\t\t\t\t\t\t\t\t\t\t\t<\/div>\n\t\t\t\t<\/div>\n\t\t\t\t\t<\/div>\n\t\t\t\t<\/div>\n\t\t<div class=\"elementor-element elementor-element-afc001a e-flex e-con-boxed e-con e-parent\" data-id=\"afc001a\" data-element_type=\"container\" data-e-type=\"container\" data-settings=\"{&quot;background_background&quot;:&quot;classic&quot;}\">\n\t\t\t\t\t<div class=\"e-con-inner\">\n\t\t<div class=\"elementor-element elementor-element-f1b91f5 e-con-full e-flex e-con e-parent\" data-id=\"f1b91f5\" data-element_type=\"container\" data-e-type=\"container\">\n\t\t\t\t<div class=\"elementor-element elementor-element-0f34a52 elementor-widget elementor-widget-text-editor\" data-id=\"0f34a52\" data-element_type=\"widget\" data-e-type=\"widget\" data-widget_type=\"text-editor.default\">\n\t\t\t\t<div class=\"elementor-widget-container\">\n\t\t\t\t\t\t\t\t\t<p><iframe width=\"100%\" height=\"340\" frameborder=\"0\" allow=\"xr-spatial-tracking; gyroscope; accelerometer\" allowfullscreen=\"\" scrolling=\"no\" src=\"https:\/\/kuula.co\/share\/5LZwB?logo=1&amp;info=1&amp;fs=1&amp;vr=0&amp;zoom=1&amp;autorotate=0.14&amp;thumbs=1&amp;inst=es\"><\/iframe><\/p>\n\t\t\t\t\t\t\t\t<\/div>\n\t\t\t\t<\/div>\n\t\t\t\t<\/div>\n\t\t<div class=\"elementor-element elementor-element-3407acc e-con-full e-flex elementor-invisible e-con e-parent\" data-id=\"3407acc\" data-element_type=\"container\" data-e-type=\"container\" data-settings=\"{&quot;animation&quot;:&quot;fadeInUp&quot;,&quot;animation_delay&quot;:200}\">\n\t\t\t\t<div class=\"elementor-element elementor-element-754f2ee elementor-widget elementor-widget-text-editor\" data-id=\"754f2ee\" data-element_type=\"widget\" data-e-type=\"widget\" data-widget_type=\"text-editor.default\">\n\t\t\t\t<div class=\"elementor-widget-container\">\n\t\t\t\t\t\t\t\t\t<p>GEM\u00dcTLICH UND HISTORISCH<\/p>\n\t\t\t\t\t\t\t\t<\/div>\n\t\t\t\t<\/div>\n\t\t\t\t<div class=\"elementor-element elementor-element-a3fc8cc elementor-widget elementor-widget-heading\" data-id=\"a3fc8cc\" data-element_type=\"widget\" data-e-type=\"widget\" data-widget_type=\"heading.default\">\n\t\t\t\t<div class=\"elementor-widget-container\">\n\t\t\t\t\t<h2 class=\"elementor-heading-title elementor-size-default\">Kaminsaal<\/h2>\t\t\t\t<\/div>\n\t\t\t\t<\/div>\n\t\t\t\t<div class=\"elementor-element elementor-element-b8c9a1f elementor-widget elementor-widget-text-editor\" data-id=\"b8c9a1f\" data-element_type=\"widget\" data-e-type=\"widget\" data-widget_type=\"text-editor.default\">\n\t\t\t\t<div class=\"elementor-widget-container\">\n\t\t\t\t\t\t\t\t\t<div class=\"page\" title=\"Page 11\">\n<div class=\"layoutArea\">\n<div class=\"column\">\n<p>In diesem Saal werden haupts\u00e4chlich Portr\u00e4ts ausgestellt. Darunter sind zu sehen die Vorfahren der heutigen Eigent\u00fcmern des Palastes. So ein Portr\u00e4it von Don Pedro Martorell y de Olives, Bauherr des Palastes in ihrer jetzigen form sowie ein Kleinportr\u00e4it des Admirals Farragut, der mit der Insel sehr verbunden war. Hinten rechts ist eine Photografie des heutigen Hausherrn Don Carlos de Salort in der typischen &#8222;San Juan &#8211; Tracht&#8220;, ein fest mit reicher tradition in Ciudadela.<\/p>\n<p>Das bild an der Decke stellt die Siegesg\u00f6ttin dar. Die St\u00fchle und das Kanapee aus Mahagoniholz sind englischen Stils mit rotem Damask gepolstert.<\/p>\n<\/div>\n<\/div>\n<\/div>\n\t\t\t\t\t\t\t\t<\/div>\n\t\t\t\t<\/div>\n\t\t\t\t<\/div>\n\t\t\t\t\t<\/div>\n\t\t\t\t<\/div>\n\t\t<div class=\"elementor-element elementor-element-47f3b50 e-flex e-con-boxed e-con e-parent\" data-id=\"47f3b50\" data-element_type=\"container\" data-e-type=\"container\" data-settings=\"{&quot;background_background&quot;:&quot;classic&quot;}\">\n\t\t\t\t\t<div class=\"e-con-inner\">\n\t\t\t\t\t<\/div>\n\t\t\t\t<\/div>\n\t\t<div class=\"elementor-element elementor-element-4861623 e-flex e-con-boxed e-con e-parent\" data-id=\"4861623\" data-element_type=\"container\" data-e-type=\"container\" data-settings=\"{&quot;background_background&quot;:&quot;classic&quot;}\">\n\t\t\t\t\t<div class=\"e-con-inner\">\n\t\t<div class=\"elementor-element elementor-element-b9b939f e-flex e-con-boxed e-con e-parent\" data-id=\"b9b939f\" data-element_type=\"container\" data-e-type=\"container\">\n\t\t\t\t\t<div class=\"e-con-inner\">\n\t\t\t\t<div class=\"elementor-element elementor-element-e17e5e2 elementor-widget elementor-widget-heading\" data-id=\"e17e5e2\" data-element_type=\"widget\" data-e-type=\"widget\" data-widget_type=\"heading.default\">\n\t\t\t\t<div class=\"elementor-widget-container\">\n\t\t\t\t\t<h2 class=\"elementor-heading-title elementor-size-default\">Reisen Sie durch die verschiedenen Details des 17. Jahrhunderts<\/h2>\t\t\t\t<\/div>\n\t\t\t\t<\/div>\n\t\t\t\t\t<\/div>\n\t\t\t\t<\/div>\n\t\t\t\t\t<\/div>\n\t\t\t\t<\/div>\n\t\t\t\t<\/div>\n\t\t","protected":false},"excerpt":{"rendered":"<p>Innenr\u00e4ume GER\u00c4UMIG UND HELL Spiegelsaal Der Saal ist mit der Galerie verbunden, die auf den Borne-Platz geht. Der name des Saals kommt von den zw\u00f6lf F\u00fcllh\u00f6rner mit Spiegeln an den W\u00e4nden. Die jeweils zwei Kerzen, den Spiegeln gegen\u00fcber, verst\u00e4rken den Lichseffekt. Konsolen Louis XV bzw. Luis XVI links und rechts an den W\u00e4nden. Zum letzteren [&hellip;]<\/p>\n","protected":false},"author":1,"featured_media":0,"parent":0,"menu_order":0,"comment_status":"closed","ping_status":"closed","template":"","meta":{"footnotes":""},"class_list":["post-938","page","type-page","status-publish","hentry"],"yoast_head":"<!-- This site is optimized with the Yoast SEO plugin v27.2 - https:\/\/yoast.com\/product\/yoast-seo-wordpress\/ -->\n<title>Innenr\u00e4ume - Palau Salort<\/title>\n<meta name=\"robots\" content=\"index, follow, max-snippet:-1, max-image-preview:large, max-video-preview:-1\" \/>\n<link rel=\"canonical\" href=\"https:\/\/palaciosalort.com\/interiores\/\" \/>\n<meta property=\"og:locale\" content=\"de_DE\" \/>\n<meta property=\"og:type\" content=\"article\" \/>\n<meta property=\"og:title\" content=\"Innenr\u00e4ume - Palau Salort\" \/>\n<meta property=\"og:description\" content=\"Innenr\u00e4ume GER\u00c4UMIG UND HELL Spiegelsaal Der Saal ist mit der Galerie verbunden, die auf den Borne-Platz geht. Der name des Saals kommt von den zw\u00f6lf F\u00fcllh\u00f6rner mit Spiegeln an den W\u00e4nden. Die jeweils zwei Kerzen, den Spiegeln gegen\u00fcber, verst\u00e4rken den Lichseffekt. Konsolen Louis XV bzw. Luis XVI links und rechts an den W\u00e4nden. Zum letzteren [&hellip;]\" \/>\n<meta property=\"og:url\" content=\"https:\/\/palaciosalort.com\/interiores\/\" \/>\n<meta property=\"og:site_name\" content=\"Palau Salort\" \/>\n<meta property=\"article:modified_time\" content=\"2023-06-12T08:58:28+00:00\" \/>\n<meta property=\"og:image\" content=\"http:\/\/palaciosalort.com\/wp-content\/uploads\/2023\/05\/Diseno-sin-titulo-3-1024x26.png\" \/>\n<meta name=\"twitter:card\" content=\"summary_large_image\" \/>\n<meta name=\"twitter:label1\" content=\"Gesch\u00e4tzte Lesezeit\" \/>\n\t<meta name=\"twitter:data1\" content=\"1\u00a0Minute\" \/>\n<script type=\"application\/ld+json\" class=\"yoast-schema-graph\">{\"@context\":\"https:\/\/schema.org\",\"@graph\":[{\"@type\":\"WebPage\",\"@id\":\"https:\/\/palaciosalort.com\/interiores\/\",\"url\":\"https:\/\/palaciosalort.com\/interiores\/\",\"name\":\"Innenr\u00e4ume - Palau Salort\",\"isPartOf\":{\"@id\":\"https:\/\/palaciosalort.com\/#website\"},\"primaryImageOfPage\":{\"@id\":\"https:\/\/palaciosalort.com\/interiores\/#primaryimage\"},\"image\":{\"@id\":\"https:\/\/palaciosalort.com\/interiores\/#primaryimage\"},\"thumbnailUrl\":\"http:\/\/palaciosalort.com\/wp-content\/uploads\/2023\/05\/Diseno-sin-titulo-3-1024x26.png\",\"datePublished\":\"2023-05-05T08:56:01+00:00\",\"dateModified\":\"2023-06-12T08:58:28+00:00\",\"breadcrumb\":{\"@id\":\"https:\/\/palaciosalort.com\/interiores\/#breadcrumb\"},\"inLanguage\":\"de\",\"potentialAction\":[{\"@type\":\"ReadAction\",\"target\":[\"https:\/\/palaciosalort.com\/interiores\/\"]}]},{\"@type\":\"ImageObject\",\"inLanguage\":\"de\",\"@id\":\"https:\/\/palaciosalort.com\/interiores\/#primaryimage\",\"url\":\"http:\/\/palaciosalort.com\/wp-content\/uploads\/2023\/05\/Diseno-sin-titulo-3-1024x26.png\",\"contentUrl\":\"http:\/\/palaciosalort.com\/wp-content\/uploads\/2023\/05\/Diseno-sin-titulo-3-1024x26.png\"},{\"@type\":\"BreadcrumbList\",\"@id\":\"https:\/\/palaciosalort.com\/interiores\/#breadcrumb\",\"itemListElement\":[{\"@type\":\"ListItem\",\"position\":1,\"name\":\"Portada\",\"item\":\"https:\/\/palaciosalort.com\/de\/\"},{\"@type\":\"ListItem\",\"position\":2,\"name\":\"Innenr\u00e4ume\"}]},{\"@type\":\"WebSite\",\"@id\":\"https:\/\/palaciosalort.com\/#website\",\"url\":\"https:\/\/palaciosalort.com\/\",\"name\":\"Palacio Salort\",\"description\":\"Disfruta de una gran experi\u00e9ncia en el Palau Salort\",\"publisher\":{\"@id\":\"https:\/\/palaciosalort.com\/#organization\"},\"potentialAction\":[{\"@type\":\"SearchAction\",\"target\":{\"@type\":\"EntryPoint\",\"urlTemplate\":\"https:\/\/palaciosalort.com\/?s={search_term_string}\"},\"query-input\":{\"@type\":\"PropertyValueSpecification\",\"valueRequired\":true,\"valueName\":\"search_term_string\"}}],\"inLanguage\":\"de\"},{\"@type\":\"Organization\",\"@id\":\"https:\/\/palaciosalort.com\/#organization\",\"name\":\"Palacio Salort\",\"url\":\"https:\/\/palaciosalort.com\/\",\"logo\":{\"@type\":\"ImageObject\",\"inLanguage\":\"de\",\"@id\":\"https:\/\/palaciosalort.com\/#\/schema\/logo\/image\/\",\"url\":\"https:\/\/palaciosalort.com\/wp-content\/uploads\/2023\/05\/Diseno-sin-titulo-7.jpg\",\"contentUrl\":\"https:\/\/palaciosalort.com\/wp-content\/uploads\/2023\/05\/Diseno-sin-titulo-7.jpg\",\"width\":40,\"height\":40,\"caption\":\"Palacio Salort\"},\"image\":{\"@id\":\"https:\/\/palaciosalort.com\/#\/schema\/logo\/image\/\"}}]}<\/script>\n<!-- \/ Yoast SEO plugin. -->","yoast_head_json":{"title":"Innenr\u00e4ume - Palau Salort","robots":{"index":"index","follow":"follow","max-snippet":"max-snippet:-1","max-image-preview":"max-image-preview:large","max-video-preview":"max-video-preview:-1"},"canonical":"https:\/\/palaciosalort.com\/interiores\/","og_locale":"de_DE","og_type":"article","og_title":"Innenr\u00e4ume - Palau Salort","og_description":"Innenr\u00e4ume GER\u00c4UMIG UND HELL Spiegelsaal Der Saal ist mit der Galerie verbunden, die auf den Borne-Platz geht. Der name des Saals kommt von den zw\u00f6lf F\u00fcllh\u00f6rner mit Spiegeln an den W\u00e4nden. Die jeweils zwei Kerzen, den Spiegeln gegen\u00fcber, verst\u00e4rken den Lichseffekt. Konsolen Louis XV bzw. Luis XVI links und rechts an den W\u00e4nden. Zum letzteren [&hellip;]","og_url":"https:\/\/palaciosalort.com\/interiores\/","og_site_name":"Palau Salort","article_modified_time":"2023-06-12T08:58:28+00:00","og_image":[{"url":"http:\/\/palaciosalort.com\/wp-content\/uploads\/2023\/05\/Diseno-sin-titulo-3-1024x26.png","type":"","width":"","height":""}],"twitter_card":"summary_large_image","twitter_misc":{"Gesch\u00e4tzte Lesezeit":"1\u00a0Minute"},"schema":{"@context":"https:\/\/schema.org","@graph":[{"@type":"WebPage","@id":"https:\/\/palaciosalort.com\/interiores\/","url":"https:\/\/palaciosalort.com\/interiores\/","name":"Innenr\u00e4ume - Palau Salort","isPartOf":{"@id":"https:\/\/palaciosalort.com\/#website"},"primaryImageOfPage":{"@id":"https:\/\/palaciosalort.com\/interiores\/#primaryimage"},"image":{"@id":"https:\/\/palaciosalort.com\/interiores\/#primaryimage"},"thumbnailUrl":"http:\/\/palaciosalort.com\/wp-content\/uploads\/2023\/05\/Diseno-sin-titulo-3-1024x26.png","datePublished":"2023-05-05T08:56:01+00:00","dateModified":"2023-06-12T08:58:28+00:00","breadcrumb":{"@id":"https:\/\/palaciosalort.com\/interiores\/#breadcrumb"},"inLanguage":"de","potentialAction":[{"@type":"ReadAction","target":["https:\/\/palaciosalort.com\/interiores\/"]}]},{"@type":"ImageObject","inLanguage":"de","@id":"https:\/\/palaciosalort.com\/interiores\/#primaryimage","url":"http:\/\/palaciosalort.com\/wp-content\/uploads\/2023\/05\/Diseno-sin-titulo-3-1024x26.png","contentUrl":"http:\/\/palaciosalort.com\/wp-content\/uploads\/2023\/05\/Diseno-sin-titulo-3-1024x26.png"},{"@type":"BreadcrumbList","@id":"https:\/\/palaciosalort.com\/interiores\/#breadcrumb","itemListElement":[{"@type":"ListItem","position":1,"name":"Portada","item":"https:\/\/palaciosalort.com\/de\/"},{"@type":"ListItem","position":2,"name":"Innenr\u00e4ume"}]},{"@type":"WebSite","@id":"https:\/\/palaciosalort.com\/#website","url":"https:\/\/palaciosalort.com\/","name":"Palacio Salort","description":"Disfruta de una gran experi\u00e9ncia en el Palau Salort","publisher":{"@id":"https:\/\/palaciosalort.com\/#organization"},"potentialAction":[{"@type":"SearchAction","target":{"@type":"EntryPoint","urlTemplate":"https:\/\/palaciosalort.com\/?s={search_term_string}"},"query-input":{"@type":"PropertyValueSpecification","valueRequired":true,"valueName":"search_term_string"}}],"inLanguage":"de"},{"@type":"Organization","@id":"https:\/\/palaciosalort.com\/#organization","name":"Palacio Salort","url":"https:\/\/palaciosalort.com\/","logo":{"@type":"ImageObject","inLanguage":"de","@id":"https:\/\/palaciosalort.com\/#\/schema\/logo\/image\/","url":"https:\/\/palaciosalort.com\/wp-content\/uploads\/2023\/05\/Diseno-sin-titulo-7.jpg","contentUrl":"https:\/\/palaciosalort.com\/wp-content\/uploads\/2023\/05\/Diseno-sin-titulo-7.jpg","width":40,"height":40,"caption":"Palacio Salort"},"image":{"@id":"https:\/\/palaciosalort.com\/#\/schema\/logo\/image\/"}}]}},"_links":{"self":[{"href":"https:\/\/palaciosalort.com\/de\/wp-json\/wp\/v2\/pages\/938","targetHints":{"allow":["GET"]}}],"collection":[{"href":"https:\/\/palaciosalort.com\/de\/wp-json\/wp\/v2\/pages"}],"about":[{"href":"https:\/\/palaciosalort.com\/de\/wp-json\/wp\/v2\/types\/page"}],"author":[{"embeddable":true,"href":"https:\/\/palaciosalort.com\/de\/wp-json\/wp\/v2\/users\/1"}],"replies":[{"embeddable":true,"href":"https:\/\/palaciosalort.com\/de\/wp-json\/wp\/v2\/comments?post=938"}],"version-history":[{"count":5,"href":"https:\/\/palaciosalort.com\/de\/wp-json\/wp\/v2\/pages\/938\/revisions"}],"predecessor-version":[{"id":1240,"href":"https:\/\/palaciosalort.com\/de\/wp-json\/wp\/v2\/pages\/938\/revisions\/1240"}],"wp:attachment":[{"href":"https:\/\/palaciosalort.com\/de\/wp-json\/wp\/v2\/media?parent=938"}],"curies":[{"name":"wp","href":"https:\/\/api.w.org\/{rel}","templated":true}]}}