{"id":2786,"date":"2025-08-01T09:11:45","date_gmt":"2025-08-01T09:11:45","guid":{"rendered":"https:\/\/palaciosalort.com\/video-pedro-martorell\/"},"modified":"2026-03-25T16:22:39","modified_gmt":"2026-03-25T16:22:39","slug":"video-pedro-martorell","status":"publish","type":"page","link":"https:\/\/palaciosalort.com\/de\/video-pedro-martorell\/","title":{"rendered":"V\u00eddeo Pedro Martorell"},"content":{"rendered":"\t\t<div data-elementor-type=\"wp-page\" data-elementor-id=\"2786\" class=\"elementor elementor-2786 elementor-2568\" data-elementor-post-type=\"page\">\n\t\t\t\t<div class=\"elementor-element elementor-element-3015e73 e-flex e-con-boxed e-con e-parent\" data-id=\"3015e73\" data-element_type=\"container\" data-e-type=\"container\">\n\t\t\t\t\t<div class=\"e-con-inner\">\n\t\t\t\t<div class=\"elementor-element elementor-element-b873349 elementor-widget elementor-widget-video\" data-id=\"b873349\" data-element_type=\"widget\" data-e-type=\"widget\" data-settings=\"{&quot;youtube_url&quot;:&quot;https:\\\/\\\/youtube.com\\\/shorts\\\/InPOwL4-muA&quot;,&quot;autoplay&quot;:&quot;yes&quot;,&quot;play_on_mobile&quot;:&quot;yes&quot;,&quot;video_type&quot;:&quot;youtube&quot;,&quot;controls&quot;:&quot;yes&quot;}\" data-widget_type=\"video.default\">\n\t\t\t\t<div class=\"elementor-widget-container\">\n\t\t\t\t\t\t\t<div class=\"elementor-wrapper elementor-open-inline\">\n\t\t\t<div class=\"elementor-video\"><\/div>\t\t<\/div>\n\t\t\t\t\t\t<\/div>\n\t\t\t\t<\/div>\n\t\t\t\t\t<\/div>\n\t\t\t\t<\/div>\n\t\t<div class=\"elementor-element elementor-element-09d73d9 e-flex e-con-boxed e-con e-parent\" data-id=\"09d73d9\" data-element_type=\"container\" data-e-type=\"container\">\n\t\t\t\t\t<div class=\"e-con-inner\">\n\t\t<div class=\"elementor-element elementor-element-7fbde94 e-con-full e-flex e-con e-child\" data-id=\"7fbde94\" data-element_type=\"container\" data-e-type=\"container\">\n\t\t\t\t<div class=\"elementor-element elementor-element-984ed3d elementor-align-left elementor-mobile-align-left elementor-widget elementor-widget-button\" data-id=\"984ed3d\" data-element_type=\"widget\" data-e-type=\"widget\" data-widget_type=\"button.default\">\n\t\t\t\t<div class=\"elementor-widget-container\">\n\t\t\t\t\t\t\t\t\t<div class=\"elementor-button-wrapper\">\n\t\t\t\t\t<a class=\"elementor-button elementor-button-link elementor-size-md\" href=\"#titulo\">\n\t\t\t\t\t\t<span class=\"elementor-button-content-wrapper\">\n\t\t\t\t\t\t<span class=\"elementor-button-icon\">\n\t\t\t\t<svg aria-hidden=\"true\" class=\"e-font-icon-svg e-fas-info-circle\" viewBox=\"0 0 512 512\" xmlns=\"http:\/\/www.w3.org\/2000\/svg\"><path d=\"M256 8C119.043 8 8 119.083 8 256c0 136.997 111.043 248 248 248s248-111.003 248-248C504 119.083 392.957 8 256 8zm0 110c23.196 0 42 18.804 42 42s-18.804 42-42 42-42-18.804-42-42 18.804-42 42-42zm56 254c0 6.627-5.373 12-12 12h-88c-6.627 0-12-5.373-12-12v-24c0-6.627 5.373-12 12-12h12v-64h-12c-6.627 0-12-5.373-12-12v-24c0-6.627 5.373-12 12-12h64c6.627 0 12 5.373 12 12v100h12c6.627 0 12 5.373 12 12v24z\"><\/path><\/svg>\t\t\t<\/span>\n\t\t\t\t\t\t\t\t<\/span>\n\t\t\t\t\t<\/a>\n\t\t\t\t<\/div>\n\t\t\t\t\t\t\t\t<\/div>\n\t\t\t\t<\/div>\n\t\t\t\t<div class=\"elementor-element elementor-element-db5b747 elementor-widget elementor-widget-wpml-language-switcher\" data-id=\"db5b747\" data-element_type=\"widget\" data-e-type=\"widget\" data-widget_type=\"wpml-language-switcher.default\">\n\t\t\t\t<div class=\"elementor-widget-container\">\n\t\t\t\t\t<div class=\"wpml-elementor-ls\">\n<div role=\"navigation\" aria-label=\"Sprachwechsler\" class=\"wpml-ls-statics-shortcode_actions wpml-ls wpml-ls-legacy-list-horizontal\">\n\t<ul><li class=\"wpml-ls-slot-shortcode_actions wpml-ls-item wpml-ls-item-en wpml-ls-first-item wpml-ls-item-legacy-list-horizontal\">\n\t\t\t\t<a href=\"http:\/\/palaciosalort.com\/en\/\" hreflang=\"en\" lang=\"en\" class=\"wpml-ls-link\" aria-label=\"Wechseln zu Englisch\" title=\"Wechseln zu Englisch\">\n\t\t\t\t\t                                    <img decoding=\"async\"\n            class=\"wpml-ls-flag\"\n            src=\"https:\/\/palaciosalort.com\/wp-content\/plugins\/sitepress-multilingual-cms\/res\/flags\/en.svg\"\n            alt=\"Englisch\"\n            loading=\"lazy\"\n            width=18\n            height=12\n    \/><\/a>\n\t\t\t<\/li><li class=\"wpml-ls-slot-shortcode_actions wpml-ls-item wpml-ls-item-fr wpml-ls-item-legacy-list-horizontal\">\n\t\t\t\t<a href=\"http:\/\/palaciosalort.com\/fr\/\" hreflang=\"fr\" lang=\"fr\" class=\"wpml-ls-link\" aria-label=\"Wechseln zu Franz\u00f6sisch\" title=\"Wechseln zu Franz\u00f6sisch\">\n\t\t\t\t\t                                    <img decoding=\"async\"\n            class=\"wpml-ls-flag\"\n            src=\"https:\/\/palaciosalort.com\/wp-content\/plugins\/sitepress-multilingual-cms\/res\/flags\/fr.svg\"\n            alt=\"Franz\u00f6sisch\"\n            loading=\"lazy\"\n            width=18\n            height=12\n    \/><\/a>\n\t\t\t<\/li><li class=\"wpml-ls-slot-shortcode_actions wpml-ls-item wpml-ls-item-de wpml-ls-current-language wpml-ls-item-legacy-list-horizontal\">\n\t\t\t\t<a href=\"http:\/\/palaciosalort.com\/de\/\" hreflang=\"de\" lang=\"de\" class=\"wpml-ls-link\" aria-current=\"page\" aria-label=\"Wechseln zu Deutsch\" title=\"Wechseln zu Deutsch\">\n\t\t\t\t\t                                    <img decoding=\"async\"\n            class=\"wpml-ls-flag\"\n            src=\"https:\/\/palaciosalort.com\/wp-content\/plugins\/sitepress-multilingual-cms\/res\/flags\/de.svg\"\n            alt=\"Deutsch\"\n            loading=\"lazy\"\n            width=18\n            height=12\n    \/><\/a>\n\t\t\t<\/li><li class=\"wpml-ls-slot-shortcode_actions wpml-ls-item wpml-ls-item-it wpml-ls-item-legacy-list-horizontal\">\n\t\t\t\t<a href=\"http:\/\/palaciosalort.com\/it\/\" hreflang=\"it\" lang=\"it\" class=\"wpml-ls-link\" aria-label=\"Wechseln zu Italienisch\" title=\"Wechseln zu Italienisch\">\n\t\t\t\t\t                                    <img decoding=\"async\"\n            class=\"wpml-ls-flag\"\n            src=\"https:\/\/palaciosalort.com\/wp-content\/plugins\/sitepress-multilingual-cms\/res\/flags\/it.svg\"\n            alt=\"Italienisch\"\n            loading=\"lazy\"\n            width=18\n            height=12\n    \/><\/a>\n\t\t\t<\/li><li class=\"wpml-ls-slot-shortcode_actions wpml-ls-item wpml-ls-item-es wpml-ls-item-legacy-list-horizontal\">\n\t\t\t\t<a href=\"http:\/\/palaciosalort.com\/\" hreflang=\"es\" lang=\"es\" class=\"wpml-ls-link\" aria-label=\"Wechseln zu Spanisch\" title=\"Wechseln zu Spanisch\">\n\t\t\t\t\t                                    <img decoding=\"async\"\n            class=\"wpml-ls-flag\"\n            src=\"https:\/\/palaciosalort.com\/wp-content\/plugins\/sitepress-multilingual-cms\/res\/flags\/es.svg\"\n            alt=\"Spanisch\"\n            loading=\"lazy\"\n            width=18\n            height=12\n    \/><\/a>\n\t\t\t<\/li><li class=\"wpml-ls-slot-shortcode_actions wpml-ls-item wpml-ls-item-ca wpml-ls-last-item wpml-ls-item-legacy-list-horizontal\">\n\t\t\t\t<a href=\"http:\/\/palaciosalort.com\/ca\/\" hreflang=\"ca\" lang=\"ca\" class=\"wpml-ls-link\" aria-label=\"Wechseln zu Katalanisch\" title=\"Wechseln zu Katalanisch\">\n\t\t\t\t\t                                    <img decoding=\"async\"\n            class=\"wpml-ls-flag\"\n            src=\"https:\/\/palaciosalort.com\/wp-content\/plugins\/sitepress-multilingual-cms\/res\/flags\/ca.svg\"\n            alt=\"Katalanisch\"\n            loading=\"lazy\"\n            width=18\n            height=12\n    \/><\/a>\n\t\t\t<\/li><\/ul>\n<\/div>\n<\/div>\t\t\t\t<\/div>\n\t\t\t\t<\/div>\n\t\t\t\t<\/div>\n\t\t\t\t<div class=\"elementor-element elementor-element-146e78d elementor-widget elementor-widget-html\" data-id=\"146e78d\" data-element_type=\"widget\" data-e-type=\"widget\" data-widget_type=\"html.default\">\n\t\t\t\t<div class=\"elementor-widget-container\">\n\t\t\t\t\t<script>document.addEventListener(\"DOMContentLoaded\", function () {\n    \/\/ Detectar idioma actual\n    const idioma = document.documentElement.lang.split('-')[0]; \/\/ \"es\", \"en\", \"fr\"...\n\n    \/\/ Buscar el bot\u00f3n\/enlace\n    const boton = document.getElementById(\"botonEntrar\");\n\n    if (boton) {\n        \/\/ Obtener href actual\n        let url = boton.getAttribute(\"href\") || \"\";\n\n        \/\/ A\u00f1adir ?lang=idioma (o &lang si ya hay par\u00e1metros)\n        if (url.includes(\"?\")) {\n            url += `&lang=${idioma}`;\n        } else {\n            url += `?lang=${idioma}`;\n        }\n\n        \/\/ Asignar el nuevo enlace\n        boton.setAttribute(\"href\", url);\n    }\n});\n<\/script>\t\t\t\t<\/div>\n\t\t\t\t<\/div>\n\t\t\t\t\t<\/div>\n\t\t\t\t<\/div>\n\t\t<div class=\"elementor-element elementor-element-1d93241 e-flex e-con-boxed e-con e-parent\" data-id=\"1d93241\" data-element_type=\"container\" data-e-type=\"container\" id=\"titulo\">\n\t\t\t\t\t<div class=\"e-con-inner\">\n\t\t\t\t<div class=\"elementor-element elementor-element-3c4f9e3 elementor-widget elementor-widget-heading\" data-id=\"3c4f9e3\" data-element_type=\"widget\" data-e-type=\"widget\" data-widget_type=\"heading.default\">\n\t\t\t\t<div class=\"elementor-widget-container\">\n\t\t\t\t\t<h2 class=\"elementor-heading-title elementor-size-default\">Pedro Martorell y Gomila (Ciutadella, 1736\u20131809)<\/h2>\t\t\t\t<\/div>\n\t\t\t\t<\/div>\n\t\t\t\t<div class=\"elementor-element elementor-element-d7805b3 elementor-widget elementor-widget-text-editor\" data-id=\"d7805b3\" data-element_type=\"widget\" data-e-type=\"widget\" data-widget_type=\"text-editor.default\">\n\t\t\t\t<div class=\"elementor-widget-container\">\n\t\t\t\t\t\t\t\t\t<p><span style=\"font-weight: 400;\">Naci\u00f3 en Ciutadella en 1736.<\/span><\/p><p><span style=\"font-weight: 400;\">Sohn von Gabriel Martorell und \u00c1gueda Gomila, heiratete Pedro Antonia Olives y Squella und vereinte damit zwei der einflussreichsten Adelsgeschlechter der Insel.<\/span><\/p><p><span style=\"font-weight: 400;\">Pedro war der j\u00fcngere Bruder von Gabino Martorell Gomila, dem K\u00f6nig Karl IV. durch ein k\u00f6nigliches Dekret vom M\u00e4rz 1789 und eine im Dezember 1797 ausgestellte Urkunde den Markgrafentitel von Albranca verlieh, zusammen mit der vorherigen Vizegrafschaft von Day\u00e1, als Anerkennung f\u00fcr seine Mitwirkung bei der R\u00fcckeroberung Menorcas von den Engl\u00e4ndern im Jahr 1782.<\/span><\/p><p><span style=\"font-weight: 400;\">Die Eheschlie\u00dfung von Pedro Martorell Gomila mit Antonia Olives Squella best\u00e4tigte die traditionellen Allianzen zwischen den Herrenh\u00e4usern von Ciutadella und st\u00e4rkte die Pr\u00e4senz beider Familiennamen in der Gesellschaft, der Wirtschaft und den lokalen Institutionen.<\/span><\/p><p><span style=\"font-weight: 400;\">In Ciutadella erzogen, gelangte Pedro Martorell \u2013 obwohl er nicht die Rechte der Erstgeburt und des Majorats besa\u00df \u2013 in die Salons und zu den Veranstaltungen, die der menorquinischen Aristokratie vorbehalten waren.<br>Die Ehe mit Antonia Olives y Squella festigte seine gesellschaftliche Stellung und erm\u00f6glichte ihm die Mitverwaltung der Familieng\u00fcter sowie das Patronat verschiedener Pfarrfeste. <\/span><\/p><p><span style=\"font-weight: 400;\">W\u00e4hrend sein \u00e4lterer Bruder Gabino durch die zahlreichen \u00c4mter, die er bekleidete \u2013 Geschworener und Milit\u00e4rberater, Generalvogt, mostassaf (Marktaufseher) und Generalverwalter \u2013 \u00f6ffentliches Ansehen erlangte, bewahrte Pedro ein diskretes Profil.<\/span><br><span style=\"font-weight: 400;\">Er widmete sich der Verwaltung der Landg\u00fcter (llocs), die den H\u00e4usern Martorell und Olives geh\u00f6rten, und unterst\u00fctzte wohlt\u00e4tige Werke in Ciutadella.<\/span> <\/p><p>I<span style=\"font-weight: 400;\">m Archiv des Grafengeschlechts von Torre Saura wird die Vollmacht aufbewahrt, die Pedro Martorell Gomila im Jahr 1822 dem Priester Rafael Bru erteilte, um ihn im<\/span> Vorstand der Eigent\u00fcmer der cavalleries von Menorca zu vertreten.<\/p>\t\t\t\t\t\t\t\t<\/div>\n\t\t\t\t<\/div>\n\t\t\t\t\t<\/div>\n\t\t\t\t<\/div>\n\t\t\t\t<\/div>\n\t\t","protected":false},"excerpt":{"rendered":"<p>Pedro Martorell y Gomila (Ciutadella, 1736\u20131809) Naci\u00f3 en Ciutadella en 1736. Sohn von Gabriel Martorell und \u00c1gueda Gomila, heiratete Pedro Antonia Olives y Squella und vereinte damit zwei der einflussreichsten Adelsgeschlechter der Insel. Pedro war der j\u00fcngere Bruder von Gabino Martorell Gomila, dem K\u00f6nig Karl IV. durch ein k\u00f6nigliches Dekret vom M\u00e4rz 1789 und eine [&hellip;]<\/p>\n","protected":false},"author":1,"featured_media":0,"parent":0,"menu_order":0,"comment_status":"closed","ping_status":"closed","template":"elementor_canvas","meta":{"footnotes":""},"class_list":["post-2786","page","type-page","status-publish","hentry"],"yoast_head":"<!-- This site is optimized with the Yoast SEO plugin v27.2 - https:\/\/yoast.com\/product\/yoast-seo-wordpress\/ -->\n<title>V\u00eddeo Pedro Martorell - Palau Salort<\/title>\n<meta name=\"robots\" content=\"noindex, nofollow\" \/>\n<meta property=\"og:locale\" content=\"de_DE\" \/>\n<meta property=\"og:type\" content=\"article\" \/>\n<meta property=\"og:title\" content=\"V\u00eddeo Pedro Martorell - Palau Salort\" \/>\n<meta property=\"og:description\" content=\"Pedro Martorell y Gomila (Ciutadella, 1736\u20131809) Naci\u00f3 en Ciutadella en 1736. Sohn von Gabriel Martorell und \u00c1gueda Gomila, heiratete Pedro Antonia Olives y Squella und vereinte damit zwei der einflussreichsten Adelsgeschlechter der Insel. Pedro war der j\u00fcngere Bruder von Gabino Martorell Gomila, dem K\u00f6nig Karl IV. durch ein k\u00f6nigliches Dekret vom M\u00e4rz 1789 und eine [&hellip;]\" \/>\n<meta property=\"og:url\" content=\"https:\/\/palaciosalort.com\/video-pedro-martorell\/\" \/>\n<meta property=\"og:site_name\" content=\"Palau Salort\" \/>\n<meta property=\"article:modified_time\" content=\"2026-03-25T16:22:39+00:00\" \/>\n<meta name=\"twitter:card\" content=\"summary_large_image\" \/>\n<meta name=\"twitter:label1\" content=\"Gesch\u00e4tzte Lesezeit\" \/>\n\t<meta name=\"twitter:data1\" content=\"3\u00a0Minuten\" \/>\n<script type=\"application\/ld+json\" class=\"yoast-schema-graph\">{\"@context\":\"https:\/\/schema.org\",\"@graph\":[{\"@type\":\"WebPage\",\"@id\":\"https:\/\/palaciosalort.com\/video-pedro-martorell\/\",\"url\":\"https:\/\/palaciosalort.com\/video-pedro-martorell\/\",\"name\":\"V\u00eddeo Pedro Martorell - Palau Salort\",\"isPartOf\":{\"@id\":\"https:\/\/palaciosalort.com\/#website\"},\"datePublished\":\"2025-08-01T09:11:45+00:00\",\"dateModified\":\"2026-03-25T16:22:39+00:00\",\"breadcrumb\":{\"@id\":\"https:\/\/palaciosalort.com\/video-pedro-martorell\/#breadcrumb\"},\"inLanguage\":\"de\",\"potentialAction\":[{\"@type\":\"ReadAction\",\"target\":[\"https:\/\/palaciosalort.com\/video-pedro-martorell\/\"]}]},{\"@type\":\"BreadcrumbList\",\"@id\":\"https:\/\/palaciosalort.com\/video-pedro-martorell\/#breadcrumb\",\"itemListElement\":[{\"@type\":\"ListItem\",\"position\":1,\"name\":\"Portada\",\"item\":\"https:\/\/palaciosalort.com\/de\/\"},{\"@type\":\"ListItem\",\"position\":2,\"name\":\"V\u00eddeo Pedro Martorell\"}]},{\"@type\":\"WebSite\",\"@id\":\"https:\/\/palaciosalort.com\/#website\",\"url\":\"https:\/\/palaciosalort.com\/\",\"name\":\"Palacio Salort\",\"description\":\"Disfruta de una gran experi\u00e9ncia en el Palau Salort\",\"publisher\":{\"@id\":\"https:\/\/palaciosalort.com\/#organization\"},\"potentialAction\":[{\"@type\":\"SearchAction\",\"target\":{\"@type\":\"EntryPoint\",\"urlTemplate\":\"https:\/\/palaciosalort.com\/?s={search_term_string}\"},\"query-input\":{\"@type\":\"PropertyValueSpecification\",\"valueRequired\":true,\"valueName\":\"search_term_string\"}}],\"inLanguage\":\"de\"},{\"@type\":\"Organization\",\"@id\":\"https:\/\/palaciosalort.com\/#organization\",\"name\":\"Palacio Salort\",\"url\":\"https:\/\/palaciosalort.com\/\",\"logo\":{\"@type\":\"ImageObject\",\"inLanguage\":\"de\",\"@id\":\"https:\/\/palaciosalort.com\/#\/schema\/logo\/image\/\",\"url\":\"https:\/\/palaciosalort.com\/wp-content\/uploads\/2023\/05\/Diseno-sin-titulo-7.jpg\",\"contentUrl\":\"https:\/\/palaciosalort.com\/wp-content\/uploads\/2023\/05\/Diseno-sin-titulo-7.jpg\",\"width\":40,\"height\":40,\"caption\":\"Palacio Salort\"},\"image\":{\"@id\":\"https:\/\/palaciosalort.com\/#\/schema\/logo\/image\/\"}}]}<\/script>\n<!-- \/ Yoast SEO plugin. -->","yoast_head_json":{"title":"V\u00eddeo Pedro Martorell - Palau Salort","robots":{"index":"noindex","follow":"nofollow"},"og_locale":"de_DE","og_type":"article","og_title":"V\u00eddeo Pedro Martorell - Palau Salort","og_description":"Pedro Martorell y Gomila (Ciutadella, 1736\u20131809) Naci\u00f3 en Ciutadella en 1736. Sohn von Gabriel Martorell und \u00c1gueda Gomila, heiratete Pedro Antonia Olives y Squella und vereinte damit zwei der einflussreichsten Adelsgeschlechter der Insel. Pedro war der j\u00fcngere Bruder von Gabino Martorell Gomila, dem K\u00f6nig Karl IV. durch ein k\u00f6nigliches Dekret vom M\u00e4rz 1789 und eine [&hellip;]","og_url":"https:\/\/palaciosalort.com\/video-pedro-martorell\/","og_site_name":"Palau Salort","article_modified_time":"2026-03-25T16:22:39+00:00","twitter_card":"summary_large_image","twitter_misc":{"Gesch\u00e4tzte Lesezeit":"3\u00a0Minuten"},"schema":{"@context":"https:\/\/schema.org","@graph":[{"@type":"WebPage","@id":"https:\/\/palaciosalort.com\/video-pedro-martorell\/","url":"https:\/\/palaciosalort.com\/video-pedro-martorell\/","name":"V\u00eddeo Pedro Martorell - Palau Salort","isPartOf":{"@id":"https:\/\/palaciosalort.com\/#website"},"datePublished":"2025-08-01T09:11:45+00:00","dateModified":"2026-03-25T16:22:39+00:00","breadcrumb":{"@id":"https:\/\/palaciosalort.com\/video-pedro-martorell\/#breadcrumb"},"inLanguage":"de","potentialAction":[{"@type":"ReadAction","target":["https:\/\/palaciosalort.com\/video-pedro-martorell\/"]}]},{"@type":"BreadcrumbList","@id":"https:\/\/palaciosalort.com\/video-pedro-martorell\/#breadcrumb","itemListElement":[{"@type":"ListItem","position":1,"name":"Portada","item":"https:\/\/palaciosalort.com\/de\/"},{"@type":"ListItem","position":2,"name":"V\u00eddeo Pedro Martorell"}]},{"@type":"WebSite","@id":"https:\/\/palaciosalort.com\/#website","url":"https:\/\/palaciosalort.com\/","name":"Palacio Salort","description":"Disfruta de una gran experi\u00e9ncia en el Palau Salort","publisher":{"@id":"https:\/\/palaciosalort.com\/#organization"},"potentialAction":[{"@type":"SearchAction","target":{"@type":"EntryPoint","urlTemplate":"https:\/\/palaciosalort.com\/?s={search_term_string}"},"query-input":{"@type":"PropertyValueSpecification","valueRequired":true,"valueName":"search_term_string"}}],"inLanguage":"de"},{"@type":"Organization","@id":"https:\/\/palaciosalort.com\/#organization","name":"Palacio Salort","url":"https:\/\/palaciosalort.com\/","logo":{"@type":"ImageObject","inLanguage":"de","@id":"https:\/\/palaciosalort.com\/#\/schema\/logo\/image\/","url":"https:\/\/palaciosalort.com\/wp-content\/uploads\/2023\/05\/Diseno-sin-titulo-7.jpg","contentUrl":"https:\/\/palaciosalort.com\/wp-content\/uploads\/2023\/05\/Diseno-sin-titulo-7.jpg","width":40,"height":40,"caption":"Palacio Salort"},"image":{"@id":"https:\/\/palaciosalort.com\/#\/schema\/logo\/image\/"}}]}},"_links":{"self":[{"href":"https:\/\/palaciosalort.com\/de\/wp-json\/wp\/v2\/pages\/2786","targetHints":{"allow":["GET"]}}],"collection":[{"href":"https:\/\/palaciosalort.com\/de\/wp-json\/wp\/v2\/pages"}],"about":[{"href":"https:\/\/palaciosalort.com\/de\/wp-json\/wp\/v2\/types\/page"}],"author":[{"embeddable":true,"href":"https:\/\/palaciosalort.com\/de\/wp-json\/wp\/v2\/users\/1"}],"replies":[{"embeddable":true,"href":"https:\/\/palaciosalort.com\/de\/wp-json\/wp\/v2\/comments?post=2786"}],"version-history":[{"count":9,"href":"https:\/\/palaciosalort.com\/de\/wp-json\/wp\/v2\/pages\/2786\/revisions"}],"predecessor-version":[{"id":4008,"href":"https:\/\/palaciosalort.com\/de\/wp-json\/wp\/v2\/pages\/2786\/revisions\/4008"}],"wp:attachment":[{"href":"https:\/\/palaciosalort.com\/de\/wp-json\/wp\/v2\/media?parent=2786"}],"curies":[{"name":"wp","href":"https:\/\/api.w.org\/{rel}","templated":true}]}}