{"id":2655,"date":"2025-06-11T06:57:34","date_gmt":"2025-06-11T06:57:34","guid":{"rendered":"https:\/\/palaciosalort.com\/video-tomas-j-de-salort\/"},"modified":"2026-03-25T16:26:12","modified_gmt":"2026-03-25T16:26:12","slug":"video-tomas-j-de-salort","status":"publish","type":"page","link":"https:\/\/palaciosalort.com\/de\/video-tomas-j-de-salort\/","title":{"rendered":"V\u00eddeo Tom\u00e1s J. de Salort"},"content":{"rendered":"\t\t<div data-elementor-type=\"wp-page\" data-elementor-id=\"2655\" class=\"elementor elementor-2655 elementor-1973\" data-elementor-post-type=\"page\">\n\t\t\t\t<div class=\"elementor-element elementor-element-3015e73 e-flex e-con-boxed e-con e-parent\" data-id=\"3015e73\" data-element_type=\"container\" data-e-type=\"container\">\n\t\t\t\t\t<div class=\"e-con-inner\">\n\t\t\t\t<div class=\"elementor-element elementor-element-eea020a elementor-widget elementor-widget-video\" data-id=\"eea020a\" data-element_type=\"widget\" data-e-type=\"widget\" data-settings=\"{&quot;youtube_url&quot;:&quot;https:\\\/\\\/youtube.com\\\/shorts\\\/s0HR-HRjiyI&quot;,&quot;autoplay&quot;:&quot;yes&quot;,&quot;video_type&quot;:&quot;youtube&quot;,&quot;controls&quot;:&quot;yes&quot;}\" data-widget_type=\"video.default\">\n\t\t\t\t<div class=\"elementor-widget-container\">\n\t\t\t\t\t\t\t<div class=\"elementor-wrapper elementor-open-inline\">\n\t\t\t<div class=\"elementor-video\"><\/div>\t\t<\/div>\n\t\t\t\t\t\t<\/div>\n\t\t\t\t<\/div>\n\t\t\t\t\t<\/div>\n\t\t\t\t<\/div>\n\t\t<div class=\"elementor-element elementor-element-f9db187 e-flex e-con-boxed e-con e-parent\" data-id=\"f9db187\" data-element_type=\"container\" data-e-type=\"container\">\n\t\t\t\t\t<div class=\"e-con-inner\">\n\t\t<div class=\"elementor-element elementor-element-525b490 e-con-full e-flex e-con e-child\" data-id=\"525b490\" data-element_type=\"container\" data-e-type=\"container\">\n\t\t\t\t<div class=\"elementor-element elementor-element-8ee7e80 elementor-align-left elementor-mobile-align-left elementor-widget elementor-widget-button\" data-id=\"8ee7e80\" data-element_type=\"widget\" data-e-type=\"widget\" data-widget_type=\"button.default\">\n\t\t\t\t<div class=\"elementor-widget-container\">\n\t\t\t\t\t\t\t\t\t<div class=\"elementor-button-wrapper\">\n\t\t\t\t\t<a class=\"elementor-button elementor-button-link elementor-size-md\" href=\"#titulo\">\n\t\t\t\t\t\t<span class=\"elementor-button-content-wrapper\">\n\t\t\t\t\t\t<span class=\"elementor-button-icon\">\n\t\t\t\t<svg aria-hidden=\"true\" class=\"e-font-icon-svg e-fas-info-circle\" viewBox=\"0 0 512 512\" xmlns=\"http:\/\/www.w3.org\/2000\/svg\"><path d=\"M256 8C119.043 8 8 119.083 8 256c0 136.997 111.043 248 248 248s248-111.003 248-248C504 119.083 392.957 8 256 8zm0 110c23.196 0 42 18.804 42 42s-18.804 42-42 42-42-18.804-42-42 18.804-42 42-42zm56 254c0 6.627-5.373 12-12 12h-88c-6.627 0-12-5.373-12-12v-24c0-6.627 5.373-12 12-12h12v-64h-12c-6.627 0-12-5.373-12-12v-24c0-6.627 5.373-12 12-12h64c6.627 0 12 5.373 12 12v100h12c6.627 0 12 5.373 12 12v24z\"><\/path><\/svg>\t\t\t<\/span>\n\t\t\t\t\t\t\t\t<\/span>\n\t\t\t\t\t<\/a>\n\t\t\t\t<\/div>\n\t\t\t\t\t\t\t\t<\/div>\n\t\t\t\t<\/div>\n\t\t\t\t<div class=\"elementor-element elementor-element-a82158e elementor-widget elementor-widget-wpml-language-switcher\" data-id=\"a82158e\" data-element_type=\"widget\" data-e-type=\"widget\" data-widget_type=\"wpml-language-switcher.default\">\n\t\t\t\t<div class=\"elementor-widget-container\">\n\t\t\t\t\t<div class=\"wpml-elementor-ls\">\n<div role=\"navigation\" aria-label=\"Sprachwechsler\" class=\"wpml-ls-statics-shortcode_actions wpml-ls wpml-ls-legacy-list-horizontal\">\n\t<ul><li class=\"wpml-ls-slot-shortcode_actions wpml-ls-item wpml-ls-item-en wpml-ls-first-item wpml-ls-item-legacy-list-horizontal\">\n\t\t\t\t<a href=\"http:\/\/palaciosalort.com\/en\/\" hreflang=\"en\" lang=\"en\" class=\"wpml-ls-link\" aria-label=\"Wechseln zu Englisch\" title=\"Wechseln zu Englisch\">\n\t\t\t\t\t                                    <img decoding=\"async\"\n            class=\"wpml-ls-flag\"\n            src=\"https:\/\/palaciosalort.com\/wp-content\/plugins\/sitepress-multilingual-cms\/res\/flags\/en.svg\"\n            alt=\"Englisch\"\n            loading=\"lazy\"\n            width=18\n            height=12\n    \/><\/a>\n\t\t\t<\/li><li class=\"wpml-ls-slot-shortcode_actions wpml-ls-item wpml-ls-item-fr wpml-ls-item-legacy-list-horizontal\">\n\t\t\t\t<a href=\"http:\/\/palaciosalort.com\/fr\/\" hreflang=\"fr\" lang=\"fr\" class=\"wpml-ls-link\" aria-label=\"Wechseln zu Franz\u00f6sisch\" title=\"Wechseln zu Franz\u00f6sisch\">\n\t\t\t\t\t                                    <img decoding=\"async\"\n            class=\"wpml-ls-flag\"\n            src=\"https:\/\/palaciosalort.com\/wp-content\/plugins\/sitepress-multilingual-cms\/res\/flags\/fr.svg\"\n            alt=\"Franz\u00f6sisch\"\n            loading=\"lazy\"\n            width=18\n            height=12\n    \/><\/a>\n\t\t\t<\/li><li class=\"wpml-ls-slot-shortcode_actions wpml-ls-item wpml-ls-item-de wpml-ls-current-language wpml-ls-item-legacy-list-horizontal\">\n\t\t\t\t<a href=\"http:\/\/palaciosalort.com\/de\/\" hreflang=\"de\" lang=\"de\" class=\"wpml-ls-link\" aria-current=\"page\" aria-label=\"Wechseln zu Deutsch\" title=\"Wechseln zu Deutsch\">\n\t\t\t\t\t                                    <img decoding=\"async\"\n            class=\"wpml-ls-flag\"\n            src=\"https:\/\/palaciosalort.com\/wp-content\/plugins\/sitepress-multilingual-cms\/res\/flags\/de.svg\"\n            alt=\"Deutsch\"\n            loading=\"lazy\"\n            width=18\n            height=12\n    \/><\/a>\n\t\t\t<\/li><li class=\"wpml-ls-slot-shortcode_actions wpml-ls-item wpml-ls-item-it wpml-ls-item-legacy-list-horizontal\">\n\t\t\t\t<a href=\"http:\/\/palaciosalort.com\/it\/\" hreflang=\"it\" lang=\"it\" class=\"wpml-ls-link\" aria-label=\"Wechseln zu Italienisch\" title=\"Wechseln zu Italienisch\">\n\t\t\t\t\t                                    <img decoding=\"async\"\n            class=\"wpml-ls-flag\"\n            src=\"https:\/\/palaciosalort.com\/wp-content\/plugins\/sitepress-multilingual-cms\/res\/flags\/it.svg\"\n            alt=\"Italienisch\"\n            loading=\"lazy\"\n            width=18\n            height=12\n    \/><\/a>\n\t\t\t<\/li><li class=\"wpml-ls-slot-shortcode_actions wpml-ls-item wpml-ls-item-es wpml-ls-item-legacy-list-horizontal\">\n\t\t\t\t<a href=\"http:\/\/palaciosalort.com\/\" hreflang=\"es\" lang=\"es\" class=\"wpml-ls-link\" aria-label=\"Wechseln zu Spanisch\" title=\"Wechseln zu Spanisch\">\n\t\t\t\t\t                                    <img decoding=\"async\"\n            class=\"wpml-ls-flag\"\n            src=\"https:\/\/palaciosalort.com\/wp-content\/plugins\/sitepress-multilingual-cms\/res\/flags\/es.svg\"\n            alt=\"Spanisch\"\n            loading=\"lazy\"\n            width=18\n            height=12\n    \/><\/a>\n\t\t\t<\/li><li class=\"wpml-ls-slot-shortcode_actions wpml-ls-item wpml-ls-item-ca wpml-ls-last-item wpml-ls-item-legacy-list-horizontal\">\n\t\t\t\t<a href=\"http:\/\/palaciosalort.com\/ca\/\" hreflang=\"ca\" lang=\"ca\" class=\"wpml-ls-link\" aria-label=\"Wechseln zu Katalanisch\" title=\"Wechseln zu Katalanisch\">\n\t\t\t\t\t                                    <img decoding=\"async\"\n            class=\"wpml-ls-flag\"\n            src=\"https:\/\/palaciosalort.com\/wp-content\/plugins\/sitepress-multilingual-cms\/res\/flags\/ca.svg\"\n            alt=\"Katalanisch\"\n            loading=\"lazy\"\n            width=18\n            height=12\n    \/><\/a>\n\t\t\t<\/li><\/ul>\n<\/div>\n<\/div>\t\t\t\t<\/div>\n\t\t\t\t<\/div>\n\t\t\t\t<\/div>\n\t\t\t\t<div class=\"elementor-element elementor-element-f766b4a elementor-widget elementor-widget-html\" data-id=\"f766b4a\" data-element_type=\"widget\" data-e-type=\"widget\" data-widget_type=\"html.default\">\n\t\t\t\t<div class=\"elementor-widget-container\">\n\t\t\t\t\t<script>document.addEventListener(\"DOMContentLoaded\", function () {\n    \/\/ Detectar idioma actual\n    const idioma = document.documentElement.lang.split('-')[0]; \/\/ \"es\", \"en\", \"fr\"...\n\n    \/\/ Buscar el bot\u00f3n\/enlace\n    const boton = document.getElementById(\"botonEntrar\");\n\n    if (boton) {\n        \/\/ Obtener href actual\n        let url = boton.getAttribute(\"href\") || \"\";\n\n        \/\/ A\u00f1adir ?lang=idioma (o &lang si ya hay par\u00e1metros)\n        if (url.includes(\"?\")) {\n            url += `&lang=${idioma}`;\n        } else {\n            url += `?lang=${idioma}`;\n        }\n\n        \/\/ Asignar el nuevo enlace\n        boton.setAttribute(\"href\", url);\n    }\n});\n<\/script>\t\t\t\t<\/div>\n\t\t\t\t<\/div>\n\t\t\t\t\t<\/div>\n\t\t\t\t<\/div>\n\t\t<div class=\"elementor-element elementor-element-7ffaf10 e-flex e-con-boxed e-con e-parent\" data-id=\"7ffaf10\" data-element_type=\"container\" data-e-type=\"container\" id=\"titulo\">\n\t\t\t\t\t<div class=\"e-con-inner\">\n\t\t\t\t<div class=\"elementor-element elementor-element-d4c7b3f elementor-widget elementor-widget-heading\" data-id=\"d4c7b3f\" data-element_type=\"widget\" data-e-type=\"widget\" data-widget_type=\"heading.default\">\n\t\t\t\t<div class=\"elementor-widget-container\">\n\t\t\t\t\t<h2 class=\"elementor-heading-title elementor-size-default\">Tom\u00e1s J. de Salort y Salort \n<\/h2>\t\t\t\t<\/div>\n\t\t\t\t<\/div>\n\t\t\t\t<div class=\"elementor-element elementor-element-8208766 elementor-widget elementor-widget-text-editor\" data-id=\"8208766\" data-element_type=\"widget\" data-e-type=\"widget\" data-widget_type=\"text-editor.default\">\n\t\t\t\t<div class=\"elementor-widget-container\">\n\t\t\t\t\t\t\t\t\t<p><span style=\"font-weight: 400;\">Tom\u00e1s J. de Salort y Salort (Ciutadella, 1832 \u2013 Ciutadella, 1901) war ein menorquinischer Adliger und Politiker, der in den Jahren 1867 und 1868 das Amt des B\u00fcrgermeisters von Ciutadella aus\u00fcbte. Am 13. Februar 1873 heiratete er Ignacia Martorell Squella, die aus zwei der angesehensten Familien des menorquinischen Adels stammte. <\/span><\/p><p><span style=\"font-weight: 400;\">Die Pr\u00e4senz der Familie Salort auf Menorca geht auf die Eroberung von 1287 zur\u00fcck, die von Alfons III., dem Freigebigen, veranlasst wurde und die vier Jahrhunderte muslimischer Herrschaft \u00fcber die Insel beendete sowie ihre Eingliederung in die Krone von Arag\u00f3n bewirkte. Bernat Salort, aus Monfort, nahm als Kapit\u00e4n an der Flotte teil, die von Salou auslief, um dieses milit\u00e4rische Unternehmen durchzuf\u00fchren.  <\/span><\/p><p><span style=\"font-weight: 400;\">Im Jahr 1864 erlie\u00df Isabella II. ein k\u00f6nigliches Patent, das den alten Adel des Hauses Salort auf Menorca best\u00e4tigte und Diego de Salort y de Salort aus der Linie von Alaior sowie Tom\u00e1s J. de Salort y de Salort aus Ciutadella den Titel eines Ritters verlieh. Letzterer leitete die Teilnahme der Familie als caixers senyors an den Festlichkeiten von Sant Joan ein. <\/span><\/p><p><span style=\"font-weight: 400;\">Tom\u00e1s J. de Salort y de Salort stand der<\/span> <i><span style=\"font-weight: 400;\">Sant-Joan-Feier<\/span><\/i> vor. <span style=\"font-weight: 400;\">w\u00e4hrend des Bienniums 1866\u20131867 und war damit das erste Mitglied der Familie Salort, das diese Verantwortung \u00fcbernahm. Der letzte war im Biennium 2024\u20132025 Carlos de Salort Pons, Sohn des achten Grafen von Torre Saura, Carlos de Salort Sintes, der im Biennium 1980\u20131981 als caixer senyor amtierte. <\/span><\/p><p> <\/p><h4><b>B\u00fcrgermeisteramt von Ciutadella (1867\u20131868)<\/b><\/h4><p><span style=\"font-weight: 400;\">W\u00e4hrend der Amtszeit von Tom\u00e1s J. de Salort an der Spitze des Rathauses von Ciutadella, die mit den letzten Jahren der Herrschaft Isabellas II. zusammenfiel, ereigneten sich in Ciutadella verschiedene bedeutende Ereignisse.<\/span><\/p><p><span style=\"font-weight: 400;\">Im Dezember 1867 empfing Ciutadella unter dem Vorsitz von B\u00fcrgermeister Salort David G. Farragut (1801\u20131870), den ersten Admiral der Vereinigten Staaten, der eine bedeutende Rolle im Amerikanischen B\u00fcrgerkrieg spielte. Er war der Sohn von Jordi Farragut Mesquida, der 1755 in Ciutadella geboren wurde.  <\/span><\/p><p><span style=\"font-weight: 400;\">Die Stadtverwaltung von Ciutadella, unter dem Vorsitz von Tom\u00e1s J. de Salort, beschloss, Admiral Farragut zum Adoptivsohn der Stadt zu ernennen, in Anerkennung seiner Laufbahn und seiner milit\u00e4rischen Erfolge. Eine Entscheidung, die den Beginn der Beziehung Ciutadellas zur Navy League und die Feier des\u2026 markierte  <\/span><i><span style=\"font-weight: 400;\">Memorial Day<\/span><\/i>, <span style=\"font-weight: 400;\">der j\u00e4hrlichen Ehrung vor der B\u00fcste von David G. Farragut, neben dem Castell de Sant Nicolau, an der Hafeneinfahrt.<\/span><\/p><h4> <\/h4><h4><b>Historischer Kontext und Verm\u00e4chtnis<\/b><\/h4><p><span style=\"font-weight: 400;\">Das Menorca der zweiten H\u00e4lfte des 19. Jahrhunderts erlebte eine Phase politischer und sozialer Umbr\u00fcche, die parallel zu denen im \u00fcbrigen Spanien verliefen.<\/span><\/p><p><span style=\"font-weight: 400;\">Nach dem Sturz Isabellas II. f\u00f6rderte die lokale Revolutionsjunta von Ciutadella, mit der ma\u00dfgeblichen Beteiligung des Kanonikus Camilo Moj\u00f3n, Modernisierungsma\u00dfnahmen wie den Abriss der Stadtmauern zur F\u00f6rderung der Stadterweiterung, die auch Geb\u00e4ude umfasste, die von der Enteignung des Besitzes der Ordensgemeinschaften betroffen waren. <\/span><\/p><p><span style=\"font-weight: 400;\">Darunter der Abriss des Klosters San Francisco mit der Entwicklung des neuen Stadtgrundrisses von der Plaza del Borne bis zur Contramurada, dem neuen Raum, der nach dem Abbruch der Mauern entstand. Ebenso f\u00f6rderte sie den Bau einer \u00fcberdachten Markthalle auf der Plaza de la Libertad, deren Arbeiten 1868 begonnen und 1869 eingeweiht wurden. <\/span><\/p><p><span style=\"font-weight: 400;\">Mit der Wiederherstellung der Monarchie im Jahr 1875 widmete sich Tom\u00e1s J. de Salort der Verwaltung der landwirtschaftlichen G\u00fcter der Familie und blieb eine geachtete und gesch\u00e4tzte Pers\u00f6nlichkeit in der Gesellschaft von Ciutadella. Er wurde in zahlreichen lokalen Angelegenheiten zu Rate gezogen, da seine Ansichten und Urteile sehr gesch\u00e4tzt wurden.<\/span><\/p><p><span style=\"font-weight: 400;\">Tom\u00e1s J. de Salort Salort verstarb im Jahr 1901, nachdem er sieben Jahrzehnte der menorquinischen Geschichte des 19. Jahrhunderts in Ciutadella ma\u00dfgeblich gepr\u00e4gt hatte.<\/span><\/p>\t\t\t\t\t\t\t\t<\/div>\n\t\t\t\t<\/div>\n\t\t\t\t\t<\/div>\n\t\t\t\t<\/div>\n\t\t<div class=\"elementor-element elementor-element-2c5e883 e-flex e-con-boxed e-con e-parent\" data-id=\"2c5e883\" data-element_type=\"container\" data-e-type=\"container\">\n\t\t\t\t\t<div class=\"e-con-inner\">\n\t\t\t\t<div class=\"elementor-element elementor-element-ee6c00a elementor-widget elementor-widget-html\" data-id=\"ee6c00a\" data-element_type=\"widget\" data-e-type=\"widget\" data-widget_type=\"html.default\">\n\t\t\t\t<div class=\"elementor-widget-container\">\n\t\t\t\t\t<script>\/\/ Esperamos a que el DOM cargue completamente\r\n  document.addEventListener('DOMContentLoaded', () => {\r\n    \/\/ Obtenemos el idioma (por ejemplo: \"en-US\", \"es-ES\")\r\n    const langCompleto = document.documentElement.lang || 'es';\r\n    \/\/ Recortamos a la parte corta (ej: \"en\", \"es\")\r\n    const idiomaCorto = langCompleto.split('-')[0];\r\n    \/\/ Guardamos el idioma en localStorage\r\n    localStorage.setItem('idioma_usuario', idiomaCorto);\r\n    console.log(\"Idioma guardado (recortado):\", idiomaCorto);\r\n  });\r\n<\/script>\t\t\t\t<\/div>\n\t\t\t\t<\/div>\n\t\t\t\t\t<\/div>\n\t\t\t\t<\/div>\n\t\t\t\t<\/div>\n\t\t","protected":false},"excerpt":{"rendered":"<p>Tom\u00e1s J. de Salort y Salort Tom\u00e1s J. de Salort y Salort (Ciutadella, 1832 \u2013 Ciutadella, 1901) war ein menorquinischer Adliger und Politiker, der in den Jahren 1867 und 1868 das Amt des B\u00fcrgermeisters von Ciutadella aus\u00fcbte. Am 13. Februar 1873 heiratete er Ignacia Martorell Squella, die aus zwei der angesehensten Familien des menorquinischen Adels [&hellip;]<\/p>\n","protected":false},"author":1,"featured_media":0,"parent":0,"menu_order":0,"comment_status":"closed","ping_status":"closed","template":"elementor_canvas","meta":{"footnotes":""},"class_list":["post-2655","page","type-page","status-publish","hentry"],"yoast_head":"<!-- This site is optimized with the Yoast SEO plugin v27.2 - https:\/\/yoast.com\/product\/yoast-seo-wordpress\/ -->\n<title>V\u00eddeo Tom\u00e1s J. de Salort - Palau Salort<\/title>\n<meta name=\"robots\" content=\"index, follow, max-snippet:-1, max-image-preview:large, max-video-preview:-1\" \/>\n<link rel=\"canonical\" href=\"https:\/\/palaciosalort.com\/video-tomas-j-salort\/\" \/>\n<meta property=\"og:locale\" content=\"de_DE\" \/>\n<meta property=\"og:type\" content=\"article\" \/>\n<meta property=\"og:title\" content=\"V\u00eddeo Tom\u00e1s J. de Salort - Palau Salort\" \/>\n<meta property=\"og:description\" content=\"Tom\u00e1s J. de Salort y Salort Tom\u00e1s J. de Salort y Salort (Ciutadella, 1832 \u2013 Ciutadella, 1901) war ein menorquinischer Adliger und Politiker, der in den Jahren 1867 und 1868 das Amt des B\u00fcrgermeisters von Ciutadella aus\u00fcbte. Am 13. Februar 1873 heiratete er Ignacia Martorell Squella, die aus zwei der angesehensten Familien des menorquinischen Adels [&hellip;]\" \/>\n<meta property=\"og:url\" content=\"https:\/\/palaciosalort.com\/video-tomas-j-salort\/\" \/>\n<meta property=\"og:site_name\" content=\"Palau Salort\" \/>\n<meta property=\"article:modified_time\" content=\"2026-03-25T16:26:12+00:00\" \/>\n<meta name=\"twitter:card\" content=\"summary_large_image\" \/>\n<meta name=\"twitter:label1\" content=\"Gesch\u00e4tzte Lesezeit\" \/>\n\t<meta name=\"twitter:data1\" content=\"5\u00a0Minuten\" \/>\n<script type=\"application\/ld+json\" class=\"yoast-schema-graph\">{\"@context\":\"https:\/\/schema.org\",\"@graph\":[{\"@type\":\"WebPage\",\"@id\":\"https:\/\/palaciosalort.com\/video-tomas-j-salort\/\",\"url\":\"https:\/\/palaciosalort.com\/video-tomas-j-salort\/\",\"name\":\"V\u00eddeo Tom\u00e1s J. de Salort - Palau Salort\",\"isPartOf\":{\"@id\":\"https:\/\/palaciosalort.com\/#website\"},\"datePublished\":\"2025-06-11T06:57:34+00:00\",\"dateModified\":\"2026-03-25T16:26:12+00:00\",\"breadcrumb\":{\"@id\":\"https:\/\/palaciosalort.com\/video-tomas-j-salort\/#breadcrumb\"},\"inLanguage\":\"de\",\"potentialAction\":[{\"@type\":\"ReadAction\",\"target\":[\"https:\/\/palaciosalort.com\/video-tomas-j-salort\/\"]}]},{\"@type\":\"BreadcrumbList\",\"@id\":\"https:\/\/palaciosalort.com\/video-tomas-j-salort\/#breadcrumb\",\"itemListElement\":[{\"@type\":\"ListItem\",\"position\":1,\"name\":\"Portada\",\"item\":\"https:\/\/palaciosalort.com\/de\/\"},{\"@type\":\"ListItem\",\"position\":2,\"name\":\"V\u00eddeo Tom\u00e1s J. de Salort\"}]},{\"@type\":\"WebSite\",\"@id\":\"https:\/\/palaciosalort.com\/#website\",\"url\":\"https:\/\/palaciosalort.com\/\",\"name\":\"Palacio Salort\",\"description\":\"Disfruta de una gran experi\u00e9ncia en el Palau Salort\",\"publisher\":{\"@id\":\"https:\/\/palaciosalort.com\/#organization\"},\"potentialAction\":[{\"@type\":\"SearchAction\",\"target\":{\"@type\":\"EntryPoint\",\"urlTemplate\":\"https:\/\/palaciosalort.com\/?s={search_term_string}\"},\"query-input\":{\"@type\":\"PropertyValueSpecification\",\"valueRequired\":true,\"valueName\":\"search_term_string\"}}],\"inLanguage\":\"de\"},{\"@type\":\"Organization\",\"@id\":\"https:\/\/palaciosalort.com\/#organization\",\"name\":\"Palacio Salort\",\"url\":\"https:\/\/palaciosalort.com\/\",\"logo\":{\"@type\":\"ImageObject\",\"inLanguage\":\"de\",\"@id\":\"https:\/\/palaciosalort.com\/#\/schema\/logo\/image\/\",\"url\":\"https:\/\/palaciosalort.com\/wp-content\/uploads\/2023\/05\/Diseno-sin-titulo-7.jpg\",\"contentUrl\":\"https:\/\/palaciosalort.com\/wp-content\/uploads\/2023\/05\/Diseno-sin-titulo-7.jpg\",\"width\":40,\"height\":40,\"caption\":\"Palacio Salort\"},\"image\":{\"@id\":\"https:\/\/palaciosalort.com\/#\/schema\/logo\/image\/\"}}]}<\/script>\n<!-- \/ Yoast SEO plugin. -->","yoast_head_json":{"title":"V\u00eddeo Tom\u00e1s J. de Salort - Palau Salort","robots":{"index":"index","follow":"follow","max-snippet":"max-snippet:-1","max-image-preview":"max-image-preview:large","max-video-preview":"max-video-preview:-1"},"canonical":"https:\/\/palaciosalort.com\/video-tomas-j-salort\/","og_locale":"de_DE","og_type":"article","og_title":"V\u00eddeo Tom\u00e1s J. de Salort - Palau Salort","og_description":"Tom\u00e1s J. de Salort y Salort Tom\u00e1s J. de Salort y Salort (Ciutadella, 1832 \u2013 Ciutadella, 1901) war ein menorquinischer Adliger und Politiker, der in den Jahren 1867 und 1868 das Amt des B\u00fcrgermeisters von Ciutadella aus\u00fcbte. Am 13. Februar 1873 heiratete er Ignacia Martorell Squella, die aus zwei der angesehensten Familien des menorquinischen Adels [&hellip;]","og_url":"https:\/\/palaciosalort.com\/video-tomas-j-salort\/","og_site_name":"Palau Salort","article_modified_time":"2026-03-25T16:26:12+00:00","twitter_card":"summary_large_image","twitter_misc":{"Gesch\u00e4tzte Lesezeit":"5\u00a0Minuten"},"schema":{"@context":"https:\/\/schema.org","@graph":[{"@type":"WebPage","@id":"https:\/\/palaciosalort.com\/video-tomas-j-salort\/","url":"https:\/\/palaciosalort.com\/video-tomas-j-salort\/","name":"V\u00eddeo Tom\u00e1s J. de Salort - Palau Salort","isPartOf":{"@id":"https:\/\/palaciosalort.com\/#website"},"datePublished":"2025-06-11T06:57:34+00:00","dateModified":"2026-03-25T16:26:12+00:00","breadcrumb":{"@id":"https:\/\/palaciosalort.com\/video-tomas-j-salort\/#breadcrumb"},"inLanguage":"de","potentialAction":[{"@type":"ReadAction","target":["https:\/\/palaciosalort.com\/video-tomas-j-salort\/"]}]},{"@type":"BreadcrumbList","@id":"https:\/\/palaciosalort.com\/video-tomas-j-salort\/#breadcrumb","itemListElement":[{"@type":"ListItem","position":1,"name":"Portada","item":"https:\/\/palaciosalort.com\/de\/"},{"@type":"ListItem","position":2,"name":"V\u00eddeo Tom\u00e1s J. de Salort"}]},{"@type":"WebSite","@id":"https:\/\/palaciosalort.com\/#website","url":"https:\/\/palaciosalort.com\/","name":"Palacio Salort","description":"Disfruta de una gran experi\u00e9ncia en el Palau Salort","publisher":{"@id":"https:\/\/palaciosalort.com\/#organization"},"potentialAction":[{"@type":"SearchAction","target":{"@type":"EntryPoint","urlTemplate":"https:\/\/palaciosalort.com\/?s={search_term_string}"},"query-input":{"@type":"PropertyValueSpecification","valueRequired":true,"valueName":"search_term_string"}}],"inLanguage":"de"},{"@type":"Organization","@id":"https:\/\/palaciosalort.com\/#organization","name":"Palacio Salort","url":"https:\/\/palaciosalort.com\/","logo":{"@type":"ImageObject","inLanguage":"de","@id":"https:\/\/palaciosalort.com\/#\/schema\/logo\/image\/","url":"https:\/\/palaciosalort.com\/wp-content\/uploads\/2023\/05\/Diseno-sin-titulo-7.jpg","contentUrl":"https:\/\/palaciosalort.com\/wp-content\/uploads\/2023\/05\/Diseno-sin-titulo-7.jpg","width":40,"height":40,"caption":"Palacio Salort"},"image":{"@id":"https:\/\/palaciosalort.com\/#\/schema\/logo\/image\/"}}]}},"_links":{"self":[{"href":"https:\/\/palaciosalort.com\/de\/wp-json\/wp\/v2\/pages\/2655","targetHints":{"allow":["GET"]}}],"collection":[{"href":"https:\/\/palaciosalort.com\/de\/wp-json\/wp\/v2\/pages"}],"about":[{"href":"https:\/\/palaciosalort.com\/de\/wp-json\/wp\/v2\/types\/page"}],"author":[{"embeddable":true,"href":"https:\/\/palaciosalort.com\/de\/wp-json\/wp\/v2\/users\/1"}],"replies":[{"embeddable":true,"href":"https:\/\/palaciosalort.com\/de\/wp-json\/wp\/v2\/comments?post=2655"}],"version-history":[{"count":11,"href":"https:\/\/palaciosalort.com\/de\/wp-json\/wp\/v2\/pages\/2655\/revisions"}],"predecessor-version":[{"id":4023,"href":"https:\/\/palaciosalort.com\/de\/wp-json\/wp\/v2\/pages\/2655\/revisions\/4023"}],"wp:attachment":[{"href":"https:\/\/palaciosalort.com\/de\/wp-json\/wp\/v2\/media?parent=2655"}],"curies":[{"name":"wp","href":"https:\/\/api.w.org\/{rel}","templated":true}]}}