{"id":2520,"date":"2025-07-31T07:13:03","date_gmt":"2025-07-31T07:13:03","guid":{"rendered":"https:\/\/palaciosalort.com\/restauracion-cuadro-presentacion-de-jesus-en-el-templo\/"},"modified":"2026-03-25T15:41:47","modified_gmt":"2026-03-25T15:41:47","slug":"restauracion-cuadro-presentacion-de-jesus-en-el-templo","status":"publish","type":"page","link":"https:\/\/palaciosalort.com\/de\/restauracion-cuadro-presentacion-de-jesus-en-el-templo\/","title":{"rendered":"Restauraci\u00f3n cuadro Presentaci\u00f3n de Jes\u00fas en el Templo"},"content":{"rendered":"\t\t<div data-elementor-type=\"wp-page\" data-elementor-id=\"2520\" class=\"elementor elementor-2520 elementor-2350\" data-elementor-post-type=\"page\">\n\t\t\t\t<div class=\"elementor-element elementor-element-19185bc e-flex e-con-boxed e-con e-parent\" data-id=\"19185bc\" data-element_type=\"container\" data-e-type=\"container\">\n\t\t\t\t\t<div class=\"e-con-inner\">\n\t\t\t\t<div class=\"elementor-element elementor-element-61b9413 elementor-invisible elementor-widget elementor-widget-heading\" data-id=\"61b9413\" data-element_type=\"widget\" data-e-type=\"widget\" data-settings=\"{&quot;_animation&quot;:&quot;fadeInUp&quot;,&quot;_animation_delay&quot;:200}\" data-widget_type=\"heading.default\">\n\t\t\t\t<div class=\"elementor-widget-container\">\n\t\t\t\t\t<h1 class=\"elementor-heading-title elementor-size-default\">Restaurierung des Gem\u00e4ldes \u201eDarstellung Jesu im Tempel\u201c<\/h1>\t\t\t\t<\/div>\n\t\t\t\t<\/div>\n\t\t\t\t\t<\/div>\n\t\t\t\t<\/div>\n\t\t<div class=\"elementor-element elementor-element-54813b8 e-flex e-con-boxed e-con e-parent\" data-id=\"54813b8\" data-element_type=\"container\" data-e-type=\"container\">\n\t\t\t\t\t<div class=\"e-con-inner\">\n\t\t\t\t<div class=\"elementor-element elementor-element-c779be3 elementor-widget elementor-widget-heading\" data-id=\"c779be3\" data-element_type=\"widget\" data-e-type=\"widget\" data-widget_type=\"heading.default\">\n\t\t\t\t<div class=\"elementor-widget-container\">\n\t\t\t\t\t<h2 class=\"elementor-heading-title elementor-size-default\">Vorher:<\/h2>\t\t\t\t<\/div>\n\t\t\t\t<\/div>\n\t\t\t\t\t<\/div>\n\t\t\t\t<\/div>\n\t\t<div class=\"elementor-element elementor-element-4313880 e-flex e-con-boxed e-con e-parent\" data-id=\"4313880\" data-element_type=\"container\" data-e-type=\"container\">\n\t\t\t\t\t<div class=\"e-con-inner\">\n\t\t\t\t<div class=\"elementor-element elementor-element-371ad41 elementor-widget elementor-widget-image\" data-id=\"371ad41\" data-element_type=\"widget\" data-e-type=\"widget\" data-widget_type=\"image.default\">\n\t\t\t\t<div class=\"elementor-widget-container\">\n\t\t\t\t\t\t\t\t\t\t\t\t\t\t\t<img fetchpriority=\"high\" decoding=\"async\" width=\"800\" height=\"812\" src=\"https:\/\/palaciosalort.com\/wp-content\/uploads\/2025\/07\/Captura-de-pantalla-2025-07-31-a-las-9.14.57-1009x1024.webp\" class=\"attachment-large size-large wp-image-2356\" alt=\"\" srcset=\"https:\/\/palaciosalort.com\/wp-content\/uploads\/2025\/07\/Captura-de-pantalla-2025-07-31-a-las-9.14.57-1009x1024.webp 1009w, https:\/\/palaciosalort.com\/wp-content\/uploads\/2025\/07\/Captura-de-pantalla-2025-07-31-a-las-9.14.57-296x300.webp 296w, https:\/\/palaciosalort.com\/wp-content\/uploads\/2025\/07\/Captura-de-pantalla-2025-07-31-a-las-9.14.57-768x779.webp 768w, https:\/\/palaciosalort.com\/wp-content\/uploads\/2025\/07\/Captura-de-pantalla-2025-07-31-a-las-9.14.57-600x609.webp 600w, https:\/\/palaciosalort.com\/wp-content\/uploads\/2025\/07\/Captura-de-pantalla-2025-07-31-a-las-9.14.57.webp 1084w\" sizes=\"(max-width: 800px) 100vw, 800px\" \/>\t\t\t\t\t\t\t\t\t\t\t\t\t\t\t<\/div>\n\t\t\t\t<\/div>\n\t\t\t\t\t<\/div>\n\t\t\t\t<\/div>\n\t\t<div class=\"elementor-element elementor-element-861cbcf e-flex e-con-boxed e-con e-parent\" data-id=\"861cbcf\" data-element_type=\"container\" data-e-type=\"container\">\n\t\t\t\t\t<div class=\"e-con-inner\">\n\t\t<div class=\"elementor-element elementor-element-7443dea e-con-full e-flex e-con e-child\" data-id=\"7443dea\" data-element_type=\"container\" data-e-type=\"container\">\n\t\t\t\t<div class=\"elementor-element elementor-element-95377ac elementor-align-left elementor-mobile-align-left elementor-widget elementor-widget-button\" data-id=\"95377ac\" data-element_type=\"widget\" data-e-type=\"widget\" data-widget_type=\"button.default\">\n\t\t\t\t<div class=\"elementor-widget-container\">\n\t\t\t\t\t\t\t\t\t<div class=\"elementor-button-wrapper\">\n\t\t\t\t\t<a class=\"elementor-button elementor-button-link elementor-size-md\" href=\"#titulo\">\n\t\t\t\t\t\t<span class=\"elementor-button-content-wrapper\">\n\t\t\t\t\t\t<span class=\"elementor-button-icon\">\n\t\t\t\t<svg aria-hidden=\"true\" class=\"e-font-icon-svg e-fas-info-circle\" viewBox=\"0 0 512 512\" xmlns=\"http:\/\/www.w3.org\/2000\/svg\"><path d=\"M256 8C119.043 8 8 119.083 8 256c0 136.997 111.043 248 248 248s248-111.003 248-248C504 119.083 392.957 8 256 8zm0 110c23.196 0 42 18.804 42 42s-18.804 42-42 42-42-18.804-42-42 18.804-42 42-42zm56 254c0 6.627-5.373 12-12 12h-88c-6.627 0-12-5.373-12-12v-24c0-6.627 5.373-12 12-12h12v-64h-12c-6.627 0-12-5.373-12-12v-24c0-6.627 5.373-12 12-12h64c6.627 0 12 5.373 12 12v100h12c6.627 0 12 5.373 12 12v24z\"><\/path><\/svg>\t\t\t<\/span>\n\t\t\t\t\t\t\t\t<\/span>\n\t\t\t\t\t<\/a>\n\t\t\t\t<\/div>\n\t\t\t\t\t\t\t\t<\/div>\n\t\t\t\t<\/div>\n\t\t\t\t<div class=\"elementor-element elementor-element-a87ae09 elementor-widget elementor-widget-wpml-language-switcher\" data-id=\"a87ae09\" data-element_type=\"widget\" data-e-type=\"widget\" data-widget_type=\"wpml-language-switcher.default\">\n\t\t\t\t<div class=\"elementor-widget-container\">\n\t\t\t\t\t<div class=\"wpml-elementor-ls\">\n<div role=\"navigation\" aria-label=\"Sprachwechsler\" class=\"wpml-ls-statics-shortcode_actions wpml-ls wpml-ls-legacy-list-horizontal\">\n\t<ul><li class=\"wpml-ls-slot-shortcode_actions wpml-ls-item wpml-ls-item-en wpml-ls-first-item wpml-ls-item-legacy-list-horizontal\">\n\t\t\t\t<a href=\"http:\/\/palaciosalort.com\/en\/\" hreflang=\"en\" lang=\"en\" class=\"wpml-ls-link\" aria-label=\"Wechseln zu Englisch\" title=\"Wechseln zu Englisch\">\n\t\t\t\t\t                                    <img decoding=\"async\"\n            class=\"wpml-ls-flag\"\n            src=\"https:\/\/palaciosalort.com\/wp-content\/plugins\/sitepress-multilingual-cms\/res\/flags\/en.svg\"\n            alt=\"Englisch\"\n            loading=\"lazy\"\n            width=18\n            height=12\n    \/><\/a>\n\t\t\t<\/li><li class=\"wpml-ls-slot-shortcode_actions wpml-ls-item wpml-ls-item-fr wpml-ls-item-legacy-list-horizontal\">\n\t\t\t\t<a href=\"http:\/\/palaciosalort.com\/fr\/\" hreflang=\"fr\" lang=\"fr\" class=\"wpml-ls-link\" aria-label=\"Wechseln zu Franz\u00f6sisch\" title=\"Wechseln zu Franz\u00f6sisch\">\n\t\t\t\t\t                                    <img decoding=\"async\"\n            class=\"wpml-ls-flag\"\n            src=\"https:\/\/palaciosalort.com\/wp-content\/plugins\/sitepress-multilingual-cms\/res\/flags\/fr.svg\"\n            alt=\"Franz\u00f6sisch\"\n            loading=\"lazy\"\n            width=18\n            height=12\n    \/><\/a>\n\t\t\t<\/li><li class=\"wpml-ls-slot-shortcode_actions wpml-ls-item wpml-ls-item-de wpml-ls-current-language wpml-ls-item-legacy-list-horizontal\">\n\t\t\t\t<a href=\"http:\/\/palaciosalort.com\/de\/\" hreflang=\"de\" lang=\"de\" class=\"wpml-ls-link\" aria-current=\"page\" aria-label=\"Wechseln zu Deutsch\" title=\"Wechseln zu Deutsch\">\n\t\t\t\t\t                                    <img decoding=\"async\"\n            class=\"wpml-ls-flag\"\n            src=\"https:\/\/palaciosalort.com\/wp-content\/plugins\/sitepress-multilingual-cms\/res\/flags\/de.svg\"\n            alt=\"Deutsch\"\n            loading=\"lazy\"\n            width=18\n            height=12\n    \/><\/a>\n\t\t\t<\/li><li class=\"wpml-ls-slot-shortcode_actions wpml-ls-item wpml-ls-item-it wpml-ls-item-legacy-list-horizontal\">\n\t\t\t\t<a href=\"http:\/\/palaciosalort.com\/it\/\" hreflang=\"it\" lang=\"it\" class=\"wpml-ls-link\" aria-label=\"Wechseln zu Italienisch\" title=\"Wechseln zu Italienisch\">\n\t\t\t\t\t                                    <img decoding=\"async\"\n            class=\"wpml-ls-flag\"\n            src=\"https:\/\/palaciosalort.com\/wp-content\/plugins\/sitepress-multilingual-cms\/res\/flags\/it.svg\"\n            alt=\"Italienisch\"\n            loading=\"lazy\"\n            width=18\n            height=12\n    \/><\/a>\n\t\t\t<\/li><li class=\"wpml-ls-slot-shortcode_actions wpml-ls-item wpml-ls-item-es wpml-ls-item-legacy-list-horizontal\">\n\t\t\t\t<a href=\"http:\/\/palaciosalort.com\/\" hreflang=\"es\" lang=\"es\" class=\"wpml-ls-link\" aria-label=\"Wechseln zu Spanisch\" title=\"Wechseln zu Spanisch\">\n\t\t\t\t\t                                    <img decoding=\"async\"\n            class=\"wpml-ls-flag\"\n            src=\"https:\/\/palaciosalort.com\/wp-content\/plugins\/sitepress-multilingual-cms\/res\/flags\/es.svg\"\n            alt=\"Spanisch\"\n            loading=\"lazy\"\n            width=18\n            height=12\n    \/><\/a>\n\t\t\t<\/li><li class=\"wpml-ls-slot-shortcode_actions wpml-ls-item wpml-ls-item-ca wpml-ls-last-item wpml-ls-item-legacy-list-horizontal\">\n\t\t\t\t<a href=\"http:\/\/palaciosalort.com\/ca\/\" hreflang=\"ca\" lang=\"ca\" class=\"wpml-ls-link\" aria-label=\"Wechseln zu Katalanisch\" title=\"Wechseln zu Katalanisch\">\n\t\t\t\t\t                                    <img decoding=\"async\"\n            class=\"wpml-ls-flag\"\n            src=\"https:\/\/palaciosalort.com\/wp-content\/plugins\/sitepress-multilingual-cms\/res\/flags\/ca.svg\"\n            alt=\"Katalanisch\"\n            loading=\"lazy\"\n            width=18\n            height=12\n    \/><\/a>\n\t\t\t<\/li><\/ul>\n<\/div>\n<\/div>\t\t\t\t<\/div>\n\t\t\t\t<\/div>\n\t\t\t\t<\/div>\n\t\t\t\t<div class=\"elementor-element elementor-element-f8ec43d elementor-widget elementor-widget-html\" data-id=\"f8ec43d\" data-element_type=\"widget\" data-e-type=\"widget\" data-widget_type=\"html.default\">\n\t\t\t\t<div class=\"elementor-widget-container\">\n\t\t\t\t\t<script>document.addEventListener(\"DOMContentLoaded\", function () {\n    \/\/ Detectar idioma actual\n    const idioma = document.documentElement.lang.split('-')[0]; \/\/ \"es\", \"en\", \"fr\"...\n\n    \/\/ Buscar el bot\u00f3n\/enlace\n    const boton = document.getElementById(\"botonEntrar\");\n\n    if (boton) {\n        \/\/ Obtener href actual\n        let url = boton.getAttribute(\"href\") || \"\";\n\n        \/\/ A\u00f1adir ?lang=idioma (o &lang si ya hay par\u00e1metros)\n        if (url.includes(\"?\")) {\n            url += `&lang=${idioma}`;\n        } else {\n            url += `?lang=${idioma}`;\n        }\n\n        \/\/ Asignar el nuevo enlace\n        boton.setAttribute(\"href\", url);\n    }\n});\n<\/script>\t\t\t\t<\/div>\n\t\t\t\t<\/div>\n\t\t\t\t\t<\/div>\n\t\t\t\t<\/div>\n\t\t<div class=\"elementor-element elementor-element-e61b183 e-flex e-con-boxed e-con e-parent\" data-id=\"e61b183\" data-element_type=\"container\" data-e-type=\"container\">\n\t\t\t\t\t<div class=\"e-con-inner\">\n\t\t\t\t<div class=\"elementor-element elementor-element-a0f0183 elementor-widget elementor-widget-text-editor\" data-id=\"a0f0183\" data-element_type=\"widget\" data-e-type=\"widget\" data-widget_type=\"text-editor.default\">\n\t\t\t\t<div class=\"elementor-widget-container\">\n\t\t\t\t\t\t\t\t\t<p><span style=\"font-weight: 400;\">Schutz der Malschicht mit Japanpapier und Colletta. <\/span><span style=\"font-weight: 400;\">Entfernung der N\u00e4gel aus dem Keilrahmen, Gl\u00e4ttung der Leinwand und der R\u00e4nder. <\/span><span style=\"font-weight: 400;\">Reinigung der Leinwand auf der R\u00fcckseite. <\/span><span style=\"font-weight: 400;\">Entfernung der im Laufe der Jahre angesammelten Staubschicht. Anbringen von Leinenstreifen zur Verst\u00e4rkung der Leinwandr\u00e4nder, um das Spannen der Leinwand auf einen neuen Rahmen zu erm\u00f6glichen. Spannen der Leinwand auf einen neuen, ma\u00dfgefertigten Keilrahmen mit Keilsystem und Mittelstrebe. Reinigung der Malschicht, um die angesammelten Verschmutzungen und den oxidierten Firnis auf der gesamten Oberfl\u00e4che zu entfernen. Auftragen einer d\u00fcnnen Firnisschicht zur Vorbereitung der Leinwand f\u00fcr die anschlie\u00dfende Kittung. Kittung der Fehlstellen in den Bereichen mit Verlusten der Malschicht. Auftragen einer zweiten Firnisschicht, um die gekitteten Bereiche zu versiegeln und f\u00fcr die malerische Retusche vorzubereiten. Malerische Retusche mit illusionistischem Ausgleich in allen gekitteten Bereichen. Endfirnis mit seidenmattem Glanz, der die Malschicht sch\u00fctzt und ein \u00e4sthetisch ansprechenderes Ergebnis erzielt. Reinigung des vergoldeten Rahmens und Auftragen einer Schutzschicht. .<\/span><\/p>\t\t\t\t\t\t\t\t<\/div>\n\t\t\t\t<\/div>\n\t\t\t\t\t<\/div>\n\t\t\t\t<\/div>\n\t\t<div class=\"elementor-element elementor-element-e2f5b8c e-flex e-con-boxed e-con e-parent\" data-id=\"e2f5b8c\" data-element_type=\"container\" data-e-type=\"container\">\n\t\t\t\t\t<div class=\"e-con-inner\">\n\t\t\t\t<div class=\"elementor-element elementor-element-6e1c45d elementor-view-default elementor-position-block-start elementor-mobile-position-block-start elementor-widget elementor-widget-icon-box\" data-id=\"6e1c45d\" data-element_type=\"widget\" data-e-type=\"widget\" data-widget_type=\"icon-box.default\">\n\t\t\t\t<div class=\"elementor-widget-container\">\n\t\t\t\t\t\t\t<div class=\"elementor-icon-box-wrapper\">\n\n\t\t\t\t\t\t<div class=\"elementor-icon-box-icon\">\n\t\t\t\t<a href=\"http:\/\/palaciosalort.com\/wp-content\/uploads\/2025\/07\/ZUSTANDSPROTOKOLL-UBER-DIE-RESTAURIERUNG-DES-GEMALDES-DARSTELLUNG-JESU-IM-TEMPEL_compressed.pdf\" target=\"_blank\" class=\"elementor-icon\" tabindex=\"-1\" aria-label=\"Bericht herunterladen\">\n\t\t\t\t<svg aria-hidden=\"true\" class=\"e-font-icon-svg e-far-file-pdf\" viewBox=\"0 0 384 512\" xmlns=\"http:\/\/www.w3.org\/2000\/svg\"><path d=\"M369.9 97.9L286 14C277 5 264.8-.1 252.1-.1H48C21.5 0 0 21.5 0 48v416c0 26.5 21.5 48 48 48h288c26.5 0 48-21.5 48-48V131.9c0-12.7-5.1-25-14.1-34zM332.1 128H256V51.9l76.1 76.1zM48 464V48h160v104c0 13.3 10.7 24 24 24h104v288H48zm250.2-143.7c-12.2-12-47-8.7-64.4-6.5-17.2-10.5-28.7-25-36.8-46.3 3.9-16.1 10.1-40.6 5.4-56-4.2-26.2-37.8-23.6-42.6-5.9-4.4 16.1-.4 38.5 7 67.1-10 23.9-24.9 56-35.4 74.4-20 10.3-47 26.2-51 46.2-3.3 15.8 26 55.2 76.1-31.2 22.4-7.4 46.8-16.5 68.4-20.1 18.9 10.2 41 17 55.8 17 25.5 0 28-28.2 17.5-38.7zm-198.1 77.8c5.1-13.7 24.5-29.5 30.4-35-19 30.3-30.4 35.7-30.4 35zm81.6-190.6c7.4 0 6.7 32.1 1.8 40.8-4.4-13.9-4.3-40.8-1.8-40.8zm-24.4 136.6c9.7-16.9 18-37 24.7-54.7 8.3 15.1 18.9 27.2 30.1 35.5-20.8 4.3-38.9 13.1-54.8 19.2zm131.6-5s-5 6-37.3-7.8c35.1-2.6 40.9 5.4 37.3 7.8z\"><\/path><\/svg>\t\t\t\t<\/a>\n\t\t\t<\/div>\n\t\t\t\n\t\t\t\t\t\t<div class=\"elementor-icon-box-content\">\n\n\t\t\t\t\t\t\t\t\t<h2 class=\"elementor-icon-box-title\">\n\t\t\t\t\t\t<a href=\"http:\/\/palaciosalort.com\/wp-content\/uploads\/2025\/07\/ZUSTANDSPROTOKOLL-UBER-DIE-RESTAURIERUNG-DES-GEMALDES-DARSTELLUNG-JESU-IM-TEMPEL_compressed.pdf\" target=\"_blank\" >\n\t\t\t\t\t\t\tBericht herunterladen\t\t\t\t\t\t<\/a>\n\t\t\t\t\t<\/h2>\n\t\t\t\t\n\t\t\t\t\n\t\t\t<\/div>\n\t\t\t\n\t\t<\/div>\n\t\t\t\t\t\t<\/div>\n\t\t\t\t<\/div>\n\t\t\t\t\t<\/div>\n\t\t\t\t<\/div>\n\t\t\t\t<\/div>\n\t\t","protected":false},"excerpt":{"rendered":"<p>Restaurierung des Gem\u00e4ldes \u201eDarstellung Jesu im Tempel\u201c Vorher: Schutz der Malschicht mit Japanpapier und Colletta. Entfernung der N\u00e4gel aus dem Keilrahmen, Gl\u00e4ttung der Leinwand und der R\u00e4nder. Reinigung der Leinwand auf der R\u00fcckseite. Entfernung der im Laufe der Jahre angesammelten Staubschicht. Anbringen von Leinenstreifen zur Verst\u00e4rkung der Leinwandr\u00e4nder, um das Spannen der Leinwand auf einen [&hellip;]<\/p>\n","protected":false},"author":1,"featured_media":0,"parent":0,"menu_order":0,"comment_status":"closed","ping_status":"closed","template":"elementor_canvas","meta":{"footnotes":""},"class_list":["post-2520","page","type-page","status-publish","hentry"],"yoast_head":"<!-- This site is optimized with the Yoast SEO plugin v27.2 - https:\/\/yoast.com\/product\/yoast-seo-wordpress\/ -->\n<title>Restauraci\u00f3n cuadro Presentaci\u00f3n de Jes\u00fas en el Templo - Palau Salort<\/title>\n<meta name=\"robots\" content=\"noindex, nofollow\" \/>\n<meta property=\"og:locale\" content=\"de_DE\" \/>\n<meta property=\"og:type\" content=\"article\" \/>\n<meta property=\"og:title\" content=\"Restauraci\u00f3n cuadro Presentaci\u00f3n de Jes\u00fas en el Templo - Palau Salort\" \/>\n<meta property=\"og:description\" content=\"Restaurierung des Gem\u00e4ldes \u201eDarstellung Jesu im Tempel\u201c Vorher: Schutz der Malschicht mit Japanpapier und Colletta. Entfernung der N\u00e4gel aus dem Keilrahmen, Gl\u00e4ttung der Leinwand und der R\u00e4nder. Reinigung der Leinwand auf der R\u00fcckseite. Entfernung der im Laufe der Jahre angesammelten Staubschicht. Anbringen von Leinenstreifen zur Verst\u00e4rkung der Leinwandr\u00e4nder, um das Spannen der Leinwand auf einen [&hellip;]\" \/>\n<meta property=\"og:url\" content=\"https:\/\/palaciosalort.com\/restauracion-cuadro-presentacion-de-jesus-en-el-templo\/\" \/>\n<meta property=\"og:site_name\" content=\"Palau Salort\" \/>\n<meta property=\"article:modified_time\" content=\"2026-03-25T15:41:47+00:00\" \/>\n<meta property=\"og:image\" content=\"https:\/\/palaciosalort.com\/wp-content\/uploads\/2025\/07\/Captura-de-pantalla-2025-07-31-a-las-9.14.57.webp\" \/>\n\t<meta property=\"og:image:width\" content=\"1084\" \/>\n\t<meta property=\"og:image:height\" content=\"1100\" \/>\n\t<meta property=\"og:image:type\" content=\"image\/webp\" \/>\n<meta name=\"twitter:card\" content=\"summary_large_image\" \/>\n<meta name=\"twitter:label1\" content=\"Gesch\u00e4tzte Lesezeit\" \/>\n\t<meta name=\"twitter:data1\" content=\"3\u00a0Minuten\" \/>\n<script type=\"application\/ld+json\" class=\"yoast-schema-graph\">{\"@context\":\"https:\/\/schema.org\",\"@graph\":[{\"@type\":\"WebPage\",\"@id\":\"https:\/\/palaciosalort.com\/restauracion-cuadro-presentacion-de-jesus-en-el-templo\/\",\"url\":\"https:\/\/palaciosalort.com\/restauracion-cuadro-presentacion-de-jesus-en-el-templo\/\",\"name\":\"Restauraci\u00f3n cuadro Presentaci\u00f3n de Jes\u00fas en el Templo - Palau Salort\",\"isPartOf\":{\"@id\":\"https:\/\/palaciosalort.com\/#website\"},\"primaryImageOfPage\":{\"@id\":\"https:\/\/palaciosalort.com\/restauracion-cuadro-presentacion-de-jesus-en-el-templo\/#primaryimage\"},\"image\":{\"@id\":\"https:\/\/palaciosalort.com\/restauracion-cuadro-presentacion-de-jesus-en-el-templo\/#primaryimage\"},\"thumbnailUrl\":\"http:\/\/palaciosalort.com\/wp-content\/uploads\/2025\/07\/Captura-de-pantalla-2025-07-31-a-las-9.14.57-1009x1024.webp\",\"datePublished\":\"2025-07-31T07:13:03+00:00\",\"dateModified\":\"2026-03-25T15:41:47+00:00\",\"breadcrumb\":{\"@id\":\"https:\/\/palaciosalort.com\/restauracion-cuadro-presentacion-de-jesus-en-el-templo\/#breadcrumb\"},\"inLanguage\":\"de\",\"potentialAction\":[{\"@type\":\"ReadAction\",\"target\":[\"https:\/\/palaciosalort.com\/restauracion-cuadro-presentacion-de-jesus-en-el-templo\/\"]}]},{\"@type\":\"ImageObject\",\"inLanguage\":\"de\",\"@id\":\"https:\/\/palaciosalort.com\/restauracion-cuadro-presentacion-de-jesus-en-el-templo\/#primaryimage\",\"url\":\"http:\/\/palaciosalort.com\/wp-content\/uploads\/2025\/07\/Captura-de-pantalla-2025-07-31-a-las-9.14.57-1009x1024.webp\",\"contentUrl\":\"http:\/\/palaciosalort.com\/wp-content\/uploads\/2025\/07\/Captura-de-pantalla-2025-07-31-a-las-9.14.57-1009x1024.webp\"},{\"@type\":\"BreadcrumbList\",\"@id\":\"https:\/\/palaciosalort.com\/restauracion-cuadro-presentacion-de-jesus-en-el-templo\/#breadcrumb\",\"itemListElement\":[{\"@type\":\"ListItem\",\"position\":1,\"name\":\"Portada\",\"item\":\"https:\/\/palaciosalort.com\/de\/\"},{\"@type\":\"ListItem\",\"position\":2,\"name\":\"Restauraci\u00f3n cuadro Presentaci\u00f3n de Jes\u00fas en el Templo\"}]},{\"@type\":\"WebSite\",\"@id\":\"https:\/\/palaciosalort.com\/#website\",\"url\":\"https:\/\/palaciosalort.com\/\",\"name\":\"Palacio Salort\",\"description\":\"Disfruta de una gran experi\u00e9ncia en el Palau Salort\",\"publisher\":{\"@id\":\"https:\/\/palaciosalort.com\/#organization\"},\"potentialAction\":[{\"@type\":\"SearchAction\",\"target\":{\"@type\":\"EntryPoint\",\"urlTemplate\":\"https:\/\/palaciosalort.com\/?s={search_term_string}\"},\"query-input\":{\"@type\":\"PropertyValueSpecification\",\"valueRequired\":true,\"valueName\":\"search_term_string\"}}],\"inLanguage\":\"de\"},{\"@type\":\"Organization\",\"@id\":\"https:\/\/palaciosalort.com\/#organization\",\"name\":\"Palacio Salort\",\"url\":\"https:\/\/palaciosalort.com\/\",\"logo\":{\"@type\":\"ImageObject\",\"inLanguage\":\"de\",\"@id\":\"https:\/\/palaciosalort.com\/#\/schema\/logo\/image\/\",\"url\":\"https:\/\/palaciosalort.com\/wp-content\/uploads\/2023\/05\/Diseno-sin-titulo-7.jpg\",\"contentUrl\":\"https:\/\/palaciosalort.com\/wp-content\/uploads\/2023\/05\/Diseno-sin-titulo-7.jpg\",\"width\":40,\"height\":40,\"caption\":\"Palacio Salort\"},\"image\":{\"@id\":\"https:\/\/palaciosalort.com\/#\/schema\/logo\/image\/\"}}]}<\/script>\n<!-- \/ Yoast SEO plugin. -->","yoast_head_json":{"title":"Restauraci\u00f3n cuadro Presentaci\u00f3n de Jes\u00fas en el Templo - Palau Salort","robots":{"index":"noindex","follow":"nofollow"},"og_locale":"de_DE","og_type":"article","og_title":"Restauraci\u00f3n cuadro Presentaci\u00f3n de Jes\u00fas en el Templo - Palau Salort","og_description":"Restaurierung des Gem\u00e4ldes \u201eDarstellung Jesu im Tempel\u201c Vorher: Schutz der Malschicht mit Japanpapier und Colletta. Entfernung der N\u00e4gel aus dem Keilrahmen, Gl\u00e4ttung der Leinwand und der R\u00e4nder. Reinigung der Leinwand auf der R\u00fcckseite. Entfernung der im Laufe der Jahre angesammelten Staubschicht. Anbringen von Leinenstreifen zur Verst\u00e4rkung der Leinwandr\u00e4nder, um das Spannen der Leinwand auf einen [&hellip;]","og_url":"https:\/\/palaciosalort.com\/restauracion-cuadro-presentacion-de-jesus-en-el-templo\/","og_site_name":"Palau Salort","article_modified_time":"2026-03-25T15:41:47+00:00","og_image":[{"width":1084,"height":1100,"url":"https:\/\/palaciosalort.com\/wp-content\/uploads\/2025\/07\/Captura-de-pantalla-2025-07-31-a-las-9.14.57.webp","type":"image\/webp"}],"twitter_card":"summary_large_image","twitter_misc":{"Gesch\u00e4tzte Lesezeit":"3\u00a0Minuten"},"schema":{"@context":"https:\/\/schema.org","@graph":[{"@type":"WebPage","@id":"https:\/\/palaciosalort.com\/restauracion-cuadro-presentacion-de-jesus-en-el-templo\/","url":"https:\/\/palaciosalort.com\/restauracion-cuadro-presentacion-de-jesus-en-el-templo\/","name":"Restauraci\u00f3n cuadro Presentaci\u00f3n de Jes\u00fas en el Templo - Palau Salort","isPartOf":{"@id":"https:\/\/palaciosalort.com\/#website"},"primaryImageOfPage":{"@id":"https:\/\/palaciosalort.com\/restauracion-cuadro-presentacion-de-jesus-en-el-templo\/#primaryimage"},"image":{"@id":"https:\/\/palaciosalort.com\/restauracion-cuadro-presentacion-de-jesus-en-el-templo\/#primaryimage"},"thumbnailUrl":"http:\/\/palaciosalort.com\/wp-content\/uploads\/2025\/07\/Captura-de-pantalla-2025-07-31-a-las-9.14.57-1009x1024.webp","datePublished":"2025-07-31T07:13:03+00:00","dateModified":"2026-03-25T15:41:47+00:00","breadcrumb":{"@id":"https:\/\/palaciosalort.com\/restauracion-cuadro-presentacion-de-jesus-en-el-templo\/#breadcrumb"},"inLanguage":"de","potentialAction":[{"@type":"ReadAction","target":["https:\/\/palaciosalort.com\/restauracion-cuadro-presentacion-de-jesus-en-el-templo\/"]}]},{"@type":"ImageObject","inLanguage":"de","@id":"https:\/\/palaciosalort.com\/restauracion-cuadro-presentacion-de-jesus-en-el-templo\/#primaryimage","url":"http:\/\/palaciosalort.com\/wp-content\/uploads\/2025\/07\/Captura-de-pantalla-2025-07-31-a-las-9.14.57-1009x1024.webp","contentUrl":"http:\/\/palaciosalort.com\/wp-content\/uploads\/2025\/07\/Captura-de-pantalla-2025-07-31-a-las-9.14.57-1009x1024.webp"},{"@type":"BreadcrumbList","@id":"https:\/\/palaciosalort.com\/restauracion-cuadro-presentacion-de-jesus-en-el-templo\/#breadcrumb","itemListElement":[{"@type":"ListItem","position":1,"name":"Portada","item":"https:\/\/palaciosalort.com\/de\/"},{"@type":"ListItem","position":2,"name":"Restauraci\u00f3n cuadro Presentaci\u00f3n de Jes\u00fas en el Templo"}]},{"@type":"WebSite","@id":"https:\/\/palaciosalort.com\/#website","url":"https:\/\/palaciosalort.com\/","name":"Palacio Salort","description":"Disfruta de una gran experi\u00e9ncia en el Palau Salort","publisher":{"@id":"https:\/\/palaciosalort.com\/#organization"},"potentialAction":[{"@type":"SearchAction","target":{"@type":"EntryPoint","urlTemplate":"https:\/\/palaciosalort.com\/?s={search_term_string}"},"query-input":{"@type":"PropertyValueSpecification","valueRequired":true,"valueName":"search_term_string"}}],"inLanguage":"de"},{"@type":"Organization","@id":"https:\/\/palaciosalort.com\/#organization","name":"Palacio Salort","url":"https:\/\/palaciosalort.com\/","logo":{"@type":"ImageObject","inLanguage":"de","@id":"https:\/\/palaciosalort.com\/#\/schema\/logo\/image\/","url":"https:\/\/palaciosalort.com\/wp-content\/uploads\/2023\/05\/Diseno-sin-titulo-7.jpg","contentUrl":"https:\/\/palaciosalort.com\/wp-content\/uploads\/2023\/05\/Diseno-sin-titulo-7.jpg","width":40,"height":40,"caption":"Palacio Salort"},"image":{"@id":"https:\/\/palaciosalort.com\/#\/schema\/logo\/image\/"}}]}},"_links":{"self":[{"href":"https:\/\/palaciosalort.com\/de\/wp-json\/wp\/v2\/pages\/2520","targetHints":{"allow":["GET"]}}],"collection":[{"href":"https:\/\/palaciosalort.com\/de\/wp-json\/wp\/v2\/pages"}],"about":[{"href":"https:\/\/palaciosalort.com\/de\/wp-json\/wp\/v2\/types\/page"}],"author":[{"embeddable":true,"href":"https:\/\/palaciosalort.com\/de\/wp-json\/wp\/v2\/users\/1"}],"replies":[{"embeddable":true,"href":"https:\/\/palaciosalort.com\/de\/wp-json\/wp\/v2\/comments?post=2520"}],"version-history":[{"count":12,"href":"https:\/\/palaciosalort.com\/de\/wp-json\/wp\/v2\/pages\/2520\/revisions"}],"predecessor-version":[{"id":3843,"href":"https:\/\/palaciosalort.com\/de\/wp-json\/wp\/v2\/pages\/2520\/revisions\/3843"}],"wp:attachment":[{"href":"https:\/\/palaciosalort.com\/de\/wp-json\/wp\/v2\/media?parent=2520"}],"curies":[{"name":"wp","href":"https:\/\/api.w.org\/{rel}","templated":true}]}}