{"id":3811,"date":"2023-05-05T08:56:01","date_gmt":"2023-05-05T08:56:01","guid":{"rendered":"https:\/\/palaciosalort.com\/interiors\/"},"modified":"2026-03-06T09:18:49","modified_gmt":"2026-03-06T09:18:49","slug":"interiors","status":"publish","type":"page","link":"https:\/\/palaciosalort.com\/ca\/interiors\/","title":{"rendered":"Interiors"},"content":{"rendered":"\t\t<div data-elementor-type=\"wp-page\" data-elementor-id=\"3811\" class=\"elementor elementor-3811 elementor-243\" data-elementor-post-type=\"page\">\n\t\t\t\t<div class=\"elementor-element elementor-element-dcbc4c3 e-con-full e-flex e-con e-parent\" data-id=\"dcbc4c3\" data-element_type=\"container\" data-e-type=\"container\" data-settings=\"{&quot;background_background&quot;:&quot;classic&quot;}\">\n\t\t<div class=\"elementor-element elementor-element-59a3698 e-flex e-con-boxed e-con e-child\" data-id=\"59a3698\" data-element_type=\"container\" data-e-type=\"container\">\n\t\t\t\t\t<div class=\"e-con-inner\">\n\t\t\t\t<div class=\"elementor-element elementor-element-4294b2f elementor-widget elementor-widget-heading\" data-id=\"4294b2f\" data-element_type=\"widget\" data-e-type=\"widget\" data-widget_type=\"heading.default\">\n\t\t\t\t<div class=\"elementor-widget-container\">\n\t\t\t\t\t<h2 class=\"elementor-heading-title elementor-size-default\">Interiors<\/h2>\t\t\t\t<\/div>\n\t\t\t\t<\/div>\n\t\t\t\t\t<\/div>\n\t\t\t\t<\/div>\n\t\t\t\t<\/div>\n\t\t<div class=\"elementor-element elementor-element-4c1f9dd e-flex e-con-boxed e-con e-parent\" data-id=\"4c1f9dd\" data-element_type=\"container\" data-e-type=\"container\" data-settings=\"{&quot;background_background&quot;:&quot;classic&quot;}\">\n\t\t\t\t\t<div class=\"e-con-inner\">\n\t\t<div class=\"elementor-element elementor-element-0b04efe e-con-full e-flex e-con e-child\" data-id=\"0b04efe\" data-element_type=\"container\" data-e-type=\"container\">\n\t\t<div class=\"elementor-element elementor-element-4d3b9d7 e-flex e-con-boxed e-con e-child\" data-id=\"4d3b9d7\" data-element_type=\"container\" data-e-type=\"container\" data-settings=\"{&quot;background_background&quot;:&quot;classic&quot;}\">\n\t\t\t\t\t<div class=\"e-con-inner\">\n\t\t\t\t<div class=\"elementor-element elementor-element-55ef205 elementor-widget elementor-widget-text-editor\" data-id=\"55ef205\" data-element_type=\"widget\" data-e-type=\"widget\" data-widget_type=\"text-editor.default\">\n\t\t\t\t<div class=\"elementor-widget-container\">\n\t\t\t\t\t\t\t\t\t<iframe width=\"100%\" height=\"340\" frameborder=\"0\" allow=\"xr-spatial-tracking; gyroscope; accelerometer\" allowfullscreen=\"\" scrolling=\"no\" src=\"https:\/\/kuula.co\/share\/5LZjv?logo=1&amp;info=1&amp;fs=1&amp;vr=0&amp;zoom=1&amp;autorotate=0.14&amp;thumbs=1&amp;inst=es\"><\/iframe>\t\t\t\t\t\t\t\t<\/div>\n\t\t\t\t<\/div>\n\t\t\t\t\t<\/div>\n\t\t\t\t<\/div>\n\t\t\t\t<\/div>\n\t\t<div class=\"elementor-element elementor-element-8b80776 e-con-full e-flex elementor-invisible e-con e-child\" data-id=\"8b80776\" data-element_type=\"container\" data-e-type=\"container\" data-settings=\"{&quot;animation&quot;:&quot;fadeInUp&quot;,&quot;animation_delay&quot;:200}\">\n\t\t\t\t<div class=\"elementor-element elementor-element-c1128e0 elementor-widget elementor-widget-text-editor\" data-id=\"c1128e0\" data-element_type=\"widget\" data-e-type=\"widget\" data-widget_type=\"text-editor.default\">\n\t\t\t\t<div class=\"elementor-widget-container\">\n\t\t\t\t\t\t\t\t\t<p>ESPAI\u00d3S I LLUMIN\u00d3S<\/p>\t\t\t\t\t\t\t\t<\/div>\n\t\t\t\t<\/div>\n\t\t\t\t<div class=\"elementor-element elementor-element-c3164aa elementor-widget elementor-widget-heading\" data-id=\"c3164aa\" data-element_type=\"widget\" data-e-type=\"widget\" data-widget_type=\"heading.default\">\n\t\t\t\t<div class=\"elementor-widget-container\">\n\t\t\t\t\t<h2 class=\"elementor-heading-title elementor-size-default\">Sal\u00f3 dels miralls o sal\u00f3 franc\u00e8s<\/h2>\t\t\t\t<\/div>\n\t\t\t\t<\/div>\n\t\t\t\t<div class=\"elementor-element elementor-element-adfdfaa elementor-widget elementor-widget-text-editor\" data-id=\"adfdfaa\" data-element_type=\"widget\" data-e-type=\"widget\" data-widget_type=\"text-editor.default\">\n\t\t\t\t<div class=\"elementor-widget-container\">\n\t\t\t\t\t\t\t\t\t<div class=\"page\" title=\"Page 15\"><div class=\"layoutArea\"><div class=\"column\"><p>Aquesta sala, que comunica amb la galeria que dona a la pla\u00e7a del Born, deu el seu nom a les dotze cornuc\u00f2pies Llu\u00eds XVI. Observem que cadascuna t\u00e9 al davant una parella d\u2019espelmes, la funci\u00f3 de les quals no \u00e9s altra que reflectir la seva llum, donant m\u00e9s lluminositat a la sala.<\/p><p>Les consoles situades a ambd\u00f3s costats del sal\u00f3 pertanyen als estils Llu\u00eds XV i XVI, i els grans miralls que hi ha sobre les consoles s\u00f3n d\u2019estil Llu\u00eds XVI. Tant les jamugues com els canap\u00e8s s\u00f3n d\u2019estil Llu\u00eds XV, tots daurats i tapissats en teixit, or i reix. <\/p><\/div><\/div><\/div>\t\t\t\t\t\t\t\t<\/div>\n\t\t\t\t<\/div>\n\t\t\t\t<\/div>\n\t\t\t\t\t<\/div>\n\t\t\t\t<\/div>\n\t\t<div class=\"elementor-element elementor-element-88cdef7 e-flex e-con-boxed e-con e-parent\" data-id=\"88cdef7\" data-element_type=\"container\" data-e-type=\"container\" data-settings=\"{&quot;background_background&quot;:&quot;classic&quot;}\">\n\t\t\t\t\t<div class=\"e-con-inner\">\n\t\t\t\t<div class=\"elementor-element elementor-element-d00e495 elementor-widget elementor-widget-image\" data-id=\"d00e495\" data-element_type=\"widget\" data-e-type=\"widget\" data-widget_type=\"image.default\">\n\t\t\t\t<div class=\"elementor-widget-container\">\n\t\t\t\t\t\t\t\t\t\t\t\t\t\t\t<img decoding=\"async\" width=\"800\" height=\"20\" src=\"https:\/\/palaciosalort.com\/wp-content\/uploads\/2023\/05\/Diseno-sin-titulo-3-1024x26.png\" class=\"attachment-large size-large wp-image-339\" alt=\"\" srcset=\"https:\/\/palaciosalort.com\/wp-content\/uploads\/2023\/05\/Diseno-sin-titulo-3-1024x26.png 1024w, https:\/\/palaciosalort.com\/wp-content\/uploads\/2023\/05\/Diseno-sin-titulo-3-600x15.png 600w, https:\/\/palaciosalort.com\/wp-content\/uploads\/2023\/05\/Diseno-sin-titulo-3-300x8.png 300w, https:\/\/palaciosalort.com\/wp-content\/uploads\/2023\/05\/Diseno-sin-titulo-3-768x19.png 768w, https:\/\/palaciosalort.com\/wp-content\/uploads\/2023\/05\/Diseno-sin-titulo-3-1536x38.png 1536w, https:\/\/palaciosalort.com\/wp-content\/uploads\/2023\/05\/Diseno-sin-titulo-3.png 2000w\" sizes=\"(max-width: 800px) 100vw, 800px\" \/>\t\t\t\t\t\t\t\t\t\t\t\t\t\t\t<\/div>\n\t\t\t\t<\/div>\n\t\t\t\t\t<\/div>\n\t\t\t\t<\/div>\n\t\t<div class=\"elementor-element elementor-element-a742efc e-flex e-con-boxed e-con e-parent\" data-id=\"a742efc\" data-element_type=\"container\" data-e-type=\"container\" data-settings=\"{&quot;background_background&quot;:&quot;classic&quot;}\">\n\t\t\t\t\t<div class=\"e-con-inner\">\n\t\t<div class=\"elementor-element elementor-element-622b60e e-con-full e-flex elementor-invisible e-con e-child\" data-id=\"622b60e\" data-element_type=\"container\" data-e-type=\"container\" data-settings=\"{&quot;animation&quot;:&quot;fadeInUp&quot;,&quot;animation_delay&quot;:200}\">\n\t\t\t\t<div class=\"elementor-element elementor-element-387595b elementor-widget elementor-widget-text-editor\" data-id=\"387595b\" data-element_type=\"widget\" data-e-type=\"widget\" data-widget_type=\"text-editor.default\">\n\t\t\t\t<div class=\"elementor-widget-container\">\n\t\t\t\t\t\t\t\t\t<p>CLARA I ESPAIOSA<\/p>\t\t\t\t\t\t\t\t<\/div>\n\t\t\t\t<\/div>\n\t\t\t\t<div class=\"elementor-element elementor-element-b453ffd elementor-widget elementor-widget-heading\" data-id=\"b453ffd\" data-element_type=\"widget\" data-e-type=\"widget\" data-widget_type=\"heading.default\">\n\t\t\t\t<div class=\"elementor-widget-container\">\n\t\t\t\t\t<h2 class=\"elementor-heading-title elementor-size-default\">Cuina<\/h2>\t\t\t\t<\/div>\n\t\t\t\t<\/div>\n\t\t\t\t<div class=\"elementor-element elementor-element-0ab6270 elementor-widget elementor-widget-text-editor\" data-id=\"0ab6270\" data-element_type=\"widget\" data-e-type=\"widget\" data-widget_type=\"text-editor.default\">\n\t\t\t\t<div class=\"elementor-widget-container\">\n\t\t\t\t\t\t\t\t\t<div class=\"page\" title=\"Page 19\"><div class=\"layoutArea\"><div class=\"column\"><p>Ens trobem possiblement en una de les cuines m\u00e9s grans de Menorca, sempre referint-nos a la conjunci\u00f3 de mida i \u00e8poca en qu\u00e8 es va construir aquest palau, podent observar la cuina de llenya i la de carb\u00f3. <\/p><\/div><\/div><\/div>\t\t\t\t\t\t\t\t<\/div>\n\t\t\t\t<\/div>\n\t\t\t\t<\/div>\n\t\t<div class=\"elementor-element elementor-element-68c7b44 e-con-full e-flex elementor-invisible e-con e-child\" data-id=\"68c7b44\" data-element_type=\"container\" data-e-type=\"container\" data-settings=\"{&quot;animation&quot;:&quot;fadeInUp&quot;,&quot;animation_delay&quot;:200}\">\n\t\t\t\t<div class=\"elementor-element elementor-element-083c24c elementor-widget elementor-widget-text-editor\" data-id=\"083c24c\" data-element_type=\"widget\" data-e-type=\"widget\" data-widget_type=\"text-editor.default\">\n\t\t\t\t<div class=\"elementor-widget-container\">\n\t\t\t\t\t\t\t\t\t<iframe width=\"100%\" height=\"340\" frameborder=\"0\" allow=\"xr-spatial-tracking; gyroscope; accelerometer\" allowfullscreen=\"\" scrolling=\"no\" src=\"https:\/\/kuula.co\/share\/5LZ3p?logo=1&amp;info=1&amp;fs=1&amp;vr=0&amp;zoom=1&amp;autorotate=0.14&amp;thumbs=1&amp;inst=es\"><\/iframe>\t\t\t\t\t\t\t\t<\/div>\n\t\t\t\t<\/div>\n\t\t\t\t<\/div>\n\t\t\t\t\t<\/div>\n\t\t\t\t<\/div>\n\t\t<div class=\"elementor-element elementor-element-189c82f e-flex e-con-boxed e-con e-parent\" data-id=\"189c82f\" data-element_type=\"container\" data-e-type=\"container\" data-settings=\"{&quot;background_background&quot;:&quot;classic&quot;}\">\n\t\t\t\t\t<div class=\"e-con-inner\">\n\t\t\t\t<div class=\"elementor-element elementor-element-32082d0 elementor-widget elementor-widget-image\" data-id=\"32082d0\" data-element_type=\"widget\" data-e-type=\"widget\" data-widget_type=\"image.default\">\n\t\t\t\t<div class=\"elementor-widget-container\">\n\t\t\t\t\t\t\t\t\t\t\t\t\t\t\t<img decoding=\"async\" width=\"800\" height=\"20\" src=\"https:\/\/palaciosalort.com\/wp-content\/uploads\/2023\/05\/Diseno-sin-titulo-3-1024x26.png\" class=\"attachment-large size-large wp-image-339\" alt=\"\" srcset=\"https:\/\/palaciosalort.com\/wp-content\/uploads\/2023\/05\/Diseno-sin-titulo-3-1024x26.png 1024w, https:\/\/palaciosalort.com\/wp-content\/uploads\/2023\/05\/Diseno-sin-titulo-3-600x15.png 600w, https:\/\/palaciosalort.com\/wp-content\/uploads\/2023\/05\/Diseno-sin-titulo-3-300x8.png 300w, https:\/\/palaciosalort.com\/wp-content\/uploads\/2023\/05\/Diseno-sin-titulo-3-768x19.png 768w, https:\/\/palaciosalort.com\/wp-content\/uploads\/2023\/05\/Diseno-sin-titulo-3-1536x38.png 1536w, https:\/\/palaciosalort.com\/wp-content\/uploads\/2023\/05\/Diseno-sin-titulo-3.png 2000w\" sizes=\"(max-width: 800px) 100vw, 800px\" \/>\t\t\t\t\t\t\t\t\t\t\t\t\t\t\t<\/div>\n\t\t\t\t<\/div>\n\t\t\t\t\t<\/div>\n\t\t\t\t<\/div>\n\t\t<div class=\"elementor-element elementor-element-afc001a e-flex e-con-boxed e-con e-parent\" data-id=\"afc001a\" data-element_type=\"container\" data-e-type=\"container\" data-settings=\"{&quot;background_background&quot;:&quot;classic&quot;}\">\n\t\t\t\t\t<div class=\"e-con-inner\">\n\t\t<div class=\"elementor-element elementor-element-f1b91f5 e-con-full e-flex e-con e-child\" data-id=\"f1b91f5\" data-element_type=\"container\" data-e-type=\"container\">\n\t\t\t\t<div class=\"elementor-element elementor-element-0f34a52 elementor-widget elementor-widget-text-editor\" data-id=\"0f34a52\" data-element_type=\"widget\" data-e-type=\"widget\" data-widget_type=\"text-editor.default\">\n\t\t\t\t<div class=\"elementor-widget-container\">\n\t\t\t\t\t\t\t\t\t<iframe width=\"100%\" height=\"340\" frameborder=\"0\" allow=\"xr-spatial-tracking; gyroscope; accelerometer\" allowfullscreen=\"\" scrolling=\"no\" src=\"https:\/\/kuula.co\/share\/5LZwB?logo=1&amp;info=1&amp;fs=1&amp;vr=0&amp;zoom=1&amp;autorotate=0.14&amp;thumbs=1&amp;inst=es\"><\/iframe>\t\t\t\t\t\t\t\t<\/div>\n\t\t\t\t<\/div>\n\t\t\t\t<\/div>\n\t\t<div class=\"elementor-element elementor-element-3407acc e-con-full e-flex elementor-invisible e-con e-child\" data-id=\"3407acc\" data-element_type=\"container\" data-e-type=\"container\" data-settings=\"{&quot;animation&quot;:&quot;fadeInUp&quot;,&quot;animation_delay&quot;:200}\">\n\t\t\t\t<div class=\"elementor-element elementor-element-754f2ee elementor-widget elementor-widget-text-editor\" data-id=\"754f2ee\" data-element_type=\"widget\" data-e-type=\"widget\" data-widget_type=\"text-editor.default\">\n\t\t\t\t<div class=\"elementor-widget-container\">\n\t\t\t\t\t\t\t\t\t<p>ACOLLIDOR I HIST\u00d2RIC<\/p>\t\t\t\t\t\t\t\t<\/div>\n\t\t\t\t<\/div>\n\t\t\t\t<div class=\"elementor-element elementor-element-a3fc8cc elementor-widget elementor-widget-heading\" data-id=\"a3fc8cc\" data-element_type=\"widget\" data-e-type=\"widget\" data-widget_type=\"heading.default\">\n\t\t\t\t<div class=\"elementor-widget-container\">\n\t\t\t\t\t<h2 class=\"elementor-heading-title elementor-size-default\">Sal\u00f3 de la llar de foc<\/h2>\t\t\t\t<\/div>\n\t\t\t\t<\/div>\n\t\t\t\t<div class=\"elementor-element elementor-element-b8c9a1f elementor-widget elementor-widget-text-editor\" data-id=\"b8c9a1f\" data-element_type=\"widget\" data-e-type=\"widget\" data-widget_type=\"text-editor.default\">\n\t\t\t\t<div class=\"elementor-widget-container\">\n\t\t\t\t\t\t\t\t\t<div class=\"page\" title=\"Page 11\">\n<div class=\"layoutArea\">\n<div class=\"column\">\n<p>Aquest sal\u00f3 est\u00e0 dedicat als retrats; podem observar des d\u2019antecessors de l\u2019actual fam\u00edlia propiet\u00e0ria del palau \u2014entre ells un retrat de Don Pedro Martorell i d\u2019Olives, qui va encarregar la construcci\u00f3 de l\u2019actual palau\u2014 fins a un petit retrat de l\u2019Almirall Farragut, persona molt relacionada amb l\u2019illa de Menorca. Cap al fons a la dreta tamb\u00e9 podem veure una fotografia de l\u2019actual propietari del palau, Don Carlos de Salort Sintes, Comte de Torre Saura.<\/p>\n<p>El quadre del sostre representa la Vict\u00f2ria; les cadires i el canap\u00e8, de fusta de caoba, s\u00f3n d\u2019estil isabel\u00ed i tapissats en damasc vermell.<\/p>\n<\/div>\n<\/div>\n<\/div>\t\t\t\t\t\t\t\t<\/div>\n\t\t\t\t<\/div>\n\t\t\t\t<\/div>\n\t\t\t\t\t<\/div>\n\t\t\t\t<\/div>\n\t\t<div class=\"elementor-element elementor-element-1bb3fa2 e-flex e-con-boxed e-con e-parent\" data-id=\"1bb3fa2\" data-element_type=\"container\" data-e-type=\"container\" data-settings=\"{&quot;background_background&quot;:&quot;classic&quot;}\">\n\t\t\t\t\t<div class=\"e-con-inner\">\n\t\t<div class=\"elementor-element elementor-element-5b3d314 e-con-full e-flex elementor-invisible e-con e-child\" data-id=\"5b3d314\" data-element_type=\"container\" data-e-type=\"container\" data-settings=\"{&quot;animation&quot;:&quot;fadeInUp&quot;,&quot;animation_delay&quot;:200}\">\n\t\t\t\t<div class=\"elementor-element elementor-element-10b408a elementor-widget elementor-widget-text-editor\" data-id=\"10b408a\" data-element_type=\"widget\" data-e-type=\"widget\" data-widget_type=\"text-editor.default\">\n\t\t\t\t<div class=\"elementor-widget-container\">\n\t\t\t\t\t\t\t\t\t<p>DE GRAN VALOR<\/p>\t\t\t\t\t\t\t\t<\/div>\n\t\t\t\t<\/div>\n\t\t\t\t<div class=\"elementor-element elementor-element-16fe12b elementor-widget elementor-widget-heading\" data-id=\"16fe12b\" data-element_type=\"widget\" data-e-type=\"widget\" data-widget_type=\"heading.default\">\n\t\t\t\t<div class=\"elementor-widget-container\">\n\t\t\t\t\t<h2 class=\"elementor-heading-title elementor-size-default\">Cer\u00e0micas<\/h2>\t\t\t\t<\/div>\n\t\t\t\t<\/div>\n\t\t\t\t<div class=\"elementor-element elementor-element-733338e elementor-widget elementor-widget-text-editor\" data-id=\"733338e\" data-element_type=\"widget\" data-e-type=\"widget\" data-widget_type=\"text-editor.default\">\n\t\t\t\t<div class=\"elementor-widget-container\">\n\t\t\t\t\t\t\t\t\t<p>Hi trobem diferents utensilis com balances, molinets de caf\u00e8, xocolateres i una pasta m\u00e9s cap al fons, que, com el seu nom indica, t\u00e9 la funci\u00f3 de pastar o amassar pa i els seus diferents motlles.<\/p><p>La cuina est\u00e0 bellament decorada amb bonics rajols.<\/p>\t\t\t\t\t\t\t\t<\/div>\n\t\t\t\t<\/div>\n\t\t\t\t<\/div>\n\t\t<div class=\"elementor-element elementor-element-5016fa6 e-con-full e-flex e-con e-child\" data-id=\"5016fa6\" data-element_type=\"container\" data-e-type=\"container\">\n\t\t\t\t<div class=\"elementor-element elementor-element-7be5ceb elementor-invisible elementor-widget elementor-widget-image\" data-id=\"7be5ceb\" data-element_type=\"widget\" data-e-type=\"widget\" data-settings=\"{&quot;_animation&quot;:&quot;fadeInUp&quot;}\" data-widget_type=\"image.default\">\n\t\t\t\t<div class=\"elementor-widget-container\">\n\t\t\t\t\t\t\t\t\t\t\t\t\t\t\t<img fetchpriority=\"high\" decoding=\"async\" width=\"600\" height=\"400\" src=\"https:\/\/palaciosalort.com\/wp-content\/uploads\/2023\/05\/S-19000.webp\" class=\"attachment-large size-large wp-image-322\" alt=\"\" srcset=\"https:\/\/palaciosalort.com\/wp-content\/uploads\/2023\/05\/S-19000.webp 600w, https:\/\/palaciosalort.com\/wp-content\/uploads\/2023\/05\/S-19000-300x200.webp 300w\" sizes=\"(max-width: 600px) 100vw, 600px\" \/>\t\t\t\t\t\t\t\t\t\t\t\t\t\t\t<\/div>\n\t\t\t\t<\/div>\n\t\t\t\t<\/div>\n\t\t\t\t\t<\/div>\n\t\t\t\t<\/div>\n\t\t<div class=\"elementor-element elementor-element-47f3b50 e-flex e-con-boxed e-con e-parent\" data-id=\"47f3b50\" data-element_type=\"container\" data-e-type=\"container\" data-settings=\"{&quot;background_background&quot;:&quot;classic&quot;}\">\n\t\t\t\t\t<div class=\"e-con-inner\">\n\t\t\t\t\t<\/div>\n\t\t\t\t<\/div>\n\t\t<div class=\"elementor-element elementor-element-4861623 e-flex e-con-boxed e-con e-parent\" data-id=\"4861623\" data-element_type=\"container\" data-e-type=\"container\" data-settings=\"{&quot;background_background&quot;:&quot;classic&quot;}\">\n\t\t\t\t\t<div class=\"e-con-inner\">\n\t\t<div class=\"elementor-element elementor-element-b9b939f e-flex e-con-boxed e-con e-child\" data-id=\"b9b939f\" data-element_type=\"container\" data-e-type=\"container\">\n\t\t\t\t\t<div class=\"e-con-inner\">\n\t\t\t\t<div class=\"elementor-element elementor-element-e17e5e2 elementor-widget elementor-widget-heading\" data-id=\"e17e5e2\" data-element_type=\"widget\" data-e-type=\"widget\" data-widget_type=\"heading.default\">\n\t\t\t\t<div class=\"elementor-widget-container\">\n\t\t\t\t\t<h2 class=\"elementor-heading-title elementor-size-default\">Viatja entre els diferents detalls del segle XVIII.<\/h2>\t\t\t\t<\/div>\n\t\t\t\t<\/div>\n\t\t\t\t\t<\/div>\n\t\t\t\t<\/div>\n\t\t\t\t\t<\/div>\n\t\t\t\t<\/div>\n\t\t\t\t<\/div>\n\t\t","protected":false},"excerpt":{"rendered":"<p>Interiors ESPAI\u00d3S I LLUMIN\u00d3S Sal\u00f3 dels miralls o sal\u00f3 franc\u00e8s Aquesta sala, que comunica amb la galeria que dona a la pla\u00e7a del Born, deu el seu nom a les dotze cornuc\u00f2pies Llu\u00eds XVI. Observem que cadascuna t\u00e9 al davant una parella d\u2019espelmes, la funci\u00f3 de les quals no \u00e9s altra que reflectir la seva [&hellip;]<\/p>\n","protected":false},"author":1,"featured_media":0,"parent":0,"menu_order":0,"comment_status":"closed","ping_status":"closed","template":"","meta":{"footnotes":""},"class_list":["post-3811","page","type-page","status-publish","hentry"],"yoast_head":"<!-- This site is optimized with the Yoast SEO plugin v27.2 - https:\/\/yoast.com\/product\/yoast-seo-wordpress\/ -->\n<title>Interiors - Palau Salort<\/title>\n<meta name=\"robots\" content=\"index, follow, max-snippet:-1, max-image-preview:large, max-video-preview:-1\" \/>\n<link rel=\"canonical\" href=\"https:\/\/palaciosalort.com\/ca\/interiors\/\" \/>\n<meta property=\"og:locale\" content=\"ca_ES\" \/>\n<meta property=\"og:type\" content=\"article\" \/>\n<meta property=\"og:title\" content=\"Interiors - Palau Salort\" \/>\n<meta property=\"og:description\" content=\"Interiors ESPAI\u00d3S I LLUMIN\u00d3S Sal\u00f3 dels miralls o sal\u00f3 franc\u00e8s Aquesta sala, que comunica amb la galeria que dona a la pla\u00e7a del Born, deu el seu nom a les dotze cornuc\u00f2pies Llu\u00eds XVI. Observem que cadascuna t\u00e9 al davant una parella d\u2019espelmes, la funci\u00f3 de les quals no \u00e9s altra que reflectir la seva [&hellip;]\" \/>\n<meta property=\"og:url\" content=\"https:\/\/palaciosalort.com\/ca\/interiors\/\" \/>\n<meta property=\"og:site_name\" content=\"Palau Salort\" \/>\n<meta property=\"article:modified_time\" content=\"2026-03-06T09:18:49+00:00\" \/>\n<meta property=\"og:image\" content=\"https:\/\/palaciosalort.com\/wp-content\/uploads\/2023\/05\/Diseno-sin-titulo-3.png\" \/>\n\t<meta property=\"og:image:width\" content=\"2000\" \/>\n\t<meta property=\"og:image:height\" content=\"50\" \/>\n\t<meta property=\"og:image:type\" content=\"image\/png\" \/>\n<meta name=\"twitter:card\" content=\"summary_large_image\" \/>\n<meta name=\"twitter:label1\" content=\"Temps estimat de lectura\" \/>\n\t<meta name=\"twitter:data1\" content=\"2 minuts\" \/>\n<script type=\"application\/ld+json\" class=\"yoast-schema-graph\">{\"@context\":\"https:\/\/schema.org\",\"@graph\":[{\"@type\":\"WebPage\",\"@id\":\"https:\/\/palaciosalort.com\/ca\/interiors\/\",\"url\":\"https:\/\/palaciosalort.com\/ca\/interiors\/\",\"name\":\"Interiors - Palau Salort\",\"isPartOf\":{\"@id\":\"https:\/\/palaciosalort.com\/#website\"},\"primaryImageOfPage\":{\"@id\":\"https:\/\/palaciosalort.com\/ca\/interiors\/#primaryimage\"},\"image\":{\"@id\":\"https:\/\/palaciosalort.com\/ca\/interiors\/#primaryimage\"},\"thumbnailUrl\":\"https:\/\/palaciosalort.com\/wp-content\/uploads\/2023\/05\/Diseno-sin-titulo-3-1024x26.png\",\"datePublished\":\"2023-05-05T08:56:01+00:00\",\"dateModified\":\"2026-03-06T09:18:49+00:00\",\"breadcrumb\":{\"@id\":\"https:\/\/palaciosalort.com\/ca\/interiors\/#breadcrumb\"},\"inLanguage\":\"ca\",\"potentialAction\":[{\"@type\":\"ReadAction\",\"target\":[\"https:\/\/palaciosalort.com\/ca\/interiors\/\"]}]},{\"@type\":\"ImageObject\",\"inLanguage\":\"ca\",\"@id\":\"https:\/\/palaciosalort.com\/ca\/interiors\/#primaryimage\",\"url\":\"https:\/\/palaciosalort.com\/wp-content\/uploads\/2023\/05\/Diseno-sin-titulo-3-1024x26.png\",\"contentUrl\":\"https:\/\/palaciosalort.com\/wp-content\/uploads\/2023\/05\/Diseno-sin-titulo-3-1024x26.png\"},{\"@type\":\"BreadcrumbList\",\"@id\":\"https:\/\/palaciosalort.com\/ca\/interiors\/#breadcrumb\",\"itemListElement\":[{\"@type\":\"ListItem\",\"position\":1,\"name\":\"Portada\",\"item\":\"https:\/\/palaciosalort.com\/\"},{\"@type\":\"ListItem\",\"position\":2,\"name\":\"Interiors\"}]},{\"@type\":\"WebSite\",\"@id\":\"https:\/\/palaciosalort.com\/#website\",\"url\":\"https:\/\/palaciosalort.com\/\",\"name\":\"Palacio Salort\",\"description\":\"Disfruta de una gran experi\u00e9ncia en el Palau Salort\",\"potentialAction\":[{\"@type\":\"SearchAction\",\"target\":{\"@type\":\"EntryPoint\",\"urlTemplate\":\"https:\/\/palaciosalort.com\/?s={search_term_string}\"},\"query-input\":{\"@type\":\"PropertyValueSpecification\",\"valueRequired\":true,\"valueName\":\"search_term_string\"}}],\"inLanguage\":\"ca\"}]}<\/script>\n<!-- \/ Yoast SEO plugin. -->","yoast_head_json":{"title":"Interiors - Palau Salort","robots":{"index":"index","follow":"follow","max-snippet":"max-snippet:-1","max-image-preview":"max-image-preview:large","max-video-preview":"max-video-preview:-1"},"canonical":"https:\/\/palaciosalort.com\/ca\/interiors\/","og_locale":"ca_ES","og_type":"article","og_title":"Interiors - Palau Salort","og_description":"Interiors ESPAI\u00d3S I LLUMIN\u00d3S Sal\u00f3 dels miralls o sal\u00f3 franc\u00e8s Aquesta sala, que comunica amb la galeria que dona a la pla\u00e7a del Born, deu el seu nom a les dotze cornuc\u00f2pies Llu\u00eds XVI. Observem que cadascuna t\u00e9 al davant una parella d\u2019espelmes, la funci\u00f3 de les quals no \u00e9s altra que reflectir la seva [&hellip;]","og_url":"https:\/\/palaciosalort.com\/ca\/interiors\/","og_site_name":"Palau Salort","article_modified_time":"2026-03-06T09:18:49+00:00","og_image":[{"width":2000,"height":50,"url":"https:\/\/palaciosalort.com\/wp-content\/uploads\/2023\/05\/Diseno-sin-titulo-3.png","type":"image\/png"}],"twitter_card":"summary_large_image","twitter_misc":{"Temps estimat de lectura":"2 minuts"},"schema":{"@context":"https:\/\/schema.org","@graph":[{"@type":"WebPage","@id":"https:\/\/palaciosalort.com\/ca\/interiors\/","url":"https:\/\/palaciosalort.com\/ca\/interiors\/","name":"Interiors - Palau Salort","isPartOf":{"@id":"https:\/\/palaciosalort.com\/#website"},"primaryImageOfPage":{"@id":"https:\/\/palaciosalort.com\/ca\/interiors\/#primaryimage"},"image":{"@id":"https:\/\/palaciosalort.com\/ca\/interiors\/#primaryimage"},"thumbnailUrl":"https:\/\/palaciosalort.com\/wp-content\/uploads\/2023\/05\/Diseno-sin-titulo-3-1024x26.png","datePublished":"2023-05-05T08:56:01+00:00","dateModified":"2026-03-06T09:18:49+00:00","breadcrumb":{"@id":"https:\/\/palaciosalort.com\/ca\/interiors\/#breadcrumb"},"inLanguage":"ca","potentialAction":[{"@type":"ReadAction","target":["https:\/\/palaciosalort.com\/ca\/interiors\/"]}]},{"@type":"ImageObject","inLanguage":"ca","@id":"https:\/\/palaciosalort.com\/ca\/interiors\/#primaryimage","url":"https:\/\/palaciosalort.com\/wp-content\/uploads\/2023\/05\/Diseno-sin-titulo-3-1024x26.png","contentUrl":"https:\/\/palaciosalort.com\/wp-content\/uploads\/2023\/05\/Diseno-sin-titulo-3-1024x26.png"},{"@type":"BreadcrumbList","@id":"https:\/\/palaciosalort.com\/ca\/interiors\/#breadcrumb","itemListElement":[{"@type":"ListItem","position":1,"name":"Portada","item":"https:\/\/palaciosalort.com\/"},{"@type":"ListItem","position":2,"name":"Interiors"}]},{"@type":"WebSite","@id":"https:\/\/palaciosalort.com\/#website","url":"https:\/\/palaciosalort.com\/","name":"Palacio Salort","description":"Disfruta de una gran experi\u00e9ncia en el Palau Salort","potentialAction":[{"@type":"SearchAction","target":{"@type":"EntryPoint","urlTemplate":"https:\/\/palaciosalort.com\/?s={search_term_string}"},"query-input":{"@type":"PropertyValueSpecification","valueRequired":true,"valueName":"search_term_string"}}],"inLanguage":"ca"}]}},"_links":{"self":[{"href":"https:\/\/palaciosalort.com\/ca\/wp-json\/wp\/v2\/pages\/3811","targetHints":{"allow":["GET"]}}],"collection":[{"href":"https:\/\/palaciosalort.com\/ca\/wp-json\/wp\/v2\/pages"}],"about":[{"href":"https:\/\/palaciosalort.com\/ca\/wp-json\/wp\/v2\/types\/page"}],"author":[{"embeddable":true,"href":"https:\/\/palaciosalort.com\/ca\/wp-json\/wp\/v2\/users\/1"}],"replies":[{"embeddable":true,"href":"https:\/\/palaciosalort.com\/ca\/wp-json\/wp\/v2\/comments?post=3811"}],"version-history":[{"count":1,"href":"https:\/\/palaciosalort.com\/ca\/wp-json\/wp\/v2\/pages\/3811\/revisions"}],"predecessor-version":[{"id":3812,"href":"https:\/\/palaciosalort.com\/ca\/wp-json\/wp\/v2\/pages\/3811\/revisions\/3812"}],"wp:attachment":[{"href":"https:\/\/palaciosalort.com\/ca\/wp-json\/wp\/v2\/media?parent=3811"}],"curies":[{"name":"wp","href":"https:\/\/api.w.org\/{rel}","templated":true}]}}